{"id":292,"date":"2016-11-07T13:56:52","date_gmt":"2016-11-07T12:56:52","guid":{"rendered":"http:\/\/www.tareno.ch\/de\/?page_id=292"},"modified":"2026-01-21T17:42:01","modified_gmt":"2026-01-21T16:42:01","slug":"ueber-uns","status":"publish","type":"page","link":"https:\/\/www.tareno.lu\/de\/ueber-uns\/","title":{"rendered":"\u00dcber uns"},"content":{"rendered":"<p>[vc_row][vc_column][vc_column_text]<\/p>\n<h1>\u00dcBER UNS<\/h1>\n<h2>YOU LIVE. WE CARE<\/h2>\n<p>[\/vc_column_text][\/vc_column][\/vc_row][vc_row][vc_column][vc_column_text]Tareno (Luxembourg) S.A. wurde im Jahr 2005 als Tochtergesellschaft der Tareno AG Basel gegr\u00fcndet.<\/p>\n<p>Unsere B\u00fcros befinden sich im Zentrum der Stadt Luxemburg.<\/p>\n<p><strong>WARNUNG: Bitte beachten Sie, dass wir niemals Einzelpersonen telefonisch oder per E-mail anwerben.<\/strong><\/p>\n<p>Als partnerschaftliche Verm\u00f6gensverwaltung k\u00f6nnen wir auf ein Team von Finanzexperten mit langj\u00e4hriger Erfahrung im Bereich der Finanzm\u00e4rkte zur\u00fcckgreifen.<\/p>\n<p>Im Jahr 2006 haben wir unsere ersten beiden Fonds, Enhanced Investing Equities (EII Equities) und Bonds\/Return (EII Bonds\/Return) lanciert. Sp\u00e4ter erweiterten wir unser Angebot mit dem Value Opportunitiy Equities Fund (VOE) und dem Diversified Index Investing Fund (DII).<\/p>\n<p>&nbsp;<\/p>\n<h3>Warum Tareno (Luxembourg) S.A.?<\/h3>\n<p>Als bankenunabh\u00e4ngige Verm\u00f6gensverwaltung k\u00f6nnen wir Ihre Interessen objektiv, professionell und individuell wahrnehmen.[\/vc_column_text][\/vc_column][\/vc_row]<\/p>\n","protected":false},"excerpt":{"rendered":"<p>[vc_row][vc_column][vc_column_text] \u00dcBER UNS YOU LIVE. WE CARE [\/vc_column_text][\/vc_column][\/vc_row][vc_row][vc_column][vc_column_text]Tareno (Luxembourg) S.A. wurde im Jahr 2005 als Tochtergesellschaft der Tareno AG Basel gegr\u00fcndet. Unsere B\u00fcros befinden sich im Zentrum der Stadt Luxemburg. WARNUNG: Bitte beachten Sie, dass wir niemals Einzelpersonen telefonisch oder per E-mail anwerben. Als partnerschaftliche Verm\u00f6gensverwaltung k\u00f6nnen wir auf ein Team von Finanzexperten mit langj\u00e4hriger<br \/><a class=\"moretag\" href=\"https:\/\/www.tareno.lu\/de\/ueber-uns\/\"> weiterlesen <span class=\"glyphicon glyphicon-menu-right\"><\/span><\/a><\/p>\n","protected":false},"author":3,"featured_media":0,"parent":0,"menu_order":64,"comment_status":"closed","ping_status":"closed","template":"sidebar.php","meta":{"footnotes":""},"class_list":["post-292","page","type-page","status-publish","hentry"],"yoast_head":"<!-- This site is optimized with the Yoast SEO plugin v27.1.1 - https:\/\/yoast.com\/product\/yoast-seo-wordpress\/ -->\n<title>Tareno S.A. | Wir sind eine unabh\u00e4ngige Verm\u00f6gensverwaltung<\/title>\n<meta name=\"description\" content=\"Tareno (Luxembourg) SA., Internationale Asset Managers, 3 rue de la Poste L-2346 Luxembourg\" \/>\n<meta name=\"robots\" content=\"index, follow, max-snippet:-1, max-image-preview:large, max-video-preview:-1\" \/>\n<link rel=\"canonical\" href=\"https:\/\/www.tareno.lu\/de\/ueber-uns\/\" \/>\n<meta property=\"og:locale\" content=\"de_DE\" \/>\n<meta property=\"og:type\" content=\"article\" \/>\n<meta property=\"og:title\" content=\"Tareno S.A. | Wir sind eine unabh\u00e4ngige Verm\u00f6gensverwaltung\" \/>\n<meta property=\"og:description\" content=\"Tareno (Luxembourg) SA., Internationale Asset Managers, 3 rue de la Poste L-2346 Luxembourg\" \/>\n<meta property=\"og:url\" content=\"https:\/\/www.tareno.lu\/de\/ueber-uns\/\" \/>\n<meta property=\"og:site_name\" content=\"Tareno (Luxembourg) S.A.\" \/>\n<meta property=\"article:modified_time\" content=\"2026-01-21T16:42:01+00:00\" \/>\n<meta name=\"twitter:card\" content=\"summary_large_image\" \/>\n<meta name=\"twitter:label1\" content=\"Gesch\u00e4tzte Lesezeit\" \/>\n\t<meta name=\"twitter:data1\" content=\"1\u00a0Minute\" \/>\n<script type=\"application\/ld+json\" class=\"yoast-schema-graph\">{\"@context\":\"https:\/\/schema.org\",\"@graph\":[{\"@type\":\"WebPage\",\"@id\":\"https:\/\/www.tareno.lu\/de\/ueber-uns\/\",\"url\":\"https:\/\/www.tareno.lu\/de\/ueber-uns\/\",\"name\":\"Tareno S.A. | Wir sind eine unabh\u00e4ngige Verm\u00f6gensverwaltung\",\"isPartOf\":{\"@id\":\"https:\/\/www.tareno.lu\/#website\"},\"datePublished\":\"2016-11-07T12:56:52+00:00\",\"dateModified\":\"2026-01-21T16:42:01+00:00\",\"description\":\"Tareno (Luxembourg) SA., Internationale Asset Managers, 3 rue de la Poste L-2346 Luxembourg\",\"breadcrumb\":{\"@id\":\"https:\/\/www.tareno.lu\/de\/ueber-uns\/#breadcrumb\"},\"inLanguage\":\"de\",\"potentialAction\":[{\"@type\":\"ReadAction\",\"target\":[\"https:\/\/www.tareno.lu\/de\/ueber-uns\/\"]}]},{\"@type\":\"BreadcrumbList\",\"@id\":\"https:\/\/www.tareno.lu\/de\/ueber-uns\/#breadcrumb\",\"itemListElement\":[{\"@type\":\"ListItem\",\"position\":1,\"name\":\"Startseite\",\"item\":\"https:\/\/www.tareno.lu\/de\/\"},{\"@type\":\"ListItem\",\"position\":2,\"name\":\"\u00dcber uns\"}]},{\"@type\":\"WebSite\",\"@id\":\"https:\/\/www.tareno.lu\/#website\",\"url\":\"https:\/\/www.tareno.lu\/\",\"name\":\"Tareno (Luxembourg) S.A.\",\"description\":\"International Asset Managers\",\"potentialAction\":[{\"@type\":\"SearchAction\",\"target\":{\"@type\":\"EntryPoint\",\"urlTemplate\":\"https:\/\/www.tareno.lu\/?s={search_term_string}\"},\"query-input\":{\"@type\":\"PropertyValueSpecification\",\"valueRequired\":true,\"valueName\":\"search_term_string\"}}],\"inLanguage\":\"de\"}]}<\/script>\n<!-- \/ Yoast SEO plugin. -->","yoast_head_json":{"title":"Tareno S.A. | Wir sind eine unabh\u00e4ngige Verm\u00f6gensverwaltung","description":"Tareno (Luxembourg) SA., Internationale Asset Managers, 3 rue de la Poste L-2346 Luxembourg","robots":{"index":"index","follow":"follow","max-snippet":"max-snippet:-1","max-image-preview":"max-image-preview:large","max-video-preview":"max-video-preview:-1"},"canonical":"https:\/\/www.tareno.lu\/de\/ueber-uns\/","og_locale":"de_DE","og_type":"article","og_title":"Tareno S.A. | Wir sind eine unabh\u00e4ngige Verm\u00f6gensverwaltung","og_description":"Tareno (Luxembourg) SA., Internationale Asset Managers, 3 rue de la Poste L-2346 Luxembourg","og_url":"https:\/\/www.tareno.lu\/de\/ueber-uns\/","og_site_name":"Tareno (Luxembourg) S.A.","article_modified_time":"2026-01-21T16:42:01+00:00","twitter_card":"summary_large_image","twitter_misc":{"Gesch\u00e4tzte Lesezeit":"1\u00a0Minute"},"schema":{"@context":"https:\/\/schema.org","@graph":[{"@type":"WebPage","@id":"https:\/\/www.tareno.lu\/de\/ueber-uns\/","url":"https:\/\/www.tareno.lu\/de\/ueber-uns\/","name":"Tareno S.A. | Wir sind eine unabh\u00e4ngige Verm\u00f6gensverwaltung","isPartOf":{"@id":"https:\/\/www.tareno.lu\/#website"},"datePublished":"2016-11-07T12:56:52+00:00","dateModified":"2026-01-21T16:42:01+00:00","description":"Tareno (Luxembourg) SA., Internationale Asset Managers, 3 rue de la Poste L-2346 Luxembourg","breadcrumb":{"@id":"https:\/\/www.tareno.lu\/de\/ueber-uns\/#breadcrumb"},"inLanguage":"de","potentialAction":[{"@type":"ReadAction","target":["https:\/\/www.tareno.lu\/de\/ueber-uns\/"]}]},{"@type":"BreadcrumbList","@id":"https:\/\/www.tareno.lu\/de\/ueber-uns\/#breadcrumb","itemListElement":[{"@type":"ListItem","position":1,"name":"Startseite","item":"https:\/\/www.tareno.lu\/de\/"},{"@type":"ListItem","position":2,"name":"\u00dcber uns"}]},{"@type":"WebSite","@id":"https:\/\/www.tareno.lu\/#website","url":"https:\/\/www.tareno.lu\/","name":"Tareno (Luxembourg) S.A.","description":"International Asset Managers","potentialAction":[{"@type":"SearchAction","target":{"@type":"EntryPoint","urlTemplate":"https:\/\/www.tareno.lu\/?s={search_term_string}"},"query-input":{"@type":"PropertyValueSpecification","valueRequired":true,"valueName":"search_term_string"}}],"inLanguage":"de"}]}},"_links":{"self":[{"href":"https:\/\/www.tareno.lu\/de\/wp-json\/wp\/v2\/pages\/292","targetHints":{"allow":["GET"]}}],"collection":[{"href":"https:\/\/www.tareno.lu\/de\/wp-json\/wp\/v2\/pages"}],"about":[{"href":"https:\/\/www.tareno.lu\/de\/wp-json\/wp\/v2\/types\/page"}],"author":[{"embeddable":true,"href":"https:\/\/www.tareno.lu\/de\/wp-json\/wp\/v2\/users\/3"}],"replies":[{"embeddable":true,"href":"https:\/\/www.tareno.lu\/de\/wp-json\/wp\/v2\/comments?post=292"}],"version-history":[{"count":50,"href":"https:\/\/www.tareno.lu\/de\/wp-json\/wp\/v2\/pages\/292\/revisions"}],"predecessor-version":[{"id":8580,"href":"https:\/\/www.tareno.lu\/de\/wp-json\/wp\/v2\/pages\/292\/revisions\/8580"}],"wp:attachment":[{"href":"https:\/\/www.tareno.lu\/de\/wp-json\/wp\/v2\/media?parent=292"}],"curies":[{"name":"wp","href":"https:\/\/api.w.org\/{rel}","templated":true}]}}