{"id":3460,"date":"2018-06-05T11:47:00","date_gmt":"2018-06-05T09:47:00","guid":{"rendered":"http:\/\/www.tareno.ch\/?page_id=3460"},"modified":"2026-01-21T18:48:03","modified_gmt":"2026-01-21T17:48:03","slug":"home-2-2","status":"publish","type":"page","link":"https:\/\/www.tareno.lu\/de\/","title":{"rendered":"TARENO (Luxembourg) S.A"},"content":{"rendered":"<p>[vc_row][vc_column width=&#8220;1\/2&#8243;]\n\t\t\t<!-- START Start Privatkunden REVOLUTION SLIDER 6.5.2 --><p class=\"rs-p-wp-fix\"><\/p>\n\t\t\t<rs-module-wrap id=\"rev_slider_26_1_wrapper\" data-source=\"gallery\" style=\"visibility:hidden;background:rgba(201,205,213,0.7);padding:0;margin:0px auto;margin-top:0;margin-bottom:0;max-width:;\">\n\t\t\t\t<rs-module id=\"rev_slider_26_1\" class=\" rs-ov-hidden\" style=\"\" data-version=\"6.5.2\">\n\t\t\t\t\t<rs-slides>\n\t\t\t\t\t\t<rs-slide data-key=\"rs-277\" data-title=\"leer\" data-duration=\"11000\" data-anim=\"ms:1200;\" data-in=\"o:0;\" data-out=\"a:false;\">\n\t\t\t\t\t\t\t<img decoding=\"async\" src=\"\/\/www.tareno.lu\/wp-content\/plugins\/revslider\/public\/assets\/assets\/dummy.png\" alt=\"leer\" title=\"TARENO (Luxembourg) S.A\" class=\"rev-slidebg tp-rs-img rs-lazyload\" data-lazyload=\"\/\/www.tareno.lu\/wp-content\/plugins\/revslider\/public\/assets\/assets\/transparent.png\" data-no-retina>\n<!--\n\t\t\t\t\t\t\t--><rs-layer\n\t\t\t\t\t\t\t\tid=\"slider-26-slide-277-layer-0\" \n\t\t\t\t\t\t\t\tdata-type=\"text\"\n\t\t\t\t\t\t\t\tdata-color=\"#000000\"\n\t\t\t\t\t\t\t\tdata-rsp_ch=\"on\"\n\t\t\t\t\t\t\t\tdata-xy=\"x:22px;y:526px;\"\n\t\t\t\t\t\t\t\tdata-text=\"w:normal;s:30;l:40;ls:0px;fw:500;\"\n\t\t\t\t\t\t\t\tdata-frame_999=\"o:0;st:w;\"\n\t\t\t\t\t\t\t\tstyle=\"z-index:6;font-family:Roboto;\"\n\t\t\t\t\t\t\t><br \/>\nACHTUNG, BETRUGSRISIKO :<br \/>\nEs finden derzeit Kontaktaufnahmen durch Personen statt, die unter missbr\u00e4uchlicher<br \/>\nVerwendung des Namens, Logos und Adresse von TARENO (Luxembourg) S.A. vorgeben,<br \/>\nf\u00fcr die Gesellschaft zu arbeiten, um betr\u00fcgerische Anlageprodukte anzubieten.<br \/>\nBitte beachten Sie, dass wir niemals Einzelpersonen telefonisch oder per Email anwerben.<br \/>\nIm Zweifelsfall wenden Sie sich direkt an die Gesellschaft an ihrem Sitz in Luxembourg,<br \/>\num die Echtheit Ihres Gespr\u00e4chspartners zu \u00fcberpr\u00fcfen. \n\t\t\t\t\t\t\t<\/rs-layer><!--\n\n\t\t\t\t\t\t\t--><rs-layer\n\t\t\t\t\t\t\t\tid=\"slider-26-slide-277-layer-1\" \n\t\t\t\t\t\t\t\tdata-type=\"text\"\n\t\t\t\t\t\t\t\tdata-color=\"#ffffff\"\n\t\t\t\t\t\t\t\tdata-xy=\"x:c;y:c;\"\n\t\t\t\t\t\t\t\tdata-text=\"l:22;a:inherit;\"\n\t\t\t\t\t\t\t\tdata-rsp_o=\"off\"\n\t\t\t\t\t\t\t\tdata-rsp_bd=\"off\"\n\t\t\t\t\t\t\t\tdata-frame_1=\"sR:10;\"\n\t\t\t\t\t\t\t\tdata-frame_999=\"o:0;st:w;sp:10;sR:10690;\"\n\t\t\t\t\t\t\t\tstyle=\"z-index:5;font-family:Open Sans;\"\n\t\t\t\t\t\t\t><center>\n\t<a class=\"vc_general vc_btn3 vc_btn3-size-lg vc_btn3-shape-square vc_btn3-style-tareno-btn vc_btn3-block vc_btn3-color-black\" href=\"\/de\/ueber-uns\/\" title=\"\">\u00dcber uns<\/a><\/center> \n\t\t\t\t\t\t\t<\/rs-layer><!--\n-->\t\t\t\t\t\t<\/rs-slide>\n\t\t\t\t\t\t<rs-slide data-key=\"rs-2771\" data-title=\"leer\" data-duration=\"11000\" data-anim=\"ms:1200;\" data-in=\"o:0;\" data-out=\"a:false;\">\n\t\t\t\t\t\t\t<img decoding=\"async\" src=\"\/\/www.tareno.lu\/wp-content\/plugins\/revslider\/public\/assets\/assets\/dummy.png\" title=\"TARENO (Luxembourg) S.A\" class=\"rev-slidebg tp-rs-img rs-lazyload\" data-lazyload=\"\/\/www.tareno.lu\/wp-content\/plugins\/revslider\/public\/assets\/assets\/transparent.png\" data-no-retina>\n<!--\n\t\t\t\t\t\t\t--><rs-layer\n\t\t\t\t\t\t\t\tid=\"slider-26-slide-2771-layer-0\" \n\t\t\t\t\t\t\t\tdata-type=\"text\"\n\t\t\t\t\t\t\t\tdata-color=\"#000000\"\n\t\t\t\t\t\t\t\tdata-rsp_ch=\"on\"\n\t\t\t\t\t\t\t\tdata-xy=\"x:22px;y:526px;\"\n\t\t\t\t\t\t\t\tdata-text=\"w:normal;s:30;l:40;ls:0px;fw:500;\"\n\t\t\t\t\t\t\t\tdata-frame_999=\"o:0;st:w;\"\n\t\t\t\t\t\t\t\tstyle=\"z-index:6;font-family:Roboto;\"\n\t\t\t\t\t\t\t><br \/>\nACHTUNG, BETRUGSRISIKO :<br \/>\nEs finden derzeit Kontaktaufnahmen durch Personen statt, die unter missbr\u00e4uchlicher<br \/>\nVerwendung des Namens, Logos und Adresse von TARENO (Luxembourg) S.A. vorgeben,<br \/>\nf\u00fcr die Gesellschaft zu arbeiten, um betr\u00fcgerische Anlageprodukte anzubieten.<br \/>\nBitte beachten Sie, dass wir niemals Einzelpersonen telefonisch oder per Email anwerben.<br \/>\nIm Zweifelsfall wenden Sie sich direkt an die Gesellschaft an ihrem Sitz in Luxembourg,<br \/>\num die Echtheit Ihres Gespr\u00e4chspartners zu \u00fcberpr\u00fcfen. \n\t\t\t\t\t\t\t<\/rs-layer><!--\n\n\t\t\t\t\t\t\t--><rs-layer\n\t\t\t\t\t\t\t\tid=\"slider-26-slide-2771-layer-1\" \n\t\t\t\t\t\t\t\tdata-type=\"text\"\n\t\t\t\t\t\t\t\tdata-color=\"#ffffff\"\n\t\t\t\t\t\t\t\tdata-xy=\"x:c;y:c;\"\n\t\t\t\t\t\t\t\tdata-text=\"l:22;a:inherit;\"\n\t\t\t\t\t\t\t\tdata-rsp_o=\"off\"\n\t\t\t\t\t\t\t\tdata-rsp_bd=\"off\"\n\t\t\t\t\t\t\t\tdata-frame_1=\"sR:10;\"\n\t\t\t\t\t\t\t\tdata-frame_999=\"o:0;st:w;sp:10;sR:10690;\"\n\t\t\t\t\t\t\t\tstyle=\"z-index:5;font-family:Open Sans;\"\n\t\t\t\t\t\t\t><center>\n\t<a class=\"vc_general vc_btn3 vc_btn3-size-lg vc_btn3-shape-square vc_btn3-style-tareno-btn vc_btn3-block vc_btn3-color-black\" href=\"\/de\/ueber-uns\/\" title=\"\">\u00dcber uns<\/a><\/center> \n\t\t\t\t\t\t\t<\/rs-layer><!--\n-->\t\t\t\t\t\t<\/rs-slide>\n\t\t\t\t\t<\/rs-slides>\n\t\t\t\t<\/rs-module>\n\t\t\t\t<script type=\"text\/javascript\">\n\t\t\t\t\tsetREVStartSize({c: 'rev_slider_26_1',rl:[1240,1024,778,480],el:[868],gw:[1240],gh:[868],type:'standard',justify:'',layout:'fullwidth',mh:\"0\"});\n\t\t\t\t<\/script>\n\t\t\t<\/rs-module-wrap>\n\t\t\t<!-- END REVOLUTION SLIDER -->\n[\/vc_column][vc_column width=&#8220;1\/2&#8243;]\n\t\t\t<!-- START Start neue Perspektiven REVOLUTION SLIDER 6.5.2 --><p class=\"rs-p-wp-fix\"><\/p>\n\t\t\t<rs-module-wrap id=\"rev_slider_25_2_wrapper\" data-source=\"gallery\" style=\"visibility:hidden;background:rgba(119,141,170,0.6);padding:0;margin:0px auto;margin-top:0;margin-bottom:0;max-width:;\">\n\t\t\t\t<rs-module id=\"rev_slider_25_2\" class=\" rs-ov-hidden\" style=\"\" data-version=\"6.5.2\">\n\t\t\t\t\t<rs-slides>\n\t\t\t\t\t\t<rs-slide data-key=\"rs-265\" data-title=\"leer\" data-duration=\"1000\" data-anim=\"ms:1200;\" data-in=\"o:0;\" data-out=\"a:false;\">\n\t\t\t\t\t\t\t<img decoding=\"async\" src=\"\/\/www.tareno.lu\/wp-content\/plugins\/revslider\/public\/assets\/assets\/dummy.png\" alt=\"leer\" title=\"TARENO (Luxembourg) S.A\" class=\"rev-slidebg tp-rs-img rs-lazyload\" data-lazyload=\"\/\/www.tareno.lu\/wp-content\/plugins\/revslider\/public\/assets\/assets\/transparent.png\" data-no-retina>\n<!--\n\t\t\t\t\t\t\t--><rs-layer\n\t\t\t\t\t\t\t\tid=\"slider-25-slide-265-layer-1\" \n\t\t\t\t\t\t\t\tdata-type=\"text\"\n\t\t\t\t\t\t\t\tdata-color=\"#ffffff\"\n\t\t\t\t\t\t\t\tdata-xy=\"x:c;y:c;\"\n\t\t\t\t\t\t\t\tdata-text=\"l:22;a:inherit;\"\n\t\t\t\t\t\t\t\tdata-rsp_o=\"off\"\n\t\t\t\t\t\t\t\tdata-rsp_bd=\"off\"\n\t\t\t\t\t\t\t\tdata-frame_1=\"sR:10;\"\n\t\t\t\t\t\t\t\tdata-frame_999=\"o:0;st:w;sR:690;\"\n\t\t\t\t\t\t\t\tstyle=\"z-index:5;font-family:ITC Slimbach;\"\n\t\t\t\t\t\t\t><center><a class=\"vc_general vc_btn3 vc_btn3-size-lg vc_btn3-shape-square vc_btn3-style-tareno-btn vc_btn3-block vc_btn3-color-black\" href=\"\/de\/fuer-privatkunden\/vermoegensverwaltung\/\">Verm\u00f6gensverwaltung<\/a><\/center> \n\t\t\t\t\t\t\t<\/rs-layer><!--\n-->\t\t\t\t\t\t<\/rs-slide>\n\t\t\t\t\t\t<rs-slide data-key=\"rs-2651\" data-title=\"leer\" data-duration=\"1000\" data-anim=\"ms:1200;\" data-in=\"o:0;\" data-out=\"a:false;\">\n\t\t\t\t\t\t\t<img decoding=\"async\" src=\"\/\/www.tareno.lu\/wp-content\/plugins\/revslider\/public\/assets\/assets\/dummy.png\" title=\"TARENO (Luxembourg) S.A\" class=\"rev-slidebg tp-rs-img rs-lazyload\" data-lazyload=\"\/\/www.tareno.lu\/wp-content\/plugins\/revslider\/public\/assets\/assets\/transparent.png\" data-no-retina>\n<!--\n\t\t\t\t\t\t\t--><rs-layer\n\t\t\t\t\t\t\t\tid=\"slider-25-slide-2651-layer-1\" \n\t\t\t\t\t\t\t\tdata-type=\"text\"\n\t\t\t\t\t\t\t\tdata-color=\"#ffffff\"\n\t\t\t\t\t\t\t\tdata-xy=\"x:c;y:c;\"\n\t\t\t\t\t\t\t\tdata-text=\"l:22;a:inherit;\"\n\t\t\t\t\t\t\t\tdata-rsp_o=\"off\"\n\t\t\t\t\t\t\t\tdata-rsp_bd=\"off\"\n\t\t\t\t\t\t\t\tdata-frame_1=\"sR:10;\"\n\t\t\t\t\t\t\t\tdata-frame_999=\"o:0;st:w;sR:690;\"\n\t\t\t\t\t\t\t\tstyle=\"z-index:5;font-family:ITC Slimbach;\"\n\t\t\t\t\t\t\t><center><a class=\"vc_general vc_btn3 vc_btn3-size-lg vc_btn3-shape-square vc_btn3-style-tareno-btn vc_btn3-block vc_btn3-color-black\" href=\"\/de\/fuer-privatkunden\/vermoegensverwaltung\/\">Verm\u00f6gensverwaltung<\/a><\/center> \n\t\t\t\t\t\t\t<\/rs-layer><!--\n-->\t\t\t\t\t\t<\/rs-slide>\n\t\t\t\t\t<\/rs-slides>\n\t\t\t\t<\/rs-module>\n\t\t\t\t<script type=\"text\/javascript\">\n\t\t\t\t\tsetREVStartSize({c: 'rev_slider_25_2',rl:[1240,1024,778,480],el:[868],gw:[1240],gh:[868],type:'standard',justify:'',layout:'fullwidth',mh:\"0\"});\n\t\t\t\t<\/script>\n\t\t\t<\/rs-module-wrap>\n\t\t\t<!-- END REVOLUTION SLIDER -->\n[\/vc_column][\/vc_row][vc_row][vc_column width=&#8220;1\/2&#8243;]\n\t\t\t<!-- START Start tareno REVOLUTION SLIDER 6.5.2 --><p class=\"rs-p-wp-fix\"><\/p>\n\t\t\t<rs-module-wrap id=\"rev_slider_28_3_wrapper\" data-source=\"gallery\" style=\"visibility:hidden;background:rgba(51,68,125,0.6);padding:0;margin:0px auto;margin-top:0;margin-bottom:0;max-width:;\">\n\t\t\t\t<rs-module id=\"rev_slider_28_3\" class=\" rs-ov-hidden\" style=\"\" data-version=\"6.5.2\">\n\t\t\t\t\t<rs-slides>\n\t\t\t\t\t\t<rs-slide data-key=\"rs-287\" data-title=\"leer\" data-duration=\"33000\" data-anim=\"ms:600;\" data-in=\"o:0;\" data-out=\"a:false;\">\n\t\t\t\t\t\t\t<img decoding=\"async\" src=\"\/\/www.tareno.lu\/wp-content\/plugins\/revslider\/public\/assets\/assets\/dummy.png\" alt=\"leer\" title=\"TARENO (Luxembourg) S.A\" class=\"rev-slidebg tp-rs-img rs-lazyload\" data-lazyload=\"\/\/www.tareno.lu\/wp-content\/plugins\/revslider\/public\/assets\/assets\/transparent.png\" data-no-retina>\n<!--\n\t\t\t\t\t\t\t--><rs-layer\n\t\t\t\t\t\t\t\tid=\"slider-28-slide-287-layer-1\" \n\t\t\t\t\t\t\t\tdata-type=\"text\"\n\t\t\t\t\t\t\t\tdata-color=\"#ffffff\"\n\t\t\t\t\t\t\t\tdata-xy=\"x:c;y:c;yo:-1px;\"\n\t\t\t\t\t\t\t\tdata-text=\"l:22;a:inherit;\"\n\t\t\t\t\t\t\t\tdata-rsp_o=\"off\"\n\t\t\t\t\t\t\t\tdata-rsp_bd=\"off\"\n\t\t\t\t\t\t\t\tdata-frame_1=\"sR:10;\"\n\t\t\t\t\t\t\t\tdata-frame_999=\"o:0;st:w;sp:10;sR:32690;\"\n\t\t\t\t\t\t\t\tstyle=\"z-index:5;font-family:Open Sans;\"\n\t\t\t\t\t\t\t><center>\n\t<a class=\"vc_general vc_btn3 vc_btn3-size-lg vc_btn3-shape-square vc_btn3-style-tareno-btn vc_btn3-block vc_btn3-color-black\" href=\"\/de\/tareno-funds\/\" title=\"\">Tareno Funds<\/a><\/center> \n\t\t\t\t\t\t\t<\/rs-layer><!--\n-->\t\t\t\t\t\t<\/rs-slide>\n\t\t\t\t\t\t<rs-slide data-key=\"rs-2871\" data-title=\"leer\" data-duration=\"33000\" data-anim=\"ms:600;\" data-in=\"o:0;\" data-out=\"a:false;\">\n\t\t\t\t\t\t\t<img decoding=\"async\" src=\"\/\/www.tareno.lu\/wp-content\/plugins\/revslider\/public\/assets\/assets\/dummy.png\" title=\"TARENO (Luxembourg) S.A\" class=\"rev-slidebg tp-rs-img rs-lazyload\" data-lazyload=\"\/\/www.tareno.lu\/wp-content\/plugins\/revslider\/public\/assets\/assets\/transparent.png\" data-no-retina>\n<!--\n\t\t\t\t\t\t\t--><rs-layer\n\t\t\t\t\t\t\t\tid=\"slider-28-slide-2871-layer-1\" \n\t\t\t\t\t\t\t\tdata-type=\"text\"\n\t\t\t\t\t\t\t\tdata-color=\"#ffffff\"\n\t\t\t\t\t\t\t\tdata-xy=\"x:c;y:c;yo:-1px;\"\n\t\t\t\t\t\t\t\tdata-text=\"l:22;a:inherit;\"\n\t\t\t\t\t\t\t\tdata-rsp_o=\"off\"\n\t\t\t\t\t\t\t\tdata-rsp_bd=\"off\"\n\t\t\t\t\t\t\t\tdata-frame_1=\"sR:10;\"\n\t\t\t\t\t\t\t\tdata-frame_999=\"o:0;st:w;sp:10;sR:32690;\"\n\t\t\t\t\t\t\t\tstyle=\"z-index:5;font-family:Open Sans;\"\n\t\t\t\t\t\t\t><center>\n\t<a class=\"vc_general vc_btn3 vc_btn3-size-lg vc_btn3-shape-square vc_btn3-style-tareno-btn vc_btn3-block vc_btn3-color-black\" href=\"\/de\/tareno-funds\/\" title=\"\">Tareno Funds<\/a><\/center> \n\t\t\t\t\t\t\t<\/rs-layer><!--\n-->\t\t\t\t\t\t<\/rs-slide>\n\t\t\t\t\t<\/rs-slides>\n\t\t\t\t<\/rs-module>\n\t\t\t\t<script type=\"text\/javascript\">\n\t\t\t\t\tsetREVStartSize({c: 'rev_slider_28_3',rl:[1240,1024,778,480],el:[868],gw:[1240],gh:[868],type:'standard',justify:'',layout:'fullwidth',mh:\"0\"});\n\t\t\t\t<\/script>\n\t\t\t<\/rs-module-wrap>\n\t\t\t<!-- END REVOLUTION SLIDER -->\n[\/vc_column][vc_column width=&#8220;1\/2&#8243;]\n\t\t\t<!-- START Start \u00fcber uns REVOLUTION SLIDER 6.5.2 --><p class=\"rs-p-wp-fix\"><\/p>\n\t\t\t<rs-module-wrap id=\"rev_slider_27_4_wrapper\" data-source=\"gallery\" style=\"visibility:hidden;background:rgba(124,161,205,0.6);padding:0;margin:0px auto;margin-top:0;margin-bottom:0;max-width:;\">\n\t\t\t\t<rs-module id=\"rev_slider_27_4\" class=\" rs-ov-hidden\" style=\"\" data-version=\"6.5.2\">\n\t\t\t\t\t<rs-slides>\n\t\t\t\t\t\t<rs-slide data-key=\"rs-282\" data-title=\"leer\" data-duration=\"22000\" data-anim=\"ms:1200;\" data-in=\"o:0;\" data-out=\"a:false;\">\n\t\t\t\t\t\t\t<img decoding=\"async\" src=\"\/\/www.tareno.lu\/wp-content\/plugins\/revslider\/public\/assets\/assets\/dummy.png\" alt=\"leer\" title=\"TARENO (Luxembourg) S.A\" class=\"rev-slidebg tp-rs-img rs-lazyload\" data-lazyload=\"\/\/www.tareno.lu\/wp-content\/plugins\/revslider\/public\/assets\/assets\/transparent.png\" data-no-retina>\n<!--\n\t\t\t\t\t\t\t--><rs-layer\n\t\t\t\t\t\t\t\tid=\"slider-27-slide-282-layer-1\" \n\t\t\t\t\t\t\t\tdata-type=\"text\"\n\t\t\t\t\t\t\t\tdata-color=\"#ffffff\"\n\t\t\t\t\t\t\t\tdata-xy=\"x:c;y:c;\"\n\t\t\t\t\t\t\t\tdata-text=\"l:22;a:inherit;\"\n\t\t\t\t\t\t\t\tdata-rsp_o=\"off\"\n\t\t\t\t\t\t\t\tdata-rsp_bd=\"off\"\n\t\t\t\t\t\t\t\tdata-frame_1=\"sp:900;sR:10;\"\n\t\t\t\t\t\t\t\tdata-frame_999=\"o:0;st:w;sp:0;sR:21090;\"\n\t\t\t\t\t\t\t\tstyle=\"z-index:5;font-family:Open Sans;\"\n\t\t\t\t\t\t\t><center>\n\t<a class=\"vc_general vc_btn3 vc_btn3-size-lg vc_btn3-shape-square vc_btn3-style-tareno-btn vc_btn3-block vc_btn3-color-black\" href=\"\/de\/kontakt\/\" title=\"\">Kontakt<\/a><\/center> \n\t\t\t\t\t\t\t<\/rs-layer><!--\n-->\t\t\t\t\t\t<\/rs-slide>\n\t\t\t\t\t\t<rs-slide data-key=\"rs-2821\" data-title=\"leer\" data-duration=\"22000\" data-anim=\"ms:1200;\" data-in=\"o:0;\" data-out=\"a:false;\">\n\t\t\t\t\t\t\t<img decoding=\"async\" src=\"\/\/www.tareno.lu\/wp-content\/plugins\/revslider\/public\/assets\/assets\/dummy.png\" title=\"TARENO (Luxembourg) S.A\" class=\"rev-slidebg tp-rs-img rs-lazyload\" data-lazyload=\"\/\/www.tareno.lu\/wp-content\/plugins\/revslider\/public\/assets\/assets\/transparent.png\" data-no-retina>\n<!--\n\t\t\t\t\t\t\t--><rs-layer\n\t\t\t\t\t\t\t\tid=\"slider-27-slide-2821-layer-1\" \n\t\t\t\t\t\t\t\tdata-type=\"text\"\n\t\t\t\t\t\t\t\tdata-color=\"#ffffff\"\n\t\t\t\t\t\t\t\tdata-xy=\"x:c;y:c;\"\n\t\t\t\t\t\t\t\tdata-text=\"l:22;a:inherit;\"\n\t\t\t\t\t\t\t\tdata-rsp_o=\"off\"\n\t\t\t\t\t\t\t\tdata-rsp_bd=\"off\"\n\t\t\t\t\t\t\t\tdata-frame_1=\"sp:900;sR:10;\"\n\t\t\t\t\t\t\t\tdata-frame_999=\"o:0;st:w;sp:0;sR:21090;\"\n\t\t\t\t\t\t\t\tstyle=\"z-index:5;font-family:Open Sans;\"\n\t\t\t\t\t\t\t><center>\n\t<a class=\"vc_general vc_btn3 vc_btn3-size-lg vc_btn3-shape-square vc_btn3-style-tareno-btn vc_btn3-block vc_btn3-color-black\" href=\"\/de\/kontakt\/\" title=\"\">Kontakt<\/a><\/center> \n\t\t\t\t\t\t\t<\/rs-layer><!--\n-->\t\t\t\t\t\t<\/rs-slide>\n\t\t\t\t\t<\/rs-slides>\n\t\t\t\t<\/rs-module>\n\t\t\t\t<script type=\"text\/javascript\">\n\t\t\t\t\tsetREVStartSize({c: 'rev_slider_27_4',rl:[1240,1024,778,480],el:[868],gw:[1240],gh:[868],type:'standard',justify:'',layout:'fullwidth',mh:\"0\"});\n\t\t\t\t<\/script>\n\t\t\t<\/rs-module-wrap>\n\t\t\t<!-- END REVOLUTION SLIDER -->\n[\/vc_column][\/vc_row]<\/p>\n","protected":false},"excerpt":{"rendered":"<p>[vc_row][vc_column width=&#8220;1\/2&#8243;][\/vc_column][vc_column width=&#8220;1\/2&#8243;][\/vc_column][\/vc_row][vc_row][vc_column width=&#8220;1\/2&#8243;][\/vc_column][vc_column width=&#8220;1\/2&#8243;][\/vc_column][\/vc_row]<\/p>\n","protected":false},"author":16,"featured_media":0,"parent":0,"menu_order":8,"comment_status":"closed","ping_status":"closed","template":"","meta":{"footnotes":""},"class_list":["post-3460","page","type-page","status-publish","hentry"],"yoast_head":"<!-- This site is optimized with the Yoast SEO plugin v27.5 - https:\/\/yoast.com\/product\/yoast-seo-wordpress\/ -->\n<title>TARENO (Luxembourg) S.A<\/title>\n<meta name=\"description\" content=\"Tareno (Luxembourg) SA. z\u00e4hlt zu den unabh\u00e4ngigen Verm\u00f6gensverwaltungen in Luxembourg. Erfahren Sie mehr \u00fcber uns und unsere Dienstleistungen.\" \/>\n<meta name=\"robots\" content=\"index, follow, max-snippet:-1, max-image-preview:large, max-video-preview:-1\" \/>\n<link rel=\"canonical\" href=\"https:\/\/www.tareno.lu\/de\/\" \/>\n<meta property=\"og:locale\" content=\"de_DE\" \/>\n<meta property=\"og:type\" content=\"article\" \/>\n<meta property=\"og:title\" content=\"TARENO (Luxembourg) S.A\" \/>\n<meta property=\"og:description\" content=\"Tareno (Luxembourg) SA. z\u00e4hlt zu den unabh\u00e4ngigen Verm\u00f6gensverwaltungen in Luxembourg. Erfahren Sie mehr \u00fcber uns und unsere Dienstleistungen.\" \/>\n<meta property=\"og:url\" content=\"https:\/\/www.tareno.lu\/de\/\" \/>\n<meta property=\"og:site_name\" content=\"Tareno (Luxembourg) S.A.\" \/>\n<meta property=\"article:modified_time\" content=\"2026-01-21T17:48:03+00:00\" \/>\n<meta name=\"twitter:card\" content=\"summary_large_image\" \/>\n<meta name=\"twitter:label1\" content=\"Gesch\u00e4tzte Lesezeit\" \/>\n\t<meta name=\"twitter:data1\" content=\"1\u00a0Minute\" \/>\n<script type=\"application\/ld+json\" class=\"yoast-schema-graph\">{\"@context\":\"https:\\\/\\\/schema.org\",\"@graph\":[{\"@type\":\"WebPage\",\"@id\":\"https:\\\/\\\/www.tareno.lu\\\/de\\\/\",\"url\":\"https:\\\/\\\/www.tareno.lu\\\/de\\\/\",\"name\":\"TARENO (Luxembourg) S.A\",\"isPartOf\":{\"@id\":\"https:\\\/\\\/www.tareno.lu\\\/#website\"},\"datePublished\":\"2018-06-05T09:47:00+00:00\",\"dateModified\":\"2026-01-21T17:48:03+00:00\",\"description\":\"Tareno (Luxembourg) SA. z\u00e4hlt zu den unabh\u00e4ngigen Verm\u00f6gensverwaltungen in Luxembourg. Erfahren Sie mehr \u00fcber uns und unsere Dienstleistungen.\",\"breadcrumb\":{\"@id\":\"https:\\\/\\\/www.tareno.lu\\\/de\\\/#breadcrumb\"},\"inLanguage\":\"de\",\"potentialAction\":[{\"@type\":\"ReadAction\",\"target\":[\"https:\\\/\\\/www.tareno.lu\\\/de\\\/\"]}]},{\"@type\":\"BreadcrumbList\",\"@id\":\"https:\\\/\\\/www.tareno.lu\\\/de\\\/#breadcrumb\",\"itemListElement\":[{\"@type\":\"ListItem\",\"position\":1,\"name\":\"Startseite\",\"item\":\"https:\\\/\\\/www.tareno.lu\\\/de\\\/\"},{\"@type\":\"ListItem\",\"position\":2,\"name\":\"TARENO (Luxembourg) S.A\"}]},{\"@type\":\"WebSite\",\"@id\":\"https:\\\/\\\/www.tareno.lu\\\/#website\",\"url\":\"https:\\\/\\\/www.tareno.lu\\\/\",\"name\":\"Tareno (Luxembourg) S.A.\",\"description\":\"International Asset Managers\",\"potentialAction\":[{\"@type\":\"SearchAction\",\"target\":{\"@type\":\"EntryPoint\",\"urlTemplate\":\"https:\\\/\\\/www.tareno.lu\\\/?s={search_term_string}\"},\"query-input\":{\"@type\":\"PropertyValueSpecification\",\"valueRequired\":true,\"valueName\":\"search_term_string\"}}],\"inLanguage\":\"de\"}]}<\/script>\n<!-- \/ Yoast SEO plugin. -->","yoast_head_json":{"title":"TARENO (Luxembourg) S.A","description":"Tareno (Luxembourg) SA. z\u00e4hlt zu den unabh\u00e4ngigen Verm\u00f6gensverwaltungen in Luxembourg. Erfahren Sie mehr \u00fcber uns und unsere Dienstleistungen.","robots":{"index":"index","follow":"follow","max-snippet":"max-snippet:-1","max-image-preview":"max-image-preview:large","max-video-preview":"max-video-preview:-1"},"canonical":"https:\/\/www.tareno.lu\/de\/","og_locale":"de_DE","og_type":"article","og_title":"TARENO (Luxembourg) S.A","og_description":"Tareno (Luxembourg) SA. z\u00e4hlt zu den unabh\u00e4ngigen Verm\u00f6gensverwaltungen in Luxembourg. Erfahren Sie mehr \u00fcber uns und unsere Dienstleistungen.","og_url":"https:\/\/www.tareno.lu\/de\/","og_site_name":"Tareno (Luxembourg) S.A.","article_modified_time":"2026-01-21T17:48:03+00:00","twitter_card":"summary_large_image","twitter_misc":{"Gesch\u00e4tzte Lesezeit":"1\u00a0Minute"},"schema":{"@context":"https:\/\/schema.org","@graph":[{"@type":"WebPage","@id":"https:\/\/www.tareno.lu\/de\/","url":"https:\/\/www.tareno.lu\/de\/","name":"TARENO (Luxembourg) S.A","isPartOf":{"@id":"https:\/\/www.tareno.lu\/#website"},"datePublished":"2018-06-05T09:47:00+00:00","dateModified":"2026-01-21T17:48:03+00:00","description":"Tareno (Luxembourg) SA. z\u00e4hlt zu den unabh\u00e4ngigen Verm\u00f6gensverwaltungen in Luxembourg. Erfahren Sie mehr \u00fcber uns und unsere Dienstleistungen.","breadcrumb":{"@id":"https:\/\/www.tareno.lu\/de\/#breadcrumb"},"inLanguage":"de","potentialAction":[{"@type":"ReadAction","target":["https:\/\/www.tareno.lu\/de\/"]}]},{"@type":"BreadcrumbList","@id":"https:\/\/www.tareno.lu\/de\/#breadcrumb","itemListElement":[{"@type":"ListItem","position":1,"name":"Startseite","item":"https:\/\/www.tareno.lu\/de\/"},{"@type":"ListItem","position":2,"name":"TARENO (Luxembourg) S.A"}]},{"@type":"WebSite","@id":"https:\/\/www.tareno.lu\/#website","url":"https:\/\/www.tareno.lu\/","name":"Tareno (Luxembourg) S.A.","description":"International Asset Managers","potentialAction":[{"@type":"SearchAction","target":{"@type":"EntryPoint","urlTemplate":"https:\/\/www.tareno.lu\/?s={search_term_string}"},"query-input":{"@type":"PropertyValueSpecification","valueRequired":true,"valueName":"search_term_string"}}],"inLanguage":"de"}]}},"_links":{"self":[{"href":"https:\/\/www.tareno.lu\/de\/wp-json\/wp\/v2\/pages\/3460","targetHints":{"allow":["GET"]}}],"collection":[{"href":"https:\/\/www.tareno.lu\/de\/wp-json\/wp\/v2\/pages"}],"about":[{"href":"https:\/\/www.tareno.lu\/de\/wp-json\/wp\/v2\/types\/page"}],"author":[{"embeddable":true,"href":"https:\/\/www.tareno.lu\/de\/wp-json\/wp\/v2\/users\/16"}],"replies":[{"embeddable":true,"href":"https:\/\/www.tareno.lu\/de\/wp-json\/wp\/v2\/comments?post=3460"}],"version-history":[{"count":33,"href":"https:\/\/www.tareno.lu\/de\/wp-json\/wp\/v2\/pages\/3460\/revisions"}],"predecessor-version":[{"id":8595,"href":"https:\/\/www.tareno.lu\/de\/wp-json\/wp\/v2\/pages\/3460\/revisions\/8595"}],"wp:attachment":[{"href":"https:\/\/www.tareno.lu\/de\/wp-json\/wp\/v2\/media?parent=3460"}],"curies":[{"name":"wp","href":"https:\/\/api.w.org\/{rel}","templated":true}]}}