{"id":452,"date":"2016-11-08T13:24:06","date_gmt":"2016-11-08T12:24:06","guid":{"rendered":"http:\/\/www.tareno.ch\/de\/?page_id=452"},"modified":"2024-03-22T10:47:52","modified_gmt":"2024-03-22T09:47:52","slug":"vermoegensverwaltung","status":"publish","type":"page","link":"https:\/\/www.tareno.lu\/de\/vermoegensverwaltung\/","title":{"rendered":"VERM\u00d6GENSVERWALTUNG"},"content":{"rendered":"<p>[vc_row][vc_column][vc_column_text]<\/p>\n<h1>VERM\u00d6GENSVERWALTUNG<\/h1>\n<h2>VERM\u00d6GENSVERWALTUNGSMANDAT<\/h2>\n<p><b>Wir verbieten uns, mit Ihrem Verm\u00f6gen zu spekulieren.<\/b>[\/vc_column_text][vc_empty_space][\/vc_column][\/vc_row][vc_row][vc_column][vc_column_text]<\/p>\n<h3>UNSER ANLAGEPROZESS<\/h3>\n<p>[\/vc_column_text][vc_single_image image=&#8220;6646&#8243; img_size=&#8220;full&#8220;][\/vc_column][\/vc_row][vc_row][vc_column width=&#8220;1\/2&#8243;][vc_column_text css=&#8220;.vc_custom_1631196237449{padding-top: 10px !important;padding-bottom: 2px !important;background-color: #ebeced !important;}&#8220;]<\/p>\n<h2 style=\"text-align: center;\">UNSERE LEISTUNGEN<\/h2>\n<p>[\/vc_column_text][vc_column_text]<\/p>\n<ul>\n<li>Breit diversifizierte Anlagepolitik mit globaler Ausrichtung<\/li>\n<li>Professionelles und langj\u00e4hriges Portfoliomanagement<\/li>\n<li>Anlageentscheide basieren auf einem strukturierten und disziplinierten Anlageprozess.<\/li>\n<li>Kurze Entscheidungswege erlauben eine schnelle Reaktion auf sich ver\u00e4ndernde Marktsituationen.<\/li>\n<li>Wir ber\u00fccksichtigen Ihre individuellen Bed\u00fcrfnisse.<\/li>\n<\/ul>\n<p>[\/vc_column_text][\/vc_column][vc_column width=&#8220;1\/2&#8243;][vc_column_text css=&#8220;.vc_custom_1631196246605{padding-top: 10px !important;padding-bottom: 2px !important;background-color: #ebeced !important;}&#8220;]<\/p>\n<h2 style=\"text-align: center;\">IHRE VORTEILE<\/h2>\n<p>[\/vc_column_text][vc_column_text]<\/p>\n<ul>\n<li>Sie sparen wertvolle Zeit, indem Sie von Anlageentscheidungen entlastet werden.<\/li>\n<li>Ihr Verm\u00f6gen wird aktiv von Spezialisten bewirtschaftet und professionell \u00fcberwacht.<\/li>\n<li>Sie profitieren von unabh\u00e4ngigen Investitionsentscheidungen (Best-in-Class-Ansatz).<\/li>\n<li>Sie erhalten regelm\u00e4ssig umfassende Reportings \u00fcber die Entwicklung Ihres Verm\u00f6gens.<\/li>\n<\/ul>\n<p>[\/vc_column_text][\/vc_column][\/vc_row]<\/p>\n","protected":false},"excerpt":{"rendered":"<p>[vc_row][vc_column][vc_column_text] VERM\u00d6GENSVERWALTUNG VERM\u00d6GENSVERWALTUNGSMANDAT Wir verbieten uns, mit Ihrem Verm\u00f6gen zu spekulieren.[\/vc_column_text][vc_empty_space][\/vc_column][\/vc_row][vc_row][vc_column][vc_column_text] UNSER ANLAGEPROZESS [\/vc_column_text][vc_single_image image=&#8220;6646&#8243; img_size=&#8220;full&#8220;][\/vc_column][\/vc_row][vc_row][vc_column width=&#8220;1\/2&#8243;][vc_column_text css=&#8220;.vc_custom_1631196237449{padding-top: 10px !important;padding-bottom: 2px !important;background-color: #ebeced !important;}&#8220;] UNSERE LEISTUNGEN [\/vc_column_text][vc_column_text] Breit diversifizierte Anlagepolitik mit globaler Ausrichtung Professionelles und langj\u00e4hriges Portfoliomanagement Anlageentscheide basieren auf einem strukturierten und disziplinierten Anlageprozess. Kurze Entscheidungswege erlauben eine schnelle Reaktion auf sich ver\u00e4ndernde Marktsituationen.<br \/><a class=\"moretag\" href=\"https:\/\/www.tareno.lu\/de\/vermoegensverwaltung\/\"> weiterlesen <span class=\"glyphicon glyphicon-menu-right\"><\/span><\/a><\/p>\n","protected":false},"author":3,"featured_media":0,"parent":0,"menu_order":55,"comment_status":"closed","ping_status":"closed","template":"sidebar.php","meta":{"footnotes":""},"class_list":["post-452","page","type-page","status-publish","hentry"],"yoast_head":"<!-- This site is optimized with the Yoast SEO plugin v27.5 - https:\/\/yoast.com\/product\/yoast-seo-wordpress\/ -->\n<title>Tareno (Luxembourg) S.A. - | VERM\u00d6GENSVERWALTUNG<\/title>\n<meta name=\"description\" content=\"Tareno (Luxembourg) SA. ist spezialisiert auf Verm\u00f6gensverwaltung\" \/>\n<meta name=\"robots\" content=\"index, follow, max-snippet:-1, max-image-preview:large, max-video-preview:-1\" \/>\n<link rel=\"canonical\" href=\"https:\/\/www.tareno.lu\/de\/vermoegensverwaltung\/\" \/>\n<meta property=\"og:locale\" content=\"de_DE\" \/>\n<meta property=\"og:type\" content=\"article\" \/>\n<meta property=\"og:title\" content=\"Tareno (Luxembourg) S.A. - | VERM\u00d6GENSVERWALTUNG\" \/>\n<meta property=\"og:description\" content=\"Tareno (Luxembourg) SA. ist spezialisiert auf Verm\u00f6gensverwaltung\" \/>\n<meta property=\"og:url\" content=\"https:\/\/www.tareno.lu\/de\/vermoegensverwaltung\/\" \/>\n<meta property=\"og:site_name\" content=\"Tareno (Luxembourg) S.A.\" \/>\n<meta property=\"article:modified_time\" content=\"2024-03-22T09:47:52+00:00\" \/>\n<meta name=\"twitter:card\" content=\"summary_large_image\" \/>\n<meta name=\"twitter:label1\" content=\"Gesch\u00e4tzte Lesezeit\" \/>\n\t<meta name=\"twitter:data1\" content=\"1\u00a0Minute\" \/>\n<script type=\"application\/ld+json\" class=\"yoast-schema-graph\">{\"@context\":\"https:\\\/\\\/schema.org\",\"@graph\":[{\"@type\":\"WebPage\",\"@id\":\"https:\\\/\\\/www.tareno.lu\\\/de\\\/vermoegensverwaltung\\\/\",\"url\":\"https:\\\/\\\/www.tareno.lu\\\/de\\\/vermoegensverwaltung\\\/\",\"name\":\"Tareno (Luxembourg) S.A. - | VERM\u00d6GENSVERWALTUNG\",\"isPartOf\":{\"@id\":\"https:\\\/\\\/www.tareno.lu\\\/#website\"},\"datePublished\":\"2016-11-08T12:24:06+00:00\",\"dateModified\":\"2024-03-22T09:47:52+00:00\",\"description\":\"Tareno (Luxembourg) SA. ist spezialisiert auf Verm\u00f6gensverwaltung\",\"breadcrumb\":{\"@id\":\"https:\\\/\\\/www.tareno.lu\\\/de\\\/vermoegensverwaltung\\\/#breadcrumb\"},\"inLanguage\":\"de\",\"potentialAction\":[{\"@type\":\"ReadAction\",\"target\":[\"https:\\\/\\\/www.tareno.lu\\\/de\\\/vermoegensverwaltung\\\/\"]}]},{\"@type\":\"BreadcrumbList\",\"@id\":\"https:\\\/\\\/www.tareno.lu\\\/de\\\/vermoegensverwaltung\\\/#breadcrumb\",\"itemListElement\":[{\"@type\":\"ListItem\",\"position\":1,\"name\":\"Startseite\",\"item\":\"https:\\\/\\\/www.tareno.lu\\\/de\\\/\"},{\"@type\":\"ListItem\",\"position\":2,\"name\":\"VERM\u00d6GENSVERWALTUNG\"}]},{\"@type\":\"WebSite\",\"@id\":\"https:\\\/\\\/www.tareno.lu\\\/#website\",\"url\":\"https:\\\/\\\/www.tareno.lu\\\/\",\"name\":\"Tareno (Luxembourg) S.A.\",\"description\":\"International Asset Managers\",\"potentialAction\":[{\"@type\":\"SearchAction\",\"target\":{\"@type\":\"EntryPoint\",\"urlTemplate\":\"https:\\\/\\\/www.tareno.lu\\\/?s={search_term_string}\"},\"query-input\":{\"@type\":\"PropertyValueSpecification\",\"valueRequired\":true,\"valueName\":\"search_term_string\"}}],\"inLanguage\":\"de\"}]}<\/script>\n<!-- \/ Yoast SEO plugin. -->","yoast_head_json":{"title":"Tareno (Luxembourg) S.A. - | VERM\u00d6GENSVERWALTUNG","description":"Tareno (Luxembourg) SA. ist spezialisiert auf Verm\u00f6gensverwaltung","robots":{"index":"index","follow":"follow","max-snippet":"max-snippet:-1","max-image-preview":"max-image-preview:large","max-video-preview":"max-video-preview:-1"},"canonical":"https:\/\/www.tareno.lu\/de\/vermoegensverwaltung\/","og_locale":"de_DE","og_type":"article","og_title":"Tareno (Luxembourg) S.A. - | VERM\u00d6GENSVERWALTUNG","og_description":"Tareno (Luxembourg) SA. ist spezialisiert auf Verm\u00f6gensverwaltung","og_url":"https:\/\/www.tareno.lu\/de\/vermoegensverwaltung\/","og_site_name":"Tareno (Luxembourg) S.A.","article_modified_time":"2024-03-22T09:47:52+00:00","twitter_card":"summary_large_image","twitter_misc":{"Gesch\u00e4tzte Lesezeit":"1\u00a0Minute"},"schema":{"@context":"https:\/\/schema.org","@graph":[{"@type":"WebPage","@id":"https:\/\/www.tareno.lu\/de\/vermoegensverwaltung\/","url":"https:\/\/www.tareno.lu\/de\/vermoegensverwaltung\/","name":"Tareno (Luxembourg) S.A. - | VERM\u00d6GENSVERWALTUNG","isPartOf":{"@id":"https:\/\/www.tareno.lu\/#website"},"datePublished":"2016-11-08T12:24:06+00:00","dateModified":"2024-03-22T09:47:52+00:00","description":"Tareno (Luxembourg) SA. ist spezialisiert auf Verm\u00f6gensverwaltung","breadcrumb":{"@id":"https:\/\/www.tareno.lu\/de\/vermoegensverwaltung\/#breadcrumb"},"inLanguage":"de","potentialAction":[{"@type":"ReadAction","target":["https:\/\/www.tareno.lu\/de\/vermoegensverwaltung\/"]}]},{"@type":"BreadcrumbList","@id":"https:\/\/www.tareno.lu\/de\/vermoegensverwaltung\/#breadcrumb","itemListElement":[{"@type":"ListItem","position":1,"name":"Startseite","item":"https:\/\/www.tareno.lu\/de\/"},{"@type":"ListItem","position":2,"name":"VERM\u00d6GENSVERWALTUNG"}]},{"@type":"WebSite","@id":"https:\/\/www.tareno.lu\/#website","url":"https:\/\/www.tareno.lu\/","name":"Tareno (Luxembourg) S.A.","description":"International Asset Managers","potentialAction":[{"@type":"SearchAction","target":{"@type":"EntryPoint","urlTemplate":"https:\/\/www.tareno.lu\/?s={search_term_string}"},"query-input":{"@type":"PropertyValueSpecification","valueRequired":true,"valueName":"search_term_string"}}],"inLanguage":"de"}]}},"_links":{"self":[{"href":"https:\/\/www.tareno.lu\/de\/wp-json\/wp\/v2\/pages\/452","targetHints":{"allow":["GET"]}}],"collection":[{"href":"https:\/\/www.tareno.lu\/de\/wp-json\/wp\/v2\/pages"}],"about":[{"href":"https:\/\/www.tareno.lu\/de\/wp-json\/wp\/v2\/types\/page"}],"author":[{"embeddable":true,"href":"https:\/\/www.tareno.lu\/de\/wp-json\/wp\/v2\/users\/3"}],"replies":[{"embeddable":true,"href":"https:\/\/www.tareno.lu\/de\/wp-json\/wp\/v2\/comments?post=452"}],"version-history":[{"count":46,"href":"https:\/\/www.tareno.lu\/de\/wp-json\/wp\/v2\/pages\/452\/revisions"}],"predecessor-version":[{"id":7627,"href":"https:\/\/www.tareno.lu\/de\/wp-json\/wp\/v2\/pages\/452\/revisions\/7627"}],"wp:attachment":[{"href":"https:\/\/www.tareno.lu\/de\/wp-json\/wp\/v2\/media?parent=452"}],"curies":[{"name":"wp","href":"https:\/\/api.w.org\/{rel}","templated":true}]}}