{"id":457,"date":"2016-11-08T13:28:40","date_gmt":"2016-11-08T12:28:40","guid":{"rendered":"http:\/\/www.tareno.ch\/de\/?page_id=457"},"modified":"2022-01-20T12:29:54","modified_gmt":"2022-01-20T11:29:54","slug":"unsere-anlageloesungen","status":"publish","type":"page","link":"https:\/\/www.tareno.lu\/de\/unsere-anlageloesungen\/","title":{"rendered":"UNSERE ANLAGEL\u00d6SUNGEN"},"content":{"rendered":"<p>[vc_row][vc_column][vc_column_text]<\/p>\n<h1>UNSERE ANLAGEL\u00d6SUNGEN<\/h1>\n<p>[\/vc_column_text][vc_column_text css=&#8220;.vc_custom_1631188284902{margin-right: 10px !important;}&#8220;]<strong>Verm\u00f6gensverwaltung von Mensch zu Mensch.<\/strong><\/p>\n<p>Um Ihnen eine nachhaltige Verwaltung Ihres Verm\u00f6gens zu garantieren, nutzen wir massgeschneiderte Strategien, welche Ihre pers\u00f6nlichen und individuellen Bed\u00fcrfnisse mit der langfristigen Entwicklung der Finanzm\u00e4rkte verbinden.[\/vc_column_text][\/vc_column][\/vc_row][vc_row][vc_column width=&#8220;1\/2&#8243; css=&#8220;.vc_custom_1604914464081{padding-right: 10px !important;padding-left: 10px !important;}&#8220;][vc_column_text css=&#8220;.vc_custom_1642678167884{padding-top: 10px !important;padding-bottom: 2px !important;background-color: #ebeced !important;}&#8220;]<\/p>\n<h2 style=\"text-align: center;\"><a href=\"https:\/\/www.tareno.lu\/de\/vermoegensverwaltung\/\">Verm\u00f6gensverwaltung<\/a><\/h2>\n<p>[\/vc_column_text][\/vc_column][vc_column width=&#8220;1\/2&#8243; css=&#8220;.vc_custom_1604914490474{padding-right: 10px !important;padding-left: 10px !important;}&#8220;][vc_column_text css=&#8220;.vc_custom_1642678189924{padding-top: 10px !important;padding-bottom: 2px !important;background-color: #ebeced !important;}&#8220;]<\/p>\n<h2 style=\"text-align: center;\"><a href=\"https:\/\/www.tareno.lu\/de\/tareno-funds\/\">Tareno Funds<\/a><\/h2>\n<p>[\/vc_column_text][\/vc_column][\/vc_row][vc_row][vc_column][vc_column_text css=&#8220;.vc_custom_1633078061887{margin-right: 10px !important;}&#8220;]<strong>Zusammenarbeit von Kunde, Bank und Tareno<\/strong><\/p>\n<p>F\u00fcr unsere Dienstleistungen verrechnen wir Ihnen ein Honorar, basierend auf den verwalteten Verm\u00f6genswerten. Wir nehmen keine Entsch\u00e4digungen Dritter (Retrozessionen) an. Darauf gr\u00fcndet unsere Unabh\u00e4ngigkeit. Wir sind einzig und allein unseren Kunden verpflichtet.[\/vc_column_text][vc_single_image image=&#8220;7034&#8243; img_size=&#8220;full&#8220; alignment=&#8220;center&#8220;][\/vc_column][\/vc_row]<\/p>\n","protected":false},"excerpt":{"rendered":"<p>[vc_row][vc_column][vc_column_text] UNSERE ANLAGEL\u00d6SUNGEN [\/vc_column_text][vc_column_text css=&#8220;.vc_custom_1631188284902{margin-right: 10px !important;}&#8220;]Verm\u00f6gensverwaltung von Mensch zu Mensch. Um Ihnen eine nachhaltige Verwaltung Ihres Verm\u00f6gens zu garantieren, nutzen wir massgeschneiderte Strategien, welche Ihre pers\u00f6nlichen und individuellen Bed\u00fcrfnisse mit der langfristigen Entwicklung der Finanzm\u00e4rkte verbinden.[\/vc_column_text][\/vc_column][\/vc_row][vc_row][vc_column width=&#8220;1\/2&#8243; css=&#8220;.vc_custom_1604914464081{padding-right: 10px !important;padding-left: 10px !important;}&#8220;][vc_column_text css=&#8220;.vc_custom_1642678167884{padding-top: 10px !important;padding-bottom: 2px !important;background-color: #ebeced !important;}&#8220;] Verm\u00f6gensverwaltung [\/vc_column_text][\/vc_column][vc_column width=&#8220;1\/2&#8243; css=&#8220;.vc_custom_1604914490474{padding-right: 10px<br \/><a class=\"moretag\" href=\"https:\/\/www.tareno.lu\/de\/unsere-anlageloesungen\/\"> weiterlesen <span class=\"glyphicon glyphicon-menu-right\"><\/span><\/a><\/p>\n","protected":false},"author":3,"featured_media":0,"parent":0,"menu_order":49,"comment_status":"closed","ping_status":"closed","template":"sidebar.php","meta":{"footnotes":""},"class_list":["post-457","page","type-page","status-publish","hentry"],"yoast_head":"<!-- This site is optimized with the Yoast SEO plugin v27.5 - https:\/\/yoast.com\/product\/yoast-seo-wordpress\/ -->\n<title>Tareno S.A. | Individuelle konsolidierte Verm\u00f6gens\u00fcbersicht<\/title>\n<meta name=\"description\" content=\"Unsere Anlagestrategie treffen wir von Mensch zu Mensch.\" \/>\n<meta name=\"robots\" content=\"index, follow, max-snippet:-1, max-image-preview:large, max-video-preview:-1\" \/>\n<link rel=\"canonical\" href=\"https:\/\/www.tareno.lu\/de\/unsere-anlageloesungen\/\" \/>\n<meta property=\"og:locale\" content=\"de_DE\" \/>\n<meta property=\"og:type\" content=\"article\" \/>\n<meta property=\"og:title\" content=\"Tareno S.A. | Individuelle konsolidierte Verm\u00f6gens\u00fcbersicht\" \/>\n<meta property=\"og:description\" content=\"Unsere Anlagestrategie treffen wir von Mensch zu Mensch.\" \/>\n<meta property=\"og:url\" content=\"https:\/\/www.tareno.lu\/de\/unsere-anlageloesungen\/\" \/>\n<meta property=\"og:site_name\" content=\"Tareno (Luxembourg) S.A.\" \/>\n<meta property=\"article:modified_time\" content=\"2022-01-20T11:29:54+00:00\" \/>\n<meta name=\"twitter:card\" content=\"summary_large_image\" \/>\n<meta name=\"twitter:label1\" content=\"Gesch\u00e4tzte Lesezeit\" \/>\n\t<meta name=\"twitter:data1\" content=\"1\u00a0Minute\" \/>\n<script type=\"application\/ld+json\" class=\"yoast-schema-graph\">{\"@context\":\"https:\\\/\\\/schema.org\",\"@graph\":[{\"@type\":\"WebPage\",\"@id\":\"https:\\\/\\\/www.tareno.lu\\\/de\\\/unsere-anlageloesungen\\\/\",\"url\":\"https:\\\/\\\/www.tareno.lu\\\/de\\\/unsere-anlageloesungen\\\/\",\"name\":\"Tareno S.A. | Individuelle konsolidierte Verm\u00f6gens\u00fcbersicht\",\"isPartOf\":{\"@id\":\"https:\\\/\\\/www.tareno.lu\\\/#website\"},\"datePublished\":\"2016-11-08T12:28:40+00:00\",\"dateModified\":\"2022-01-20T11:29:54+00:00\",\"description\":\"Unsere Anlagestrategie treffen wir von Mensch zu Mensch.\",\"breadcrumb\":{\"@id\":\"https:\\\/\\\/www.tareno.lu\\\/de\\\/unsere-anlageloesungen\\\/#breadcrumb\"},\"inLanguage\":\"de\",\"potentialAction\":[{\"@type\":\"ReadAction\",\"target\":[\"https:\\\/\\\/www.tareno.lu\\\/de\\\/unsere-anlageloesungen\\\/\"]}]},{\"@type\":\"BreadcrumbList\",\"@id\":\"https:\\\/\\\/www.tareno.lu\\\/de\\\/unsere-anlageloesungen\\\/#breadcrumb\",\"itemListElement\":[{\"@type\":\"ListItem\",\"position\":1,\"name\":\"Startseite\",\"item\":\"https:\\\/\\\/www.tareno.lu\\\/de\\\/\"},{\"@type\":\"ListItem\",\"position\":2,\"name\":\"UNSERE ANLAGEL\u00d6SUNGEN\"}]},{\"@type\":\"WebSite\",\"@id\":\"https:\\\/\\\/www.tareno.lu\\\/#website\",\"url\":\"https:\\\/\\\/www.tareno.lu\\\/\",\"name\":\"Tareno (Luxembourg) S.A.\",\"description\":\"International Asset Managers\",\"potentialAction\":[{\"@type\":\"SearchAction\",\"target\":{\"@type\":\"EntryPoint\",\"urlTemplate\":\"https:\\\/\\\/www.tareno.lu\\\/?s={search_term_string}\"},\"query-input\":{\"@type\":\"PropertyValueSpecification\",\"valueRequired\":true,\"valueName\":\"search_term_string\"}}],\"inLanguage\":\"de\"}]}<\/script>\n<!-- \/ Yoast SEO plugin. -->","yoast_head_json":{"title":"Tareno S.A. | Individuelle konsolidierte Verm\u00f6gens\u00fcbersicht","description":"Unsere Anlagestrategie treffen wir von Mensch zu Mensch.","robots":{"index":"index","follow":"follow","max-snippet":"max-snippet:-1","max-image-preview":"max-image-preview:large","max-video-preview":"max-video-preview:-1"},"canonical":"https:\/\/www.tareno.lu\/de\/unsere-anlageloesungen\/","og_locale":"de_DE","og_type":"article","og_title":"Tareno S.A. | Individuelle konsolidierte Verm\u00f6gens\u00fcbersicht","og_description":"Unsere Anlagestrategie treffen wir von Mensch zu Mensch.","og_url":"https:\/\/www.tareno.lu\/de\/unsere-anlageloesungen\/","og_site_name":"Tareno (Luxembourg) S.A.","article_modified_time":"2022-01-20T11:29:54+00:00","twitter_card":"summary_large_image","twitter_misc":{"Gesch\u00e4tzte Lesezeit":"1\u00a0Minute"},"schema":{"@context":"https:\/\/schema.org","@graph":[{"@type":"WebPage","@id":"https:\/\/www.tareno.lu\/de\/unsere-anlageloesungen\/","url":"https:\/\/www.tareno.lu\/de\/unsere-anlageloesungen\/","name":"Tareno S.A. | Individuelle konsolidierte Verm\u00f6gens\u00fcbersicht","isPartOf":{"@id":"https:\/\/www.tareno.lu\/#website"},"datePublished":"2016-11-08T12:28:40+00:00","dateModified":"2022-01-20T11:29:54+00:00","description":"Unsere Anlagestrategie treffen wir von Mensch zu Mensch.","breadcrumb":{"@id":"https:\/\/www.tareno.lu\/de\/unsere-anlageloesungen\/#breadcrumb"},"inLanguage":"de","potentialAction":[{"@type":"ReadAction","target":["https:\/\/www.tareno.lu\/de\/unsere-anlageloesungen\/"]}]},{"@type":"BreadcrumbList","@id":"https:\/\/www.tareno.lu\/de\/unsere-anlageloesungen\/#breadcrumb","itemListElement":[{"@type":"ListItem","position":1,"name":"Startseite","item":"https:\/\/www.tareno.lu\/de\/"},{"@type":"ListItem","position":2,"name":"UNSERE ANLAGEL\u00d6SUNGEN"}]},{"@type":"WebSite","@id":"https:\/\/www.tareno.lu\/#website","url":"https:\/\/www.tareno.lu\/","name":"Tareno (Luxembourg) S.A.","description":"International Asset Managers","potentialAction":[{"@type":"SearchAction","target":{"@type":"EntryPoint","urlTemplate":"https:\/\/www.tareno.lu\/?s={search_term_string}"},"query-input":{"@type":"PropertyValueSpecification","valueRequired":true,"valueName":"search_term_string"}}],"inLanguage":"de"}]}},"_links":{"self":[{"href":"https:\/\/www.tareno.lu\/de\/wp-json\/wp\/v2\/pages\/457","targetHints":{"allow":["GET"]}}],"collection":[{"href":"https:\/\/www.tareno.lu\/de\/wp-json\/wp\/v2\/pages"}],"about":[{"href":"https:\/\/www.tareno.lu\/de\/wp-json\/wp\/v2\/types\/page"}],"author":[{"embeddable":true,"href":"https:\/\/www.tareno.lu\/de\/wp-json\/wp\/v2\/users\/3"}],"replies":[{"embeddable":true,"href":"https:\/\/www.tareno.lu\/de\/wp-json\/wp\/v2\/comments?post=457"}],"version-history":[{"count":20,"href":"https:\/\/www.tareno.lu\/de\/wp-json\/wp\/v2\/pages\/457\/revisions"}],"predecessor-version":[{"id":7117,"href":"https:\/\/www.tareno.lu\/de\/wp-json\/wp\/v2\/pages\/457\/revisions\/7117"}],"wp:attachment":[{"href":"https:\/\/www.tareno.lu\/de\/wp-json\/wp\/v2\/media?parent=457"}],"curies":[{"name":"wp","href":"https:\/\/api.w.org\/{rel}","templated":true}]}}