{"id":466,"date":"2016-11-08T13:46:35","date_gmt":"2016-11-08T12:46:35","guid":{"rendered":"http:\/\/www.tareno.ch\/de\/?page_id=466"},"modified":"2024-03-22T12:28:11","modified_gmt":"2024-03-22T11:28:11","slug":"tareno-funds","status":"publish","type":"page","link":"https:\/\/www.tareno.lu\/de\/tareno-funds\/","title":{"rendered":"TARENO FUNDS"},"content":{"rendered":"<p>[vc_row][vc_column][vc_column_text]<\/p>\n<h1>TARENO FUNDS<\/h1>\n<p>[\/vc_column_text][\/vc_column][\/vc_row][vc_row][vc_column width=&#8220;1\/2&#8243;][vc_single_image image=&#8220;7635&#8243; img_size=&#8220;large&#8220; alignment=&#8220;center&#8220; onclick=&#8220;custom_link&#8220; link=&#8220;http:\/\/www.eii.lu&#8220;][\/vc_column][vc_column width=&#8220;1\/2&#8243;][vc_column_text]<strong>Tareno Funds &#8211; Enhanced Index Investing Equities<\/strong><\/p>\n<p>Ziel dieses Aktienfonds ist es, den Anlegern ein breit diversi\ufb01ziertes Anlageinstrument zu bieten, dessen Volatilit\u00e4t mit dem des MSCI Europe Price Index (ohne Dividenden) vergleichbar ist, jedoch mit einer h\u00f6heren erwarteten Rendite. Dieser Fonds legt in eine Auswahl verschiedener Verm\u00f6gensklassen an, die auf Basis der erwarteten Rendite, der erwarteten Volatilit\u00e4t und der historischen Korrelation mit anderen Verm\u00f6gensklassen ausgew\u00e4hlt werden. \u201eSmall Caps\u201c und \u201eValue Caps\u201c sind \u00fcbergewichtet. Der Fondsbeabsichtigt nicht, den Index nachzubilden. Der Index wird lediglich zum Vergleich der Wertentwicklung herangezogen. Mehr Information finden Sie <a href=\"https:\/\/www.eii.lu\/\" target=\"_blank\" rel=\"noopener\">hier<\/a>.<br \/>\n<em>Fund Manager: Marc Wagener<\/em>[\/vc_column_text][\/vc_column][\/vc_row][vc_row][vc_column width=&#8220;1\/2&#8243;][vc_single_image image=&#8220;7635&#8243; img_size=&#8220;large&#8220;][\/vc_column][vc_column width=&#8220;1\/2&#8243;][vc_column_text]<strong>Tareno Funds &#8211; Enhanced Index Investing Bonds\/Return<\/strong><\/p>\n<p>Ziel dieses Rentenfonds ist es, eine hohe Sicherheit sowie gute Liquidit\u00e4t bei einer geringen Volatilit\u00e4t zu bieten. Mit diesem breit diversifiziertes Anlageinstrument wird dem Investor eine Beteiligung an den weltweiten Anleihem\u00e4rkten erm\u00f6glicht. Die Anleihem\u00e4rkte sind in verschiedene Anlageklassen unterteilt und werden auf der Grundlage der erwarteten Rendite, der erwarteten Volatilit\u00e4t und der historischen Korrelation ausgew\u00e4hlt.<\/p>\n<p>Mehr Information finden Sie <a href=\"https:\/\/www.eii.lu\/\" target=\"_blank\" rel=\"noopener\">hier<\/a>.<\/p>\n<p><em>Fund Manager: Marc Wagener<\/em>[\/vc_column_text][\/vc_column][\/vc_row][vc_row][vc_column width=&#8220;1\/2&#8243;][vc_single_image image=&#8220;6847&#8243; img_size=&#8220;large&#8220;][\/vc_column][vc_column width=&#8220;1\/2&#8243;][vc_column_text]<strong>Tareno Funds &#8211; Diversified Index Investing Fund<\/strong><\/p>\n<p>Der Tareno Diversified Index Investing Equities\/Bonds\/Real Assets Fund bietet Ihnen aus einer Hand eine professionelle Verm\u00f6gensverwaltung mit folgenden Besonderheiten:<\/p>\n<ol>\n<li>Gr\u00f6\u00dftm\u00f6gliche Diversifizierung: Auf Basis einer wachstumsorientierten Basisallokation zwischen Aktien, Anleihen und Edelmetallen wird das Anlageuniversum nach Kriterien wie Geographie, Aktien-Anlagestil, W\u00e4hrung und Laufzeit weiter aufgef\u00e4chert zu einem breit diversifizierten Portfolio mit vielen verschiedenen Anlageklassen.<\/li>\n<li>Stabile Allokation: Die Gewichtung aller Anlageklassen wird stabil gehalten, so dass Fehlspekulationen durch aktives Management vermieden und Zusatzertr\u00e4ge durch antizyklische Portfolioanpassung erzielt werden.<\/li>\n<li>Kosteng\u00fcnstige Indexfonds: Das gesamte Portfolio besteht nur aus Indexfonds mit deutlich niedrigeren Kosten als aktiv verwaltete Fonds.<\/li>\n<li>Hoher Inflationsschutz: Durch einen hohen Anteil von Edelmetallen, Immobilien- und Rohstoffaktien wird ein wirksamer Schutz gegen Inflationsrisiken angestrebt.<\/li>\n<\/ol>\n<p><em>Fund Manager: Marc Wagener<\/em><\/p>\n<p><em>Investor Relations: Matthias Kelm<\/em>[\/vc_column_text][\/vc_column][\/vc_row][vc_row][vc_column width=&#8220;1\/2&#8243;][vc_single_image image=&#8220;6851&#8243; img_size=&#8220;large&#8220;][\/vc_column][vc_column width=&#8220;1\/2&#8243;][vc_column_text]<strong>Tareno Funds &#8211; Value-Opportunity Equities\u00a0<\/strong><\/p>\n<p>Der Fonds wird aktiv ohne Bezugnahme auf einen Referenzindex verwaltet. 75% des Nettoverm\u00f6gens wird in Aktien investiert, wobei keine Beschr\u00e4nkungen hinsichtlich Regionen, Sektoren oder W\u00e4hrungen bestehen. Er investiert dabei in b\u00f6rsennotierte Unternehmen, die an den regulierten Aktienm\u00e4rkten gehandelt werden. Dabei zielen die Anlagen auf Unternehmen ab, die einige oder alle nachstehenden Anlagekriterien erf\u00fcllen. Zielunternehmen sollten eine nachweisliche Erfolgshistorie und eine solide Bilanz aufweisen, gut gef\u00fchrt sein und Produkte verkaufen oder Dienstleistungen anbieten, f\u00fcr die eine stetige Nachfrage oder sogar Wachstum zu erwarten ist. Diese Unternehmen sollten zu einem Preis gehandelt werden, der angesichts der Fundamentaldaten (\u201eValue Investing\u201c) der jeweiligen Unternehmen eher niedrig erscheint. Da dies bedeuten k\u00f6nnte, dass diese Unternehmen f\u00fcr Anleger an Attraktivit\u00e4t verlieren, k\u00f6nnen h\u00e4ufig nicht alle Anlagekriterien erf\u00fcllt werden. Eine S\u00e4ule der Strategie des Fonds ist die Flexibilit\u00e4t, sich von einem Referenzindex, einer Branche oder einer Aktiengewichtung zu distanzieren, um sicherzustellen, dass ein Portfolio die genannten Anlagekriterien tats\u00e4chlich widerspiegelt.<\/p>\n<p><em>Fund Manager: Gui Verhaegen<\/em>[\/vc_column_text][\/vc_column][\/vc_row]<\/p>\n","protected":false},"excerpt":{"rendered":"<p>[vc_row][vc_column][vc_column_text] TARENO FUNDS [\/vc_column_text][\/vc_column][\/vc_row][vc_row][vc_column width=&#8220;1\/2&#8243;][vc_single_image image=&#8220;7635&#8243; img_size=&#8220;large&#8220; alignment=&#8220;center&#8220; onclick=&#8220;custom_link&#8220; link=&#8220;http:\/\/www.eii.lu&#8220;][\/vc_column][vc_column width=&#8220;1\/2&#8243;][vc_column_text]Tareno Funds &#8211; Enhanced Index Investing Equities Ziel dieses Aktienfonds ist es, den Anlegern ein breit diversi\ufb01ziertes Anlageinstrument zu bieten, dessen Volatilit\u00e4t mit dem des MSCI Europe Price Index (ohne Dividenden) vergleichbar ist, jedoch mit einer h\u00f6heren erwarteten Rendite. Dieser Fonds legt in eine Auswahl<br \/><a class=\"moretag\" href=\"https:\/\/www.tareno.lu\/de\/tareno-funds\/\"> weiterlesen <span class=\"glyphicon glyphicon-menu-right\"><\/span><\/a><\/p>\n","protected":false},"author":3,"featured_media":0,"parent":0,"menu_order":44,"comment_status":"closed","ping_status":"closed","template":"sidebar.php","meta":{"footnotes":""},"class_list":["post-466","page","type-page","status-publish","hentry"],"yoast_head":"<!-- This site is optimized with the Yoast SEO plugin v27.1.1 - https:\/\/yoast.com\/product\/yoast-seo-wordpress\/ -->\n<title>Tareno S.A. | Fonds f\u00fcr institutionelle und private Anleger<\/title>\n<meta name=\"description\" content=\"Mit Tareno Funds bietet Tareno (Luxembourg) S.A. seit 2007 vier verschiedene Funds an\" \/>\n<meta name=\"robots\" content=\"index, follow, max-snippet:-1, max-image-preview:large, max-video-preview:-1\" \/>\n<link rel=\"canonical\" href=\"https:\/\/www.tareno.lu\/de\/tareno-funds\/\" \/>\n<meta property=\"og:locale\" content=\"de_DE\" \/>\n<meta property=\"og:type\" content=\"article\" \/>\n<meta property=\"og:title\" content=\"Tareno S.A. | Fonds f\u00fcr institutionelle und private Anleger\" \/>\n<meta property=\"og:description\" content=\"Mit Tareno Funds bietet Tareno (Luxembourg) S.A. seit 2007 vier verschiedene Funds an\" \/>\n<meta property=\"og:url\" content=\"https:\/\/www.tareno.lu\/de\/tareno-funds\/\" \/>\n<meta property=\"og:site_name\" content=\"Tareno (Luxembourg) S.A.\" \/>\n<meta property=\"article:modified_time\" content=\"2024-03-22T11:28:11+00:00\" \/>\n<meta name=\"twitter:card\" content=\"summary_large_image\" \/>\n<meta name=\"twitter:label1\" content=\"Gesch\u00e4tzte Lesezeit\" \/>\n\t<meta name=\"twitter:data1\" content=\"3\u00a0Minuten\" \/>\n<script type=\"application\/ld+json\" class=\"yoast-schema-graph\">{\"@context\":\"https:\/\/schema.org\",\"@graph\":[{\"@type\":\"WebPage\",\"@id\":\"https:\/\/www.tareno.lu\/de\/tareno-funds\/\",\"url\":\"https:\/\/www.tareno.lu\/de\/tareno-funds\/\",\"name\":\"Tareno S.A. | Fonds f\u00fcr institutionelle und private Anleger\",\"isPartOf\":{\"@id\":\"https:\/\/www.tareno.lu\/#website\"},\"datePublished\":\"2016-11-08T12:46:35+00:00\",\"dateModified\":\"2024-03-22T11:28:11+00:00\",\"description\":\"Mit Tareno Funds bietet Tareno (Luxembourg) S.A. seit 2007 vier verschiedene Funds an\",\"breadcrumb\":{\"@id\":\"https:\/\/www.tareno.lu\/de\/tareno-funds\/#breadcrumb\"},\"inLanguage\":\"de\",\"potentialAction\":[{\"@type\":\"ReadAction\",\"target\":[\"https:\/\/www.tareno.lu\/de\/tareno-funds\/\"]}]},{\"@type\":\"BreadcrumbList\",\"@id\":\"https:\/\/www.tareno.lu\/de\/tareno-funds\/#breadcrumb\",\"itemListElement\":[{\"@type\":\"ListItem\",\"position\":1,\"name\":\"Startseite\",\"item\":\"https:\/\/www.tareno.lu\/de\/\"},{\"@type\":\"ListItem\",\"position\":2,\"name\":\"TARENO FUNDS\"}]},{\"@type\":\"WebSite\",\"@id\":\"https:\/\/www.tareno.lu\/#website\",\"url\":\"https:\/\/www.tareno.lu\/\",\"name\":\"Tareno (Luxembourg) S.A.\",\"description\":\"International Asset Managers\",\"potentialAction\":[{\"@type\":\"SearchAction\",\"target\":{\"@type\":\"EntryPoint\",\"urlTemplate\":\"https:\/\/www.tareno.lu\/?s={search_term_string}\"},\"query-input\":{\"@type\":\"PropertyValueSpecification\",\"valueRequired\":true,\"valueName\":\"search_term_string\"}}],\"inLanguage\":\"de\"}]}<\/script>\n<!-- \/ Yoast SEO plugin. -->","yoast_head_json":{"title":"Tareno S.A. | Fonds f\u00fcr institutionelle und private Anleger","description":"Mit Tareno Funds bietet Tareno (Luxembourg) S.A. seit 2007 vier verschiedene Funds an","robots":{"index":"index","follow":"follow","max-snippet":"max-snippet:-1","max-image-preview":"max-image-preview:large","max-video-preview":"max-video-preview:-1"},"canonical":"https:\/\/www.tareno.lu\/de\/tareno-funds\/","og_locale":"de_DE","og_type":"article","og_title":"Tareno S.A. | Fonds f\u00fcr institutionelle und private Anleger","og_description":"Mit Tareno Funds bietet Tareno (Luxembourg) S.A. seit 2007 vier verschiedene Funds an","og_url":"https:\/\/www.tareno.lu\/de\/tareno-funds\/","og_site_name":"Tareno (Luxembourg) S.A.","article_modified_time":"2024-03-22T11:28:11+00:00","twitter_card":"summary_large_image","twitter_misc":{"Gesch\u00e4tzte Lesezeit":"3\u00a0Minuten"},"schema":{"@context":"https:\/\/schema.org","@graph":[{"@type":"WebPage","@id":"https:\/\/www.tareno.lu\/de\/tareno-funds\/","url":"https:\/\/www.tareno.lu\/de\/tareno-funds\/","name":"Tareno S.A. | Fonds f\u00fcr institutionelle und private Anleger","isPartOf":{"@id":"https:\/\/www.tareno.lu\/#website"},"datePublished":"2016-11-08T12:46:35+00:00","dateModified":"2024-03-22T11:28:11+00:00","description":"Mit Tareno Funds bietet Tareno (Luxembourg) S.A. seit 2007 vier verschiedene Funds an","breadcrumb":{"@id":"https:\/\/www.tareno.lu\/de\/tareno-funds\/#breadcrumb"},"inLanguage":"de","potentialAction":[{"@type":"ReadAction","target":["https:\/\/www.tareno.lu\/de\/tareno-funds\/"]}]},{"@type":"BreadcrumbList","@id":"https:\/\/www.tareno.lu\/de\/tareno-funds\/#breadcrumb","itemListElement":[{"@type":"ListItem","position":1,"name":"Startseite","item":"https:\/\/www.tareno.lu\/de\/"},{"@type":"ListItem","position":2,"name":"TARENO FUNDS"}]},{"@type":"WebSite","@id":"https:\/\/www.tareno.lu\/#website","url":"https:\/\/www.tareno.lu\/","name":"Tareno (Luxembourg) S.A.","description":"International Asset Managers","potentialAction":[{"@type":"SearchAction","target":{"@type":"EntryPoint","urlTemplate":"https:\/\/www.tareno.lu\/?s={search_term_string}"},"query-input":{"@type":"PropertyValueSpecification","valueRequired":true,"valueName":"search_term_string"}}],"inLanguage":"de"}]}},"_links":{"self":[{"href":"https:\/\/www.tareno.lu\/de\/wp-json\/wp\/v2\/pages\/466","targetHints":{"allow":["GET"]}}],"collection":[{"href":"https:\/\/www.tareno.lu\/de\/wp-json\/wp\/v2\/pages"}],"about":[{"href":"https:\/\/www.tareno.lu\/de\/wp-json\/wp\/v2\/types\/page"}],"author":[{"embeddable":true,"href":"https:\/\/www.tareno.lu\/de\/wp-json\/wp\/v2\/users\/3"}],"replies":[{"embeddable":true,"href":"https:\/\/www.tareno.lu\/de\/wp-json\/wp\/v2\/comments?post=466"}],"version-history":[{"count":54,"href":"https:\/\/www.tareno.lu\/de\/wp-json\/wp\/v2\/pages\/466\/revisions"}],"predecessor-version":[{"id":7650,"href":"https:\/\/www.tareno.lu\/de\/wp-json\/wp\/v2\/pages\/466\/revisions\/7650"}],"wp:attachment":[{"href":"https:\/\/www.tareno.lu\/de\/wp-json\/wp\/v2\/media?parent=466"}],"curies":[{"name":"wp","href":"https:\/\/api.w.org\/{rel}","templated":true}]}}