{"id":5451,"date":"2020-09-28T10:20:07","date_gmt":"2020-09-28T08:20:07","guid":{"rendered":"http:\/\/www.tareno.ch\/?page_id=5451"},"modified":"2021-10-04T10:17:28","modified_gmt":"2021-10-04T08:17:28","slug":"werte","status":"publish","type":"page","link":"https:\/\/www.tareno.lu\/de\/werte\/","title":{"rendered":"WERTE"},"content":{"rendered":"<p>[vc_row][vc_column][vc_column_text]<\/p>\n<h1>WERTE<\/h1>\n<h2>UNABH\u00c4NGIG, PERS\u00d6NLICH UND LANGFRISTIG<\/h2>\n<p>[\/vc_column_text][\/vc_column][\/vc_row][vc_row][vc_column width=&#8220;1\/2&#8243;][vc_single_image image=&#8220;6835&#8243; img_size=&#8220;large&#8220; alignment=&#8220;center&#8220;][\/vc_column][vc_column width=&#8220;1\/2&#8243;][vc_column_text]Wir orientieren uns an klar definierten Werten. Sie begleiten uns bei der t\u00e4glichen Arbeit und bilden die Basis f\u00fcr unseren langj\u00e4hrigen Erfolg.<\/p>\n<p>Die Wahl der Depotbank in Luxembourg, der Schweiz oder in Ihrem Wohnsitzland wird einverst\u00e4ndlich getroffen und wird diejenige sein, welche sich am besten f\u00fcr Ihre Anspr\u00fcche eignet.<\/p>\n<p>In diesem Zusammenhang erlaubt der europ\u00e4ische Pass eine gro\u00dfe Flexibilit\u00e4t und bietet uns die M\u00f6glichkeit, in den meisten L\u00e4ndern der Europ\u00e4ischen Union Verm\u00f6gen zu verwalten.<\/p>\n<p>Vertrauen, Objektivit\u00e4t und Transparenz bilden unsere Grundlage f\u00fcr jede Zusammenarbeit.[\/vc_column_text][\/vc_column][\/vc_row]<\/p>\n","protected":false},"excerpt":{"rendered":"<p>[vc_row][vc_column][vc_column_text] WERTE UNABH\u00c4NGIG, PERS\u00d6NLICH UND LANGFRISTIG [\/vc_column_text][\/vc_column][\/vc_row][vc_row][vc_column width=&#8220;1\/2&#8243;][vc_single_image image=&#8220;6835&#8243; img_size=&#8220;large&#8220; alignment=&#8220;center&#8220;][\/vc_column][vc_column width=&#8220;1\/2&#8243;][vc_column_text]Wir orientieren uns an klar definierten Werten. Sie begleiten uns bei der t\u00e4glichen Arbeit und bilden die Basis f\u00fcr unseren langj\u00e4hrigen Erfolg. Die Wahl der Depotbank in Luxembourg, der Schweiz oder in Ihrem Wohnsitzland wird einverst\u00e4ndlich getroffen und wird diejenige sein, welche sich am<br \/><a class=\"moretag\" href=\"https:\/\/www.tareno.lu\/de\/werte\/\"> weiterlesen <span class=\"glyphicon glyphicon-menu-right\"><\/span><\/a><\/p>\n","protected":false},"author":16,"featured_media":0,"parent":0,"menu_order":47,"comment_status":"closed","ping_status":"closed","template":"sidebar.php","meta":{"footnotes":""},"class_list":["post-5451","page","type-page","status-publish","hentry"],"yoast_head":"<!-- This site is optimized with the Yoast SEO plugin v27.5 - https:\/\/yoast.com\/product\/yoast-seo-wordpress\/ -->\n<title>Tareno S.A. | Anlagephilosophie f\u00fcr jede Verm\u00f6genssituation<\/title>\n<meta name=\"description\" content=\"Vertrauen, Objektivit\u00e4t und Transparenz bilden unsere Grundlage f\u00fcr jede Zusammenarbeit mit Tareno (Luxembourg) S.A.\" \/>\n<meta name=\"robots\" content=\"index, follow, max-snippet:-1, max-image-preview:large, max-video-preview:-1\" \/>\n<link rel=\"canonical\" href=\"https:\/\/www.tareno.lu\/de\/werte\/\" \/>\n<meta property=\"og:locale\" content=\"de_DE\" \/>\n<meta property=\"og:type\" content=\"article\" \/>\n<meta property=\"og:title\" content=\"Tareno S.A. | Anlagephilosophie f\u00fcr jede Verm\u00f6genssituation\" \/>\n<meta property=\"og:description\" content=\"Vertrauen, Objektivit\u00e4t und Transparenz bilden unsere Grundlage f\u00fcr jede Zusammenarbeit mit Tareno (Luxembourg) S.A.\" \/>\n<meta property=\"og:url\" content=\"https:\/\/www.tareno.lu\/de\/werte\/\" \/>\n<meta property=\"og:site_name\" content=\"Tareno (Luxembourg) S.A.\" \/>\n<meta property=\"article:modified_time\" content=\"2021-10-04T08:17:28+00:00\" \/>\n<meta name=\"twitter:card\" content=\"summary_large_image\" \/>\n<meta name=\"twitter:label1\" content=\"Gesch\u00e4tzte Lesezeit\" \/>\n\t<meta name=\"twitter:data1\" content=\"1\u00a0Minute\" \/>\n<script type=\"application\/ld+json\" class=\"yoast-schema-graph\">{\"@context\":\"https:\\\/\\\/schema.org\",\"@graph\":[{\"@type\":\"WebPage\",\"@id\":\"https:\\\/\\\/www.tareno.lu\\\/de\\\/werte\\\/\",\"url\":\"https:\\\/\\\/www.tareno.lu\\\/de\\\/werte\\\/\",\"name\":\"Tareno S.A. | Anlagephilosophie f\u00fcr jede Verm\u00f6genssituation\",\"isPartOf\":{\"@id\":\"https:\\\/\\\/www.tareno.lu\\\/#website\"},\"datePublished\":\"2020-09-28T08:20:07+00:00\",\"dateModified\":\"2021-10-04T08:17:28+00:00\",\"description\":\"Vertrauen, Objektivit\u00e4t und Transparenz bilden unsere Grundlage f\u00fcr jede Zusammenarbeit mit Tareno (Luxembourg) S.A.\",\"breadcrumb\":{\"@id\":\"https:\\\/\\\/www.tareno.lu\\\/de\\\/werte\\\/#breadcrumb\"},\"inLanguage\":\"de\",\"potentialAction\":[{\"@type\":\"ReadAction\",\"target\":[\"https:\\\/\\\/www.tareno.lu\\\/de\\\/werte\\\/\"]}]},{\"@type\":\"BreadcrumbList\",\"@id\":\"https:\\\/\\\/www.tareno.lu\\\/de\\\/werte\\\/#breadcrumb\",\"itemListElement\":[{\"@type\":\"ListItem\",\"position\":1,\"name\":\"Startseite\",\"item\":\"https:\\\/\\\/www.tareno.lu\\\/de\\\/\"},{\"@type\":\"ListItem\",\"position\":2,\"name\":\"WERTE\"}]},{\"@type\":\"WebSite\",\"@id\":\"https:\\\/\\\/www.tareno.lu\\\/#website\",\"url\":\"https:\\\/\\\/www.tareno.lu\\\/\",\"name\":\"Tareno (Luxembourg) S.A.\",\"description\":\"International Asset Managers\",\"potentialAction\":[{\"@type\":\"SearchAction\",\"target\":{\"@type\":\"EntryPoint\",\"urlTemplate\":\"https:\\\/\\\/www.tareno.lu\\\/?s={search_term_string}\"},\"query-input\":{\"@type\":\"PropertyValueSpecification\",\"valueRequired\":true,\"valueName\":\"search_term_string\"}}],\"inLanguage\":\"de\"}]}<\/script>\n<!-- \/ Yoast SEO plugin. -->","yoast_head_json":{"title":"Tareno S.A. | Anlagephilosophie f\u00fcr jede Verm\u00f6genssituation","description":"Vertrauen, Objektivit\u00e4t und Transparenz bilden unsere Grundlage f\u00fcr jede Zusammenarbeit mit Tareno (Luxembourg) S.A.","robots":{"index":"index","follow":"follow","max-snippet":"max-snippet:-1","max-image-preview":"max-image-preview:large","max-video-preview":"max-video-preview:-1"},"canonical":"https:\/\/www.tareno.lu\/de\/werte\/","og_locale":"de_DE","og_type":"article","og_title":"Tareno S.A. | Anlagephilosophie f\u00fcr jede Verm\u00f6genssituation","og_description":"Vertrauen, Objektivit\u00e4t und Transparenz bilden unsere Grundlage f\u00fcr jede Zusammenarbeit mit Tareno (Luxembourg) S.A.","og_url":"https:\/\/www.tareno.lu\/de\/werte\/","og_site_name":"Tareno (Luxembourg) S.A.","article_modified_time":"2021-10-04T08:17:28+00:00","twitter_card":"summary_large_image","twitter_misc":{"Gesch\u00e4tzte Lesezeit":"1\u00a0Minute"},"schema":{"@context":"https:\/\/schema.org","@graph":[{"@type":"WebPage","@id":"https:\/\/www.tareno.lu\/de\/werte\/","url":"https:\/\/www.tareno.lu\/de\/werte\/","name":"Tareno S.A. | Anlagephilosophie f\u00fcr jede Verm\u00f6genssituation","isPartOf":{"@id":"https:\/\/www.tareno.lu\/#website"},"datePublished":"2020-09-28T08:20:07+00:00","dateModified":"2021-10-04T08:17:28+00:00","description":"Vertrauen, Objektivit\u00e4t und Transparenz bilden unsere Grundlage f\u00fcr jede Zusammenarbeit mit Tareno (Luxembourg) S.A.","breadcrumb":{"@id":"https:\/\/www.tareno.lu\/de\/werte\/#breadcrumb"},"inLanguage":"de","potentialAction":[{"@type":"ReadAction","target":["https:\/\/www.tareno.lu\/de\/werte\/"]}]},{"@type":"BreadcrumbList","@id":"https:\/\/www.tareno.lu\/de\/werte\/#breadcrumb","itemListElement":[{"@type":"ListItem","position":1,"name":"Startseite","item":"https:\/\/www.tareno.lu\/de\/"},{"@type":"ListItem","position":2,"name":"WERTE"}]},{"@type":"WebSite","@id":"https:\/\/www.tareno.lu\/#website","url":"https:\/\/www.tareno.lu\/","name":"Tareno (Luxembourg) S.A.","description":"International Asset Managers","potentialAction":[{"@type":"SearchAction","target":{"@type":"EntryPoint","urlTemplate":"https:\/\/www.tareno.lu\/?s={search_term_string}"},"query-input":{"@type":"PropertyValueSpecification","valueRequired":true,"valueName":"search_term_string"}}],"inLanguage":"de"}]}},"_links":{"self":[{"href":"https:\/\/www.tareno.lu\/de\/wp-json\/wp\/v2\/pages\/5451","targetHints":{"allow":["GET"]}}],"collection":[{"href":"https:\/\/www.tareno.lu\/de\/wp-json\/wp\/v2\/pages"}],"about":[{"href":"https:\/\/www.tareno.lu\/de\/wp-json\/wp\/v2\/types\/page"}],"author":[{"embeddable":true,"href":"https:\/\/www.tareno.lu\/de\/wp-json\/wp\/v2\/users\/16"}],"replies":[{"embeddable":true,"href":"https:\/\/www.tareno.lu\/de\/wp-json\/wp\/v2\/comments?post=5451"}],"version-history":[{"count":21,"href":"https:\/\/www.tareno.lu\/de\/wp-json\/wp\/v2\/pages\/5451\/revisions"}],"predecessor-version":[{"id":6839,"href":"https:\/\/www.tareno.lu\/de\/wp-json\/wp\/v2\/pages\/5451\/revisions\/6839"}],"wp:attachment":[{"href":"https:\/\/www.tareno.lu\/de\/wp-json\/wp\/v2\/media?parent=5451"}],"curies":[{"name":"wp","href":"https:\/\/api.w.org\/{rel}","templated":true}]}}