{"id":7700,"date":"2024-05-22T10:18:47","date_gmt":"2024-05-22T08:18:47","guid":{"rendered":"https:\/\/www.tareno.lu\/?page_id=7700"},"modified":"2024-05-22T10:18:47","modified_gmt":"2024-05-22T08:18:47","slug":"beschwerden","status":"publish","type":"page","link":"https:\/\/www.tareno.lu\/de\/beschwerden\/","title":{"rendered":"Beschwerden"},"content":{"rendered":"<h2>Behandlung von Beschwerden<\/h2>\n<p>Eine Beschwerde kann per Post gerichtet werden an:<\/p>\n<p>Tareno (Luxembourg) S.A.<br \/>\nChief Compliance Officer<br \/>\n3, rue de la Poste<br \/>\nL-2346 Luxemburg<br \/>\noder per E-Mail an: complaints@tareno.lu<\/p>\n<p>Tareno (Luxembourg) S.A. wird jede Beschwerde so schnell wie m\u00f6glich bearbeiten.<\/p>\n<p>In einfachen F\u00e4llen erh\u00e4lt der Antragsteller innerhalb von maximal 10 Tagen nach Eingang der Beschwerde eine Antwort. In komplexeren F\u00e4llen wird dem Antragsteller innerhalb von 10 Tagen eine Empfangsbest\u00e4tigung zugesandt. In jedem Fall wird Tareno (Luxembourg) S.A. dem Antragsteller sp\u00e4testens innerhalb eines Monats nach Eingang der Beschwerde eine Antwort zukommen lassen. Sollte es nicht m\u00f6glich sein, innerhalb der oben genannten Frist von einem Monat eine Antwort zu geben, wird der Antragsteller von Tareno (Luxembourg) S.A. kontaktiert, um ihm die Gr\u00fcnde f\u00fcr die Verz\u00f6gerung und den voraussichtlichen Zeitpunkt der Antwort zu erkl\u00e4ren.<\/p>\n<p>Sollte die Antwort von Tareno (Luxembourg) S.A. den Antragsteller nicht zufrieden stellen, hat dieser die M\u00f6glichkeit, sich im Rahmen der au\u00dfergerichtlichen Beschwerdebearbeitung mit der CSSF in Verbindung zu setzen:<\/p>\n<p>Commission de Surveillance du Secteur Financier (CSSF)<br \/>\nD\u00e9partement Juridique CC<br \/>\n283, route d\u2019Arlon<br \/>\nL-2991 Luxembourg<\/p>\n<p><a href=\"https:\/\/www.cssf.lu\/en\/customer-complaints\/\">https:\/\/www.cssf.lu\/en\/customer-complaints\/<\/a><\/p>\n<p>E-mail : reclamation@cssf.lu<\/p>\n","protected":false},"excerpt":{"rendered":"<p>Behandlung von Beschwerden Eine Beschwerde kann per Post gerichtet werden an: Tareno (Luxembourg) S.A. Chief Compliance Officer 3, rue de la Poste L-2346 Luxemburg oder per E-Mail an: complaints@tareno.lu Tareno (Luxembourg) S.A. wird jede Beschwerde so schnell wie m\u00f6glich bearbeiten. In einfachen F\u00e4llen erh\u00e4lt der Antragsteller innerhalb von maximal 10 Tagen nach Eingang der Beschwerde<br \/><a class=\"moretag\" href=\"https:\/\/www.tareno.lu\/de\/beschwerden\/\"> weiterlesen <span class=\"glyphicon glyphicon-menu-right\"><\/span><\/a><\/p>\n","protected":false},"author":16,"featured_media":0,"parent":0,"menu_order":0,"comment_status":"closed","ping_status":"closed","template":"sidebar.php","meta":{"footnotes":""},"class_list":["post-7700","page","type-page","status-publish","hentry"],"yoast_head":"<!-- This site is optimized with the Yoast SEO plugin v27.1.1 - https:\/\/yoast.com\/product\/yoast-seo-wordpress\/ -->\n<title>Tareno (Luxembourg) S.A. | Beschwerden<\/title>\n<meta name=\"description\" content=\"Behandlung von Beschwerden Eine Beschwerde kann per Post gerichtet werden an: Tareno (Luxembourg) S.A. Chief Compliance Officer 3, rue de la Poste L-2346\" \/>\n<meta name=\"robots\" content=\"index, follow, max-snippet:-1, max-image-preview:large, max-video-preview:-1\" \/>\n<link rel=\"canonical\" href=\"https:\/\/www.tareno.lu\/de\/beschwerden\/\" \/>\n<meta property=\"og:locale\" content=\"de_DE\" \/>\n<meta property=\"og:type\" content=\"article\" \/>\n<meta property=\"og:title\" content=\"Tareno (Luxembourg) S.A. | Beschwerden\" \/>\n<meta property=\"og:description\" content=\"Behandlung von Beschwerden Eine Beschwerde kann per Post gerichtet werden an: Tareno (Luxembourg) S.A. Chief Compliance Officer 3, rue de la Poste L-2346\" \/>\n<meta property=\"og:url\" content=\"https:\/\/www.tareno.lu\/de\/beschwerden\/\" \/>\n<meta property=\"og:site_name\" content=\"Tareno (Luxembourg) S.A.\" \/>\n<meta name=\"twitter:card\" content=\"summary_large_image\" \/>\n<meta name=\"twitter:label1\" content=\"Gesch\u00e4tzte Lesezeit\" \/>\n\t<meta name=\"twitter:data1\" content=\"1\u00a0Minute\" \/>\n<script type=\"application\/ld+json\" class=\"yoast-schema-graph\">{\"@context\":\"https:\/\/schema.org\",\"@graph\":[{\"@type\":\"WebPage\",\"@id\":\"https:\/\/www.tareno.lu\/de\/beschwerden\/\",\"url\":\"https:\/\/www.tareno.lu\/de\/beschwerden\/\",\"name\":\"Tareno (Luxembourg) S.A. | Beschwerden\",\"isPartOf\":{\"@id\":\"https:\/\/www.tareno.lu\/#website\"},\"datePublished\":\"2024-05-22T08:18:47+00:00\",\"description\":\"Behandlung von Beschwerden Eine Beschwerde kann per Post gerichtet werden an: Tareno (Luxembourg) S.A. Chief Compliance Officer 3, rue de la Poste L-2346\",\"breadcrumb\":{\"@id\":\"https:\/\/www.tareno.lu\/de\/beschwerden\/#breadcrumb\"},\"inLanguage\":\"de\",\"potentialAction\":[{\"@type\":\"ReadAction\",\"target\":[\"https:\/\/www.tareno.lu\/de\/beschwerden\/\"]}]},{\"@type\":\"BreadcrumbList\",\"@id\":\"https:\/\/www.tareno.lu\/de\/beschwerden\/#breadcrumb\",\"itemListElement\":[{\"@type\":\"ListItem\",\"position\":1,\"name\":\"Startseite\",\"item\":\"https:\/\/www.tareno.lu\/de\/\"},{\"@type\":\"ListItem\",\"position\":2,\"name\":\"Beschwerden\"}]},{\"@type\":\"WebSite\",\"@id\":\"https:\/\/www.tareno.lu\/#website\",\"url\":\"https:\/\/www.tareno.lu\/\",\"name\":\"Tareno (Luxembourg) S.A.\",\"description\":\"International Asset Managers\",\"potentialAction\":[{\"@type\":\"SearchAction\",\"target\":{\"@type\":\"EntryPoint\",\"urlTemplate\":\"https:\/\/www.tareno.lu\/?s={search_term_string}\"},\"query-input\":{\"@type\":\"PropertyValueSpecification\",\"valueRequired\":true,\"valueName\":\"search_term_string\"}}],\"inLanguage\":\"de\"}]}<\/script>\n<!-- \/ Yoast SEO plugin. -->","yoast_head_json":{"title":"Tareno (Luxembourg) S.A. | Beschwerden","description":"Behandlung von Beschwerden Eine Beschwerde kann per Post gerichtet werden an: Tareno (Luxembourg) S.A. Chief Compliance Officer 3, rue de la Poste L-2346","robots":{"index":"index","follow":"follow","max-snippet":"max-snippet:-1","max-image-preview":"max-image-preview:large","max-video-preview":"max-video-preview:-1"},"canonical":"https:\/\/www.tareno.lu\/de\/beschwerden\/","og_locale":"de_DE","og_type":"article","og_title":"Tareno (Luxembourg) S.A. | Beschwerden","og_description":"Behandlung von Beschwerden Eine Beschwerde kann per Post gerichtet werden an: Tareno (Luxembourg) S.A. Chief Compliance Officer 3, rue de la Poste L-2346","og_url":"https:\/\/www.tareno.lu\/de\/beschwerden\/","og_site_name":"Tareno (Luxembourg) S.A.","twitter_card":"summary_large_image","twitter_misc":{"Gesch\u00e4tzte Lesezeit":"1\u00a0Minute"},"schema":{"@context":"https:\/\/schema.org","@graph":[{"@type":"WebPage","@id":"https:\/\/www.tareno.lu\/de\/beschwerden\/","url":"https:\/\/www.tareno.lu\/de\/beschwerden\/","name":"Tareno (Luxembourg) S.A. | Beschwerden","isPartOf":{"@id":"https:\/\/www.tareno.lu\/#website"},"datePublished":"2024-05-22T08:18:47+00:00","description":"Behandlung von Beschwerden Eine Beschwerde kann per Post gerichtet werden an: Tareno (Luxembourg) S.A. Chief Compliance Officer 3, rue de la Poste L-2346","breadcrumb":{"@id":"https:\/\/www.tareno.lu\/de\/beschwerden\/#breadcrumb"},"inLanguage":"de","potentialAction":[{"@type":"ReadAction","target":["https:\/\/www.tareno.lu\/de\/beschwerden\/"]}]},{"@type":"BreadcrumbList","@id":"https:\/\/www.tareno.lu\/de\/beschwerden\/#breadcrumb","itemListElement":[{"@type":"ListItem","position":1,"name":"Startseite","item":"https:\/\/www.tareno.lu\/de\/"},{"@type":"ListItem","position":2,"name":"Beschwerden"}]},{"@type":"WebSite","@id":"https:\/\/www.tareno.lu\/#website","url":"https:\/\/www.tareno.lu\/","name":"Tareno (Luxembourg) S.A.","description":"International Asset Managers","potentialAction":[{"@type":"SearchAction","target":{"@type":"EntryPoint","urlTemplate":"https:\/\/www.tareno.lu\/?s={search_term_string}"},"query-input":{"@type":"PropertyValueSpecification","valueRequired":true,"valueName":"search_term_string"}}],"inLanguage":"de"}]}},"_links":{"self":[{"href":"https:\/\/www.tareno.lu\/de\/wp-json\/wp\/v2\/pages\/7700","targetHints":{"allow":["GET"]}}],"collection":[{"href":"https:\/\/www.tareno.lu\/de\/wp-json\/wp\/v2\/pages"}],"about":[{"href":"https:\/\/www.tareno.lu\/de\/wp-json\/wp\/v2\/types\/page"}],"author":[{"embeddable":true,"href":"https:\/\/www.tareno.lu\/de\/wp-json\/wp\/v2\/users\/16"}],"replies":[{"embeddable":true,"href":"https:\/\/www.tareno.lu\/de\/wp-json\/wp\/v2\/comments?post=7700"}],"version-history":[{"count":3,"href":"https:\/\/www.tareno.lu\/de\/wp-json\/wp\/v2\/pages\/7700\/revisions"}],"predecessor-version":[{"id":7703,"href":"https:\/\/www.tareno.lu\/de\/wp-json\/wp\/v2\/pages\/7700\/revisions\/7703"}],"wp:attachment":[{"href":"https:\/\/www.tareno.lu\/de\/wp-json\/wp\/v2\/media?parent=7700"}],"curies":[{"name":"wp","href":"https:\/\/api.w.org\/{rel}","templated":true}]}}