{"id":6697,"date":"2021-07-27T13:23:39","date_gmt":"2021-07-27T11:23:39","guid":{"rendered":"https:\/\/temp.wuk.ch\/?page_id=6697"},"modified":"2024-05-22T10:00:39","modified_gmt":"2024-05-22T08:00:39","slug":"reclamations","status":"publish","type":"page","link":"https:\/\/www.tareno.lu\/fr\/reclamations\/","title":{"rendered":"Reclamations"},"content":{"rendered":"<p>[vc_row][vc_column][vc_column_text]<\/p>\n<h2>Traitement des r\u00e9clamations<\/h2>\n<p>Une r\u00e9clamation peut \u00eatre adress\u00e9e par voie postale \u00e0 :<\/p>\n<p>Tareno (Luxembourg) S.A.<br \/>\nChief Compliance Officer<br \/>\n3, rue de la Poste<br \/>\nL-2346 Luxembourg<br \/>\nou par e-mail \u00e0 : complaints@tareno.lu<\/p>\n<p>Tareno (Luxembourg) S.A. traitera chaque r\u00e9clamation dans les plus brefs d\u00e9lais.<\/p>\n<p>Pour les cas simples, le r\u00e9clamant recevra une r\u00e9ponse end\u00e9ans 10 jours maximum, \u00e0 partir de la date de r\u00e9ception du courrier de r\u00e9clamation. Dans des cas plus complexes, un accus\u00e9 de r\u00e9ception sera envoy\u00e9 au r\u00e9clamant dans les dix jours. Dans tous les cas, Tareno (Luxembourg) S.A. apportera une r\u00e9ponse au r\u00e9clamant au plus tard dans le mois suivant la date de r\u00e9ception de la r\u00e9clamation. En cas d\u2019impossibilit\u00e9 de donner une r\u00e9ponse end\u00e9ans ce d\u00e9lai pr\u00e9cit\u00e9 d\u2019un mois, le r\u00e9clamant sera contact\u00e9 par Tareno (Luxembourg) S.A. pour lui expliquer les raisons du retard et la date estim\u00e9e de r\u00e9ponse.<\/p>\n<p>Si la r\u00e9ponse donn\u00e9e par Tareno (Luxembourg) S.A. ne satisfait pas le r\u00e9clamant, ce dernier a la possibilit\u00e9 de se mettre en relation avec la CSSF dans le cadre du traitement extrajudiciaire des r\u00e9clamations :<\/p>\n<p>Commission de Surveillance du Secteur Financier (CSSF)<br \/>\nD\u00e9partement Juridique CC<br \/>\n283, route d\u2019Arlon<br \/>\nL-2991 Luxembourg<\/p>\n<p><a href=\"https:\/\/www.cssf.lu\/fr\/reclamations-clientele\/\">https:\/\/www.cssf.lu\/fr\/reclamations-clientele\/<\/a><\/p>\n<p>E-mail : reclamation@cssf.lu[\/vc_column_text][\/vc_column][\/vc_row]<\/p>\n","protected":false},"excerpt":{"rendered":"<p>[vc_row][vc_column][vc_column_text] Traitement des r\u00e9clamations Une r\u00e9clamation peut \u00eatre adress\u00e9e par voie postale \u00e0 : Tareno (Luxembourg) S.A. Chief Compliance Officer 3, rue de la Poste L-2346 Luxembourg ou par e-mail \u00e0 : complaints@tareno.lu Tareno (Luxembourg) S.A. traitera chaque r\u00e9clamation dans les plus brefs d\u00e9lais. Pour les cas simples, le r\u00e9clamant recevra une r\u00e9ponse end\u00e9ans 10<br \/><a class=\"moretag\" href=\"https:\/\/www.tareno.lu\/fr\/reclamations\/\"> read more <span class=\"glyphicon glyphicon-menu-right\"><\/span><\/a><\/p>\n","protected":false},"author":7,"featured_media":0,"parent":0,"menu_order":0,"comment_status":"closed","ping_status":"closed","template":"sidebar.php","meta":{"footnotes":""},"class_list":["post-6697","page","type-page","status-publish","hentry"],"yoast_head":"<!-- This site is optimized with the Yoast SEO plugin v27.1.1 - https:\/\/yoast.com\/product\/yoast-seo-wordpress\/ -->\n<title>Tareno (Luxembourg) S.A. | Reclamations<\/title>\n<meta name=\"description\" content=\"Sehen Sie die Richtlinien von Tareno (Luxembourg) S.A. ein, indem Sie auf die Links klicken: Privacy Policy, R\u00e9clamations, Protections des donn\u00e9es\" \/>\n<meta name=\"robots\" content=\"index, follow, max-snippet:-1, max-image-preview:large, max-video-preview:-1\" \/>\n<link rel=\"canonical\" href=\"https:\/\/www.tareno.lu\/fr\/reclamations\/\" \/>\n<meta property=\"og:locale\" content=\"fr_FR\" \/>\n<meta property=\"og:type\" content=\"article\" \/>\n<meta property=\"og:title\" content=\"Tareno (Luxembourg) S.A. | Reclamations\" \/>\n<meta property=\"og:description\" content=\"Sehen Sie die Richtlinien von Tareno (Luxembourg) S.A. ein, indem Sie auf die Links klicken: Privacy Policy, R\u00e9clamations, Protections des donn\u00e9es\" \/>\n<meta property=\"og:url\" content=\"https:\/\/www.tareno.lu\/fr\/reclamations\/\" \/>\n<meta property=\"og:site_name\" content=\"Tareno (Luxembourg) S.A.\" \/>\n<meta property=\"article:modified_time\" content=\"2024-05-22T08:00:39+00:00\" \/>\n<meta name=\"twitter:card\" content=\"summary_large_image\" \/>\n<meta name=\"twitter:label1\" content=\"Dur\u00e9e de lecture estim\u00e9e\" \/>\n\t<meta name=\"twitter:data1\" content=\"1 minute\" \/>\n<script type=\"application\/ld+json\" class=\"yoast-schema-graph\">{\"@context\":\"https:\/\/schema.org\",\"@graph\":[{\"@type\":\"WebPage\",\"@id\":\"https:\/\/www.tareno.lu\/fr\/reclamations\/\",\"url\":\"https:\/\/www.tareno.lu\/fr\/reclamations\/\",\"name\":\"Tareno (Luxembourg) S.A. | Reclamations\",\"isPartOf\":{\"@id\":\"https:\/\/www.tareno.lu\/#website\"},\"datePublished\":\"2021-07-27T11:23:39+00:00\",\"dateModified\":\"2024-05-22T08:00:39+00:00\",\"description\":\"Sehen Sie die Richtlinien von Tareno (Luxembourg) S.A. ein, indem Sie auf die Links klicken: Privacy Policy, R\u00e9clamations, Protections des donn\u00e9es\",\"breadcrumb\":{\"@id\":\"https:\/\/www.tareno.lu\/fr\/reclamations\/#breadcrumb\"},\"inLanguage\":\"fr-FR\",\"potentialAction\":[{\"@type\":\"ReadAction\",\"target\":[\"https:\/\/www.tareno.lu\/fr\/reclamations\/\"]}]},{\"@type\":\"BreadcrumbList\",\"@id\":\"https:\/\/www.tareno.lu\/fr\/reclamations\/#breadcrumb\",\"itemListElement\":[{\"@type\":\"ListItem\",\"position\":1,\"name\":\"Startseite\",\"item\":\"https:\/\/www.tareno.lu\/fr\/\"},{\"@type\":\"ListItem\",\"position\":2,\"name\":\"Reclamations\"}]},{\"@type\":\"WebSite\",\"@id\":\"https:\/\/www.tareno.lu\/#website\",\"url\":\"https:\/\/www.tareno.lu\/\",\"name\":\"Tareno (Luxembourg) S.A.\",\"description\":\"International Asset Managers\",\"potentialAction\":[{\"@type\":\"SearchAction\",\"target\":{\"@type\":\"EntryPoint\",\"urlTemplate\":\"https:\/\/www.tareno.lu\/?s={search_term_string}\"},\"query-input\":{\"@type\":\"PropertyValueSpecification\",\"valueRequired\":true,\"valueName\":\"search_term_string\"}}],\"inLanguage\":\"fr-FR\"}]}<\/script>\n<!-- \/ Yoast SEO plugin. -->","yoast_head_json":{"title":"Tareno (Luxembourg) S.A. | Reclamations","description":"Sehen Sie die Richtlinien von Tareno (Luxembourg) S.A. ein, indem Sie auf die Links klicken: Privacy Policy, R\u00e9clamations, Protections des donn\u00e9es","robots":{"index":"index","follow":"follow","max-snippet":"max-snippet:-1","max-image-preview":"max-image-preview:large","max-video-preview":"max-video-preview:-1"},"canonical":"https:\/\/www.tareno.lu\/fr\/reclamations\/","og_locale":"fr_FR","og_type":"article","og_title":"Tareno (Luxembourg) S.A. | Reclamations","og_description":"Sehen Sie die Richtlinien von Tareno (Luxembourg) S.A. ein, indem Sie auf die Links klicken: Privacy Policy, R\u00e9clamations, Protections des donn\u00e9es","og_url":"https:\/\/www.tareno.lu\/fr\/reclamations\/","og_site_name":"Tareno (Luxembourg) S.A.","article_modified_time":"2024-05-22T08:00:39+00:00","twitter_card":"summary_large_image","twitter_misc":{"Dur\u00e9e de lecture estim\u00e9e":"1 minute"},"schema":{"@context":"https:\/\/schema.org","@graph":[{"@type":"WebPage","@id":"https:\/\/www.tareno.lu\/fr\/reclamations\/","url":"https:\/\/www.tareno.lu\/fr\/reclamations\/","name":"Tareno (Luxembourg) S.A. | Reclamations","isPartOf":{"@id":"https:\/\/www.tareno.lu\/#website"},"datePublished":"2021-07-27T11:23:39+00:00","dateModified":"2024-05-22T08:00:39+00:00","description":"Sehen Sie die Richtlinien von Tareno (Luxembourg) S.A. ein, indem Sie auf die Links klicken: Privacy Policy, R\u00e9clamations, Protections des donn\u00e9es","breadcrumb":{"@id":"https:\/\/www.tareno.lu\/fr\/reclamations\/#breadcrumb"},"inLanguage":"fr-FR","potentialAction":[{"@type":"ReadAction","target":["https:\/\/www.tareno.lu\/fr\/reclamations\/"]}]},{"@type":"BreadcrumbList","@id":"https:\/\/www.tareno.lu\/fr\/reclamations\/#breadcrumb","itemListElement":[{"@type":"ListItem","position":1,"name":"Startseite","item":"https:\/\/www.tareno.lu\/fr\/"},{"@type":"ListItem","position":2,"name":"Reclamations"}]},{"@type":"WebSite","@id":"https:\/\/www.tareno.lu\/#website","url":"https:\/\/www.tareno.lu\/","name":"Tareno (Luxembourg) S.A.","description":"International Asset Managers","potentialAction":[{"@type":"SearchAction","target":{"@type":"EntryPoint","urlTemplate":"https:\/\/www.tareno.lu\/?s={search_term_string}"},"query-input":{"@type":"PropertyValueSpecification","valueRequired":true,"valueName":"search_term_string"}}],"inLanguage":"fr-FR"}]}},"_links":{"self":[{"href":"https:\/\/www.tareno.lu\/fr\/wp-json\/wp\/v2\/pages\/6697","targetHints":{"allow":["GET"]}}],"collection":[{"href":"https:\/\/www.tareno.lu\/fr\/wp-json\/wp\/v2\/pages"}],"about":[{"href":"https:\/\/www.tareno.lu\/fr\/wp-json\/wp\/v2\/types\/page"}],"author":[{"embeddable":true,"href":"https:\/\/www.tareno.lu\/fr\/wp-json\/wp\/v2\/users\/7"}],"replies":[{"embeddable":true,"href":"https:\/\/www.tareno.lu\/fr\/wp-json\/wp\/v2\/comments?post=6697"}],"version-history":[{"count":10,"href":"https:\/\/www.tareno.lu\/fr\/wp-json\/wp\/v2\/pages\/6697\/revisions"}],"predecessor-version":[{"id":7699,"href":"https:\/\/www.tareno.lu\/fr\/wp-json\/wp\/v2\/pages\/6697\/revisions\/7699"}],"wp:attachment":[{"href":"https:\/\/www.tareno.lu\/fr\/wp-json\/wp\/v2\/media?parent=6697"}],"curies":[{"name":"wp","href":"https:\/\/api.w.org\/{rel}","templated":true}]}}