{"id":6699,"date":"2021-07-27T13:36:51","date_gmt":"2021-07-27T11:36:51","guid":{"rendered":"https:\/\/temp.wuk.ch\/?page_id=6699"},"modified":"2024-05-22T16:19:19","modified_gmt":"2024-05-22T14:19:19","slug":"la-protection-des-donnees","status":"publish","type":"page","link":"https:\/\/www.tareno.lu\/fr\/la-protection-des-donnees\/","title":{"rendered":"La protection des donn\u00e9es"},"content":{"rendered":"<p>[vc_row][vc_column][vc_column_text]<\/p>\n<h3>La protection des donn\u00e9es<\/h3>\n<p>Tareno (Luxembourg) S.A. traite \u00e0 partir du 25 mai 2018 les donn\u00e9es personnelles conform\u00e9ment au r\u00e8glement UE 2016\/679 du Parlement Europ\u00e9en et du Conseil du 27 avril 2016 relatif \u00e0 la protection des personnes physiques \u00e0 l\u2019\u00e9gard du traitement des donn\u00e9es \u00e0 caract\u00e8re personnel et \u00e0 la libre circulation de ces donn\u00e9es.<\/p>\n<p>\u00ab Donn\u00e9e \u00e0 caract\u00e8re personnel \u00bb d\u00e9finit toute information se rapportant \u00e0 une personne physique identifi\u00e9e ou identifiable. Une personne physique est r\u00e9put\u00e9e identifiable lorsqu\u2019elle peut \u00eatre identifi\u00e9e, directement ou indirectement, notamment par r\u00e9f\u00e9rence \u00e0 un num\u00e9ro d\u2019identification ou \u00e0 un ou plusieurs \u00e9l\u00e9ments sp\u00e9cifiques propres \u00e0 son identit\u00e9 physique, physiologique, g\u00e9n\u00e9tique, psychique, culturelle, sociale ou \u00e9conomique.<\/p>\n<p>\u00ab Traitement de donn\u00e9es \u00e0 caract\u00e8re personnel \u00bb d\u00e9signe toutes les utilisations de ces donn\u00e9es, tels que la collecte, l\u2019enregistrement, l\u2019organisation, la conservation, l\u2019adaptation ou la modification, l\u2019extraction, la consultation, l\u2019utilisation, la communication par transmission, la diffusion ou toute autre forme de mise \u00e0 disposition de donn\u00e9es, le rapprochement ou l\u2019interconnexion ainsi que le verrouillage, l\u2019effacement ou la destruction de donn\u00e9es.<\/p>\n<p>&nbsp;<\/p>\n<h3>Donn\u00e9es personnelles susceptibles d\u2019\u00eatre collect\u00e9es et trait\u00e9es<\/h3>\n<ul>\n<li>Donn\u00e9es d\u2019identification (ex : nom, adresse, num\u00e9ros de t\u00e9l\u00e9phone, date de naissance, sexe, num\u00e9ro de carte d\u2019identit\u00e9, adresse e-mail, adresse IP)<\/li>\n<li>Donn\u00e9es financi\u00e8res (ex : num\u00e9ros de compte bancaires, revenus, immobilier, transactions financi\u00e8res)<\/li>\n<li>Donn\u00e9es sur l\u2019\u00e9ducation, formation, profession, employeur, loisirs, statut marital<\/li>\n<\/ul>\n<p>&nbsp;<\/p>\n<h3>Donn\u00e9es personnelles qui ne sont pas trait\u00e9es<\/h3>\n<ul>\n<li>Donn\u00e9es sensibles (l\u2019origine raciale ou ethnique, les opinions politiques, les convictions religieuses ou philosophiques, l\u2019appartenance syndicale, la sant\u00e9, orientation sexuelle, donn\u00e9es g\u00e9n\u00e9tiques), sauf avec le consentement des personnes concern\u00e9es<\/li>\n<\/ul>\n<p>&nbsp;<\/p>\n<h3>L\u00e9gitimit\u00e9 \/ finalit\u00e9 du traitement des donn\u00e9es \u00e0 caract\u00e8re personnel<\/h3>\n<ul>\n<li>Le traitement des donn\u00e9es est n\u00e9cessaire \u00e0 l\u2019ex\u00e9cution d\u2019un contrat que vous ayez conclu, ou avez l\u2019intention de conclure avec nous<\/li>\n<li>Vous nous avez donn\u00e9 votre consentement (ex. marketing direct)<\/li>\n<li>Le traitement de donn\u00e9es est n\u00e9cessaire au respect d\u2019une obligation l\u00e9gale \u00e0 laquelle nous sommes soumis (Know Your Customer, MIFID, lutte contre le blanchiment d\u2019argent, contre le financement du terrorisme et la fraude fiscale)<\/li>\n<li>Le traitement des donn\u00e9es est n\u00e9cessaire \u00e0 un int\u00e9r\u00eat l\u00e9gitime de Tareno (Luxembourg) S.A. (d\u00e9fense des int\u00e9r\u00eats de Tareno (Luxembourg) S.A. en justice, \u00e0 condition que nos int\u00e9r\u00eats pr\u00e9valent sur vos int\u00e9r\u00eats, droits et libert\u00e9s fondamentaux)<\/li>\n<\/ul>\n<p>&nbsp;<\/p>\n<h3>Traitement des donn\u00e9es personnelles<\/h3>\n<p>Le traitement se limite \u00e0 vos donn\u00e9es pour lesquelles il existe un rapport direct avec la finalit\u00e9 initiale du traitement. Sont trait\u00e9s les informations qui sont n\u00e9cessaires \u00e0 l\u2019ex\u00e9cution de la finalit\u00e9 et donc \u00e0 des donn\u00e9es pour lesquelles il existe un rapport direct. Tous les efforts sont faits pour que les donn\u00e9es trait\u00e9es soient correctes et actuelles. En plus, elles sont trait\u00e9es de mani\u00e8re confidentielle et sont stock\u00e9es \u00e0 des endroits et du mat\u00e9riel s\u00fbrs. Nous avons pris des mesures organisationnelles, techniques et physiques appropri\u00e9es afin d\u2019assurer la protection des donn\u00e9es et d\u2019emp\u00eacher la destruction accidentelle ou illicite, la perte accidentelle, l\u2019alt\u00e9ration, la diffusion ou l\u2019acc\u00e8s non autoris\u00e9s des donn\u00e9es.<\/p>\n<p>L\u2019acc\u00e8s \u00e0 vos donn\u00e9es est limit\u00e9 aux collaborateurs et prestataires externes, dans le cadre de l\u2019ex\u00e9cution de leurs services pour la r\u00e9alisation des m\u00eames buts (ex : informatique). Elles sont \u00e9galement susceptibles d\u2019\u00eatre transf\u00e9r\u00e9es par nous \u00e0 d\u2019autres institutions financi\u00e8res (ex : votre banque d\u00e9positaire). Finalement, vos donn\u00e9es personnelles peuvent \u00eatre transf\u00e9r\u00e9es \u00e0 une autorit\u00e9 publique en vertu d\u2019une obligation l\u00e9gale ou r\u00e9glementaire.<\/p>\n<p>Tareno (Luxembourg) S.A. conserve vos donn\u00e9es personnelles pour la dur\u00e9e n\u00e9cessaire \u00e0 l\u2019ex\u00e9cution de la finalit\u00e9 et conform\u00e9ment \u00e0 ses obligations l\u00e9gales.<\/p>\n<p>&nbsp;<\/p>\n<h3>Vos droits<\/h3>\n<ul>\n<li>Droit d\u2019acc\u00e8s et d\u2019avoir une copie<\/li>\n<li>Droit de rectification<\/li>\n<li>Droit d\u2019effacement (dans les conditions et dans les limites pr\u00e9vues par le r\u00e8glement sur la protection des donn\u00e9es)<\/li>\n<li>Droit \u00e0 la portabilit\u00e9 : vous pouvez demander de r\u00e9cup\u00e9rer vos donn\u00e9es personnelles dans un format structur\u00e9, couramment utilis\u00e9 et lisible par machine afin de les transmettre \u00e0 un tiers.<\/li>\n<li>Droit d\u2019opposition : vous pouvez par exemple \u00e0 tout moment retirer votre consentement pour le traitement de vos donn\u00e9es personnelles Si vous souhaitez demander l\u2019exercice d\u2019un de ces droits ou si vous n\u2019\u00eates pas satisfait de la mani\u00e8re dont nous traitons vos donn\u00e9es personnelles, vous pouvez vous adresser par voie postale \u00e0:<\/li>\n<\/ul>\n<p>&nbsp;<\/p>\n<p>Tareno (Luxembourg) S.A.<br \/>\nChief Compliance Officer<br \/>\n3, rue de la Poste<br \/>\nL-2346 Luxembourg<\/p>\n<p>ou par e-mail \u00e0: complaints@tareno.lu.<\/p>\n<p>Si la r\u00e9ponse donn\u00e9e par Tareno (Luxembourg) S.A. ne vous satisfait pas, vous pouvez soumettre votre r\u00e9clamation \u00e0:<\/p>\n<p>Commission National pour la Protection des Donn\u00e9es<br \/>\n1, avenue du Rock\u2019n\u2019Roll<br \/>\nL-4361 Esch-sur-Alzette<br \/>\nwww.cnpd.lu[\/vc_column_text][\/vc_column][\/vc_row]<\/p>\n","protected":false},"excerpt":{"rendered":"<p>[vc_row][vc_column][vc_column_text] La protection des donn\u00e9es Tareno (Luxembourg) S.A. traite \u00e0 partir du 25 mai 2018 les donn\u00e9es personnelles conform\u00e9ment au r\u00e8glement UE 2016\/679 du Parlement Europ\u00e9en et du Conseil du 27 avril 2016 relatif \u00e0 la protection des personnes physiques \u00e0 l\u2019\u00e9gard du traitement des donn\u00e9es \u00e0 caract\u00e8re personnel et \u00e0 la libre circulation de<br \/><a class=\"moretag\" href=\"https:\/\/www.tareno.lu\/fr\/la-protection-des-donnees\/\"> read more <span class=\"glyphicon glyphicon-menu-right\"><\/span><\/a><\/p>\n","protected":false},"author":7,"featured_media":0,"parent":0,"menu_order":0,"comment_status":"closed","ping_status":"closed","template":"sidebar.php","meta":{"footnotes":""},"class_list":["post-6699","page","type-page","status-publish","hentry"],"yoast_head":"<!-- This site is optimized with the Yoast SEO plugin v27.1.1 - https:\/\/yoast.com\/product\/yoast-seo-wordpress\/ -->\n<title>Tareno (Luxembourg) S.A. | La protection des donn\u00e9es<\/title>\n<meta name=\"description\" content=\"Sehen Sie die Richtlinien von Tareno (Luxembourg) S.A. ein, indem Sie auf die Links klicken: Privacy Policy, R\u00e9clamations, Protections des donn\u00e9es\" \/>\n<meta name=\"robots\" content=\"index, follow, max-snippet:-1, max-image-preview:large, max-video-preview:-1\" \/>\n<link rel=\"canonical\" href=\"https:\/\/www.tareno.lu\/fr\/la-protection-des-donnees\/\" \/>\n<meta property=\"og:locale\" content=\"fr_FR\" \/>\n<meta property=\"og:type\" content=\"article\" \/>\n<meta property=\"og:title\" content=\"Tareno (Luxembourg) S.A. | La protection des donn\u00e9es\" \/>\n<meta property=\"og:description\" content=\"Sehen Sie die Richtlinien von Tareno (Luxembourg) S.A. ein, indem Sie auf die Links klicken: Privacy Policy, R\u00e9clamations, Protections des donn\u00e9es\" \/>\n<meta property=\"og:url\" content=\"https:\/\/www.tareno.lu\/fr\/la-protection-des-donnees\/\" \/>\n<meta property=\"og:site_name\" content=\"Tareno (Luxembourg) S.A.\" \/>\n<meta property=\"article:modified_time\" content=\"2024-05-22T14:19:19+00:00\" \/>\n<meta name=\"twitter:card\" content=\"summary_large_image\" \/>\n<meta name=\"twitter:label1\" content=\"Dur\u00e9e de lecture estim\u00e9e\" \/>\n\t<meta name=\"twitter:data1\" content=\"4 minutes\" \/>\n<script type=\"application\/ld+json\" class=\"yoast-schema-graph\">{\"@context\":\"https:\/\/schema.org\",\"@graph\":[{\"@type\":\"WebPage\",\"@id\":\"https:\/\/www.tareno.lu\/fr\/la-protection-des-donnees\/\",\"url\":\"https:\/\/www.tareno.lu\/fr\/la-protection-des-donnees\/\",\"name\":\"Tareno (Luxembourg) S.A. | La protection des donn\u00e9es\",\"isPartOf\":{\"@id\":\"https:\/\/www.tareno.lu\/#website\"},\"datePublished\":\"2021-07-27T11:36:51+00:00\",\"dateModified\":\"2024-05-22T14:19:19+00:00\",\"description\":\"Sehen Sie die Richtlinien von Tareno (Luxembourg) S.A. ein, indem Sie auf die Links klicken: Privacy Policy, R\u00e9clamations, Protections des donn\u00e9es\",\"breadcrumb\":{\"@id\":\"https:\/\/www.tareno.lu\/fr\/la-protection-des-donnees\/#breadcrumb\"},\"inLanguage\":\"fr-FR\",\"potentialAction\":[{\"@type\":\"ReadAction\",\"target\":[\"https:\/\/www.tareno.lu\/fr\/la-protection-des-donnees\/\"]}]},{\"@type\":\"BreadcrumbList\",\"@id\":\"https:\/\/www.tareno.lu\/fr\/la-protection-des-donnees\/#breadcrumb\",\"itemListElement\":[{\"@type\":\"ListItem\",\"position\":1,\"name\":\"Startseite\",\"item\":\"https:\/\/www.tareno.lu\/fr\/\"},{\"@type\":\"ListItem\",\"position\":2,\"name\":\"La protection des donn\u00e9es\"}]},{\"@type\":\"WebSite\",\"@id\":\"https:\/\/www.tareno.lu\/#website\",\"url\":\"https:\/\/www.tareno.lu\/\",\"name\":\"Tareno (Luxembourg) S.A.\",\"description\":\"International Asset Managers\",\"potentialAction\":[{\"@type\":\"SearchAction\",\"target\":{\"@type\":\"EntryPoint\",\"urlTemplate\":\"https:\/\/www.tareno.lu\/?s={search_term_string}\"},\"query-input\":{\"@type\":\"PropertyValueSpecification\",\"valueRequired\":true,\"valueName\":\"search_term_string\"}}],\"inLanguage\":\"fr-FR\"}]}<\/script>\n<!-- \/ Yoast SEO plugin. -->","yoast_head_json":{"title":"Tareno (Luxembourg) S.A. | La protection des donn\u00e9es","description":"Sehen Sie die Richtlinien von Tareno (Luxembourg) S.A. ein, indem Sie auf die Links klicken: Privacy Policy, R\u00e9clamations, Protections des donn\u00e9es","robots":{"index":"index","follow":"follow","max-snippet":"max-snippet:-1","max-image-preview":"max-image-preview:large","max-video-preview":"max-video-preview:-1"},"canonical":"https:\/\/www.tareno.lu\/fr\/la-protection-des-donnees\/","og_locale":"fr_FR","og_type":"article","og_title":"Tareno (Luxembourg) S.A. | La protection des donn\u00e9es","og_description":"Sehen Sie die Richtlinien von Tareno (Luxembourg) S.A. ein, indem Sie auf die Links klicken: Privacy Policy, R\u00e9clamations, Protections des donn\u00e9es","og_url":"https:\/\/www.tareno.lu\/fr\/la-protection-des-donnees\/","og_site_name":"Tareno (Luxembourg) S.A.","article_modified_time":"2024-05-22T14:19:19+00:00","twitter_card":"summary_large_image","twitter_misc":{"Dur\u00e9e de lecture estim\u00e9e":"4 minutes"},"schema":{"@context":"https:\/\/schema.org","@graph":[{"@type":"WebPage","@id":"https:\/\/www.tareno.lu\/fr\/la-protection-des-donnees\/","url":"https:\/\/www.tareno.lu\/fr\/la-protection-des-donnees\/","name":"Tareno (Luxembourg) S.A. | La protection des donn\u00e9es","isPartOf":{"@id":"https:\/\/www.tareno.lu\/#website"},"datePublished":"2021-07-27T11:36:51+00:00","dateModified":"2024-05-22T14:19:19+00:00","description":"Sehen Sie die Richtlinien von Tareno (Luxembourg) S.A. ein, indem Sie auf die Links klicken: Privacy Policy, R\u00e9clamations, Protections des donn\u00e9es","breadcrumb":{"@id":"https:\/\/www.tareno.lu\/fr\/la-protection-des-donnees\/#breadcrumb"},"inLanguage":"fr-FR","potentialAction":[{"@type":"ReadAction","target":["https:\/\/www.tareno.lu\/fr\/la-protection-des-donnees\/"]}]},{"@type":"BreadcrumbList","@id":"https:\/\/www.tareno.lu\/fr\/la-protection-des-donnees\/#breadcrumb","itemListElement":[{"@type":"ListItem","position":1,"name":"Startseite","item":"https:\/\/www.tareno.lu\/fr\/"},{"@type":"ListItem","position":2,"name":"La protection des donn\u00e9es"}]},{"@type":"WebSite","@id":"https:\/\/www.tareno.lu\/#website","url":"https:\/\/www.tareno.lu\/","name":"Tareno (Luxembourg) S.A.","description":"International Asset Managers","potentialAction":[{"@type":"SearchAction","target":{"@type":"EntryPoint","urlTemplate":"https:\/\/www.tareno.lu\/?s={search_term_string}"},"query-input":{"@type":"PropertyValueSpecification","valueRequired":true,"valueName":"search_term_string"}}],"inLanguage":"fr-FR"}]}},"_links":{"self":[{"href":"https:\/\/www.tareno.lu\/fr\/wp-json\/wp\/v2\/pages\/6699","targetHints":{"allow":["GET"]}}],"collection":[{"href":"https:\/\/www.tareno.lu\/fr\/wp-json\/wp\/v2\/pages"}],"about":[{"href":"https:\/\/www.tareno.lu\/fr\/wp-json\/wp\/v2\/types\/page"}],"author":[{"embeddable":true,"href":"https:\/\/www.tareno.lu\/fr\/wp-json\/wp\/v2\/users\/7"}],"replies":[{"embeddable":true,"href":"https:\/\/www.tareno.lu\/fr\/wp-json\/wp\/v2\/comments?post=6699"}],"version-history":[{"count":6,"href":"https:\/\/www.tareno.lu\/fr\/wp-json\/wp\/v2\/pages\/6699\/revisions"}],"predecessor-version":[{"id":7763,"href":"https:\/\/www.tareno.lu\/fr\/wp-json\/wp\/v2\/pages\/6699\/revisions\/7763"}],"wp:attachment":[{"href":"https:\/\/www.tareno.lu\/fr\/wp-json\/wp\/v2\/media?parent=6699"}],"curies":[{"name":"wp","href":"https:\/\/api.w.org\/{rel}","templated":true}]}}