{"id":6946,"date":"2021-12-01T12:56:03","date_gmt":"2021-12-01T11:56:03","guid":{"rendered":"https:\/\/temp.wuk.ch\/?page_id=6946"},"modified":"2021-12-01T13:29:36","modified_gmt":"2021-12-01T12:29:36","slug":"valeurs","status":"publish","type":"page","link":"https:\/\/www.tareno.lu\/fr\/valeurs\/","title":{"rendered":"VALEURS"},"content":{"rendered":"<p>[vc_row][vc_column][vc_column_text]<\/p>\n<h1>VALEURS<\/h1>\n<h2>IND\u00c9PENDANT, PERSONNEL ET \u00c0 LONG TERME<\/h2>\n<p>[\/vc_column_text][\/vc_column][\/vc_row][vc_row][vc_column width=\u00a0\u00bb1\/2&Prime;][vc_single_image image=\u00a0\u00bb6835&Prime; img_size=\u00a0\u00bblarge\u00a0\u00bb alignment=\u00a0\u00bbcenter\u00a0\u00bb][\/vc_column][vc_column width=\u00a0\u00bb1\/2&Prime;][vc_column_text]Nous sommes guid\u00e9s par des valeurs clairement d\u00e9finies.\u00a0Elles nous accompagnent dans notre travail au quotidien et constituent la base de nos nombreuses ann\u00e9es de succ\u00e8s.<\/p>\n<p>Le choix de la banque d\u00e9positaire au Luxembourg, en Suisse ou dans votre pays de r\u00e9sidence se fera en commun accord et sera le mieux adapt\u00e9 \u00e0 vos besoins et attentes.<\/p>\n<p>Dans ce contexte, le passeport europ\u00e9en permet une grande flexibilit\u00e9 et nous offre la possibilit\u00e9 de g\u00e9rer des actifs dans la plupart des pays de l\u2019Union europ\u00e9enne.<\/p>\n<p>La confiance, l\u2019objectivit\u00e9 et la transparence constituent la base de toute coop\u00e9ration.[\/vc_column_text][\/vc_column][\/vc_row]<\/p>\n","protected":false},"excerpt":{"rendered":"<p>[vc_row][vc_column][vc_column_text] VALEURS IND\u00c9PENDANT, PERSONNEL ET \u00c0 LONG TERME [\/vc_column_text][\/vc_column][\/vc_row][vc_row][vc_column width=\u00a0\u00bb1\/2&Prime;][vc_single_image image=\u00a0\u00bb6835&Prime; img_size=\u00a0\u00bblarge\u00a0\u00bb alignment=\u00a0\u00bbcenter\u00a0\u00bb][\/vc_column][vc_column width=\u00a0\u00bb1\/2&Prime;][vc_column_text]Nous sommes guid\u00e9s par des valeurs clairement d\u00e9finies.\u00a0Elles nous accompagnent dans notre travail au quotidien et constituent la base de nos nombreuses ann\u00e9es de succ\u00e8s. Le choix de la banque d\u00e9positaire au Luxembourg, en Suisse ou dans votre pays de r\u00e9sidence se<br \/><a class=\"moretag\" href=\"https:\/\/www.tareno.lu\/fr\/valeurs\/\"> read more <span class=\"glyphicon glyphicon-menu-right\"><\/span><\/a><\/p>\n","protected":false},"author":7,"featured_media":0,"parent":0,"menu_order":47,"comment_status":"closed","ping_status":"closed","template":"sidebar.php","meta":{"footnotes":""},"class_list":["post-6946","page","type-page","status-publish","hentry"],"yoast_head":"<!-- This site is optimized with the Yoast SEO plugin v27.1.1 - https:\/\/yoast.com\/product\/yoast-seo-wordpress\/ -->\n<title>Tareno (Luxembourg) S.A. | VALEURS<\/title>\n<meta name=\"description\" content=\"Confiance, objectivit\u00e9 et transparence sont \u00e0 la base de toute collaboration avec Tareno (Luxembourg) S.A.\" \/>\n<meta name=\"robots\" content=\"index, follow, max-snippet:-1, max-image-preview:large, max-video-preview:-1\" \/>\n<link rel=\"canonical\" href=\"https:\/\/www.tareno.lu\/fr\/valeurs\/\" \/>\n<meta property=\"og:locale\" content=\"fr_FR\" \/>\n<meta property=\"og:type\" content=\"article\" \/>\n<meta property=\"og:title\" content=\"Tareno (Luxembourg) S.A. | VALEURS\" \/>\n<meta property=\"og:description\" content=\"Confiance, objectivit\u00e9 et transparence sont \u00e0 la base de toute collaboration avec Tareno (Luxembourg) S.A.\" \/>\n<meta property=\"og:url\" content=\"https:\/\/www.tareno.lu\/fr\/valeurs\/\" \/>\n<meta property=\"og:site_name\" content=\"Tareno (Luxembourg) S.A.\" \/>\n<meta property=\"article:modified_time\" content=\"2021-12-01T12:29:36+00:00\" \/>\n<meta name=\"twitter:card\" content=\"summary_large_image\" \/>\n<meta name=\"twitter:label1\" content=\"Dur\u00e9e de lecture estim\u00e9e\" \/>\n\t<meta name=\"twitter:data1\" content=\"1 minute\" \/>\n<script type=\"application\/ld+json\" class=\"yoast-schema-graph\">{\"@context\":\"https:\/\/schema.org\",\"@graph\":[{\"@type\":\"WebPage\",\"@id\":\"https:\/\/www.tareno.lu\/fr\/valeurs\/\",\"url\":\"https:\/\/www.tareno.lu\/fr\/valeurs\/\",\"name\":\"Tareno (Luxembourg) S.A. | VALEURS\",\"isPartOf\":{\"@id\":\"https:\/\/www.tareno.lu\/#website\"},\"datePublished\":\"2021-12-01T11:56:03+00:00\",\"dateModified\":\"2021-12-01T12:29:36+00:00\",\"description\":\"Confiance, objectivit\u00e9 et transparence sont \u00e0 la base de toute collaboration avec Tareno (Luxembourg) S.A.\",\"breadcrumb\":{\"@id\":\"https:\/\/www.tareno.lu\/fr\/valeurs\/#breadcrumb\"},\"inLanguage\":\"fr-FR\",\"potentialAction\":[{\"@type\":\"ReadAction\",\"target\":[\"https:\/\/www.tareno.lu\/fr\/valeurs\/\"]}]},{\"@type\":\"BreadcrumbList\",\"@id\":\"https:\/\/www.tareno.lu\/fr\/valeurs\/#breadcrumb\",\"itemListElement\":[{\"@type\":\"ListItem\",\"position\":1,\"name\":\"Startseite\",\"item\":\"https:\/\/www.tareno.lu\/fr\/\"},{\"@type\":\"ListItem\",\"position\":2,\"name\":\"VALEURS\"}]},{\"@type\":\"WebSite\",\"@id\":\"https:\/\/www.tareno.lu\/#website\",\"url\":\"https:\/\/www.tareno.lu\/\",\"name\":\"Tareno (Luxembourg) S.A.\",\"description\":\"International Asset Managers\",\"potentialAction\":[{\"@type\":\"SearchAction\",\"target\":{\"@type\":\"EntryPoint\",\"urlTemplate\":\"https:\/\/www.tareno.lu\/?s={search_term_string}\"},\"query-input\":{\"@type\":\"PropertyValueSpecification\",\"valueRequired\":true,\"valueName\":\"search_term_string\"}}],\"inLanguage\":\"fr-FR\"}]}<\/script>\n<!-- \/ Yoast SEO plugin. -->","yoast_head_json":{"title":"Tareno (Luxembourg) S.A. | VALEURS","description":"Confiance, objectivit\u00e9 et transparence sont \u00e0 la base de toute collaboration avec Tareno (Luxembourg) S.A.","robots":{"index":"index","follow":"follow","max-snippet":"max-snippet:-1","max-image-preview":"max-image-preview:large","max-video-preview":"max-video-preview:-1"},"canonical":"https:\/\/www.tareno.lu\/fr\/valeurs\/","og_locale":"fr_FR","og_type":"article","og_title":"Tareno (Luxembourg) S.A. | VALEURS","og_description":"Confiance, objectivit\u00e9 et transparence sont \u00e0 la base de toute collaboration avec Tareno (Luxembourg) S.A.","og_url":"https:\/\/www.tareno.lu\/fr\/valeurs\/","og_site_name":"Tareno (Luxembourg) S.A.","article_modified_time":"2021-12-01T12:29:36+00:00","twitter_card":"summary_large_image","twitter_misc":{"Dur\u00e9e de lecture estim\u00e9e":"1 minute"},"schema":{"@context":"https:\/\/schema.org","@graph":[{"@type":"WebPage","@id":"https:\/\/www.tareno.lu\/fr\/valeurs\/","url":"https:\/\/www.tareno.lu\/fr\/valeurs\/","name":"Tareno (Luxembourg) S.A. | VALEURS","isPartOf":{"@id":"https:\/\/www.tareno.lu\/#website"},"datePublished":"2021-12-01T11:56:03+00:00","dateModified":"2021-12-01T12:29:36+00:00","description":"Confiance, objectivit\u00e9 et transparence sont \u00e0 la base de toute collaboration avec Tareno (Luxembourg) S.A.","breadcrumb":{"@id":"https:\/\/www.tareno.lu\/fr\/valeurs\/#breadcrumb"},"inLanguage":"fr-FR","potentialAction":[{"@type":"ReadAction","target":["https:\/\/www.tareno.lu\/fr\/valeurs\/"]}]},{"@type":"BreadcrumbList","@id":"https:\/\/www.tareno.lu\/fr\/valeurs\/#breadcrumb","itemListElement":[{"@type":"ListItem","position":1,"name":"Startseite","item":"https:\/\/www.tareno.lu\/fr\/"},{"@type":"ListItem","position":2,"name":"VALEURS"}]},{"@type":"WebSite","@id":"https:\/\/www.tareno.lu\/#website","url":"https:\/\/www.tareno.lu\/","name":"Tareno (Luxembourg) S.A.","description":"International Asset Managers","potentialAction":[{"@type":"SearchAction","target":{"@type":"EntryPoint","urlTemplate":"https:\/\/www.tareno.lu\/?s={search_term_string}"},"query-input":{"@type":"PropertyValueSpecification","valueRequired":true,"valueName":"search_term_string"}}],"inLanguage":"fr-FR"}]}},"_links":{"self":[{"href":"https:\/\/www.tareno.lu\/fr\/wp-json\/wp\/v2\/pages\/6946","targetHints":{"allow":["GET"]}}],"collection":[{"href":"https:\/\/www.tareno.lu\/fr\/wp-json\/wp\/v2\/pages"}],"about":[{"href":"https:\/\/www.tareno.lu\/fr\/wp-json\/wp\/v2\/types\/page"}],"author":[{"embeddable":true,"href":"https:\/\/www.tareno.lu\/fr\/wp-json\/wp\/v2\/users\/7"}],"replies":[{"embeddable":true,"href":"https:\/\/www.tareno.lu\/fr\/wp-json\/wp\/v2\/comments?post=6946"}],"version-history":[{"count":3,"href":"https:\/\/www.tareno.lu\/fr\/wp-json\/wp\/v2\/pages\/6946\/revisions"}],"predecessor-version":[{"id":6949,"href":"https:\/\/www.tareno.lu\/fr\/wp-json\/wp\/v2\/pages\/6946\/revisions\/6949"}],"wp:attachment":[{"href":"https:\/\/www.tareno.lu\/fr\/wp-json\/wp\/v2\/media?parent=6946"}],"curies":[{"name":"wp","href":"https:\/\/api.w.org\/{rel}","templated":true}]}}