{"id":6950,"date":"2021-12-01T12:59:31","date_gmt":"2021-12-01T11:59:31","guid":{"rendered":"https:\/\/temp.wuk.ch\/?page_id=6950"},"modified":"2022-01-20T12:32:39","modified_gmt":"2022-01-20T11:32:39","slug":"nos-solutions-dinvestissement","status":"publish","type":"page","link":"https:\/\/www.tareno.lu\/fr\/nos-solutions-dinvestissement\/","title":{"rendered":"NOS SOLUTIONS  D\u2019INVESTISSEMENT"},"content":{"rendered":"<p>[vc_row][vc_column][vc_column_text]<\/p>\n<h1>NOS SOLUTIONS D\u2019INVESTISSEMENT<\/h1>\n<p>[\/vc_column_text][vc_column_text css=\u00a0\u00bb.vc_custom_1638359879324{margin-right: 10px !important;}\u00a0\u00bb]<strong>Gestion d\u2019actifs de personne \u00e0 personne.<\/strong><\/p>\n<p>Afin de vous garantir une gestion long terme de vos actifs, nous proposons des strat\u00e9gies d\u2019investissement sur mesure qui respectent vos besoins personnels et captent le rendement \u00e0 long terme des march\u00e9s financiers.[\/vc_column_text][\/vc_column][\/vc_row][vc_row][vc_column width=\u00a0\u00bb1\/2&Prime; css=\u00a0\u00bb.vc_custom_1604914464081{padding-right: 10px !important;padding-left: 10px !important;}\u00a0\u00bb][vc_column_text css=\u00a0\u00bb.vc_custom_1642678323540{padding-top: 10px !important;padding-bottom: 2px !important;background-color: #ebeced !important;}\u00a0\u00bb]<\/p>\n<h2 style=\"text-align: center;\"><a href=\"https:\/\/www.tareno.lu\/fr\/gestion-dactifs\/\">Gestion d&rsquo;actifs<\/a><\/h2>\n<p>[\/vc_column_text][\/vc_column][vc_column width=\u00a0\u00bb1\/2&Prime; css=\u00a0\u00bb.vc_custom_1604914490474{padding-right: 10px !important;padding-left: 10px !important;}\u00a0\u00bb][vc_column_text css=\u00a0\u00bb.vc_custom_1642678342010{padding-top: 10px !important;padding-bottom: 2px !important;background-color: #ebeced !important;}\u00a0\u00bb]<\/p>\n<h2 style=\"text-align: center;\"><a href=\"https:\/\/www.tareno.lu\/fr\/fonds-tareno\/\">Fonds Tareno<\/a><\/h2>\n<p>[\/vc_column_text][\/vc_column][\/vc_row][vc_row][vc_column][vc_column_text css=\u00a0\u00bb.vc_custom_1638359961902{margin-right: 10px !important;}\u00a0\u00bb]<strong>Coop\u00e9ration entre le client, la banque et Tareno<\/strong><\/p>\n<p>Pour nos services, nous vous facturons une commission de gestion calcul\u00e9e sur les actifs sous gestion.\u00a0Nous n\u2019acceptons pas d\u2019indemnisation de tiers (r\u00e9trocessions) et notre ind\u00e9pendance repose sur la transparence.\u00a0Nous nous engageons uniquement envers nos clients.[\/vc_column_text][vc_single_image image=\u00a0\u00bb7063&Prime; img_size=\u00a0\u00bbfull\u00a0\u00bb alignment=\u00a0\u00bbcenter\u00a0\u00bb][\/vc_column][\/vc_row]<\/p>\n","protected":false},"excerpt":{"rendered":"<p>[vc_row][vc_column][vc_column_text] NOS SOLUTIONS D\u2019INVESTISSEMENT [\/vc_column_text][vc_column_text css=\u00a0\u00bb.vc_custom_1638359879324{margin-right: 10px !important;}\u00a0\u00bb]Gestion d\u2019actifs de personne \u00e0 personne. Afin de vous garantir une gestion long terme de vos actifs, nous proposons des strat\u00e9gies d\u2019investissement sur mesure qui respectent vos besoins personnels et captent le rendement \u00e0 long terme des march\u00e9s financiers.[\/vc_column_text][\/vc_column][\/vc_row][vc_row][vc_column width=\u00a0\u00bb1\/2&Prime; css=\u00a0\u00bb.vc_custom_1604914464081{padding-right: 10px !important;padding-left: 10px !important;}\u00a0\u00bb][vc_column_text css=\u00a0\u00bb.vc_custom_1642678323540{padding-top: 10px !important;padding-bottom:<br \/><a class=\"moretag\" href=\"https:\/\/www.tareno.lu\/fr\/nos-solutions-dinvestissement\/\"> read more <span class=\"glyphicon glyphicon-menu-right\"><\/span><\/a><\/p>\n","protected":false},"author":7,"featured_media":0,"parent":0,"menu_order":49,"comment_status":"closed","ping_status":"closed","template":"sidebar.php","meta":{"footnotes":""},"class_list":["post-6950","page","type-page","status-publish","hentry"],"yoast_head":"<!-- This site is optimized with the Yoast SEO plugin v27.1.1 - https:\/\/yoast.com\/product\/yoast-seo-wordpress\/ -->\n<title>Tareno (Luxembourg) S.A. | NOS SOLUTIONS D\u2019INVESTISSEMENT<\/title>\n<meta name=\"description\" content=\"Nous d\u00e9finissons notre strat\u00e9gie d&#039;investissement de personne \u00e0 personne\" \/>\n<meta name=\"robots\" content=\"index, follow, max-snippet:-1, max-image-preview:large, max-video-preview:-1\" \/>\n<link rel=\"canonical\" href=\"https:\/\/www.tareno.lu\/fr\/nos-solutions-dinvestissement\/\" \/>\n<meta property=\"og:locale\" content=\"fr_FR\" \/>\n<meta property=\"og:type\" content=\"article\" \/>\n<meta property=\"og:title\" content=\"Tareno (Luxembourg) S.A. | NOS SOLUTIONS D\u2019INVESTISSEMENT\" \/>\n<meta property=\"og:description\" content=\"Nous d\u00e9finissons notre strat\u00e9gie d&#039;investissement de personne \u00e0 personne\" \/>\n<meta property=\"og:url\" content=\"https:\/\/www.tareno.lu\/fr\/nos-solutions-dinvestissement\/\" \/>\n<meta property=\"og:site_name\" content=\"Tareno (Luxembourg) S.A.\" \/>\n<meta property=\"article:modified_time\" content=\"2022-01-20T11:32:39+00:00\" \/>\n<meta name=\"twitter:card\" content=\"summary_large_image\" \/>\n<meta name=\"twitter:label1\" content=\"Dur\u00e9e de lecture estim\u00e9e\" \/>\n\t<meta name=\"twitter:data1\" content=\"1 minute\" \/>\n<script type=\"application\/ld+json\" class=\"yoast-schema-graph\">{\"@context\":\"https:\/\/schema.org\",\"@graph\":[{\"@type\":\"WebPage\",\"@id\":\"https:\/\/www.tareno.lu\/fr\/nos-solutions-dinvestissement\/\",\"url\":\"https:\/\/www.tareno.lu\/fr\/nos-solutions-dinvestissement\/\",\"name\":\"Tareno (Luxembourg) S.A. | NOS SOLUTIONS D\u2019INVESTISSEMENT\",\"isPartOf\":{\"@id\":\"https:\/\/www.tareno.lu\/#website\"},\"datePublished\":\"2021-12-01T11:59:31+00:00\",\"dateModified\":\"2022-01-20T11:32:39+00:00\",\"description\":\"Nous d\u00e9finissons notre strat\u00e9gie d'investissement de personne \u00e0 personne\",\"breadcrumb\":{\"@id\":\"https:\/\/www.tareno.lu\/fr\/nos-solutions-dinvestissement\/#breadcrumb\"},\"inLanguage\":\"fr-FR\",\"potentialAction\":[{\"@type\":\"ReadAction\",\"target\":[\"https:\/\/www.tareno.lu\/fr\/nos-solutions-dinvestissement\/\"]}]},{\"@type\":\"BreadcrumbList\",\"@id\":\"https:\/\/www.tareno.lu\/fr\/nos-solutions-dinvestissement\/#breadcrumb\",\"itemListElement\":[{\"@type\":\"ListItem\",\"position\":1,\"name\":\"Startseite\",\"item\":\"https:\/\/www.tareno.lu\/fr\/\"},{\"@type\":\"ListItem\",\"position\":2,\"name\":\"NOS SOLUTIONS D\u2019INVESTISSEMENT\"}]},{\"@type\":\"WebSite\",\"@id\":\"https:\/\/www.tareno.lu\/#website\",\"url\":\"https:\/\/www.tareno.lu\/\",\"name\":\"Tareno (Luxembourg) S.A.\",\"description\":\"International Asset Managers\",\"potentialAction\":[{\"@type\":\"SearchAction\",\"target\":{\"@type\":\"EntryPoint\",\"urlTemplate\":\"https:\/\/www.tareno.lu\/?s={search_term_string}\"},\"query-input\":{\"@type\":\"PropertyValueSpecification\",\"valueRequired\":true,\"valueName\":\"search_term_string\"}}],\"inLanguage\":\"fr-FR\"}]}<\/script>\n<!-- \/ Yoast SEO plugin. -->","yoast_head_json":{"title":"Tareno (Luxembourg) S.A. | NOS SOLUTIONS D\u2019INVESTISSEMENT","description":"Nous d\u00e9finissons notre strat\u00e9gie d'investissement de personne \u00e0 personne","robots":{"index":"index","follow":"follow","max-snippet":"max-snippet:-1","max-image-preview":"max-image-preview:large","max-video-preview":"max-video-preview:-1"},"canonical":"https:\/\/www.tareno.lu\/fr\/nos-solutions-dinvestissement\/","og_locale":"fr_FR","og_type":"article","og_title":"Tareno (Luxembourg) S.A. | NOS SOLUTIONS D\u2019INVESTISSEMENT","og_description":"Nous d\u00e9finissons notre strat\u00e9gie d'investissement de personne \u00e0 personne","og_url":"https:\/\/www.tareno.lu\/fr\/nos-solutions-dinvestissement\/","og_site_name":"Tareno (Luxembourg) S.A.","article_modified_time":"2022-01-20T11:32:39+00:00","twitter_card":"summary_large_image","twitter_misc":{"Dur\u00e9e de lecture estim\u00e9e":"1 minute"},"schema":{"@context":"https:\/\/schema.org","@graph":[{"@type":"WebPage","@id":"https:\/\/www.tareno.lu\/fr\/nos-solutions-dinvestissement\/","url":"https:\/\/www.tareno.lu\/fr\/nos-solutions-dinvestissement\/","name":"Tareno (Luxembourg) S.A. | NOS SOLUTIONS D\u2019INVESTISSEMENT","isPartOf":{"@id":"https:\/\/www.tareno.lu\/#website"},"datePublished":"2021-12-01T11:59:31+00:00","dateModified":"2022-01-20T11:32:39+00:00","description":"Nous d\u00e9finissons notre strat\u00e9gie d'investissement de personne \u00e0 personne","breadcrumb":{"@id":"https:\/\/www.tareno.lu\/fr\/nos-solutions-dinvestissement\/#breadcrumb"},"inLanguage":"fr-FR","potentialAction":[{"@type":"ReadAction","target":["https:\/\/www.tareno.lu\/fr\/nos-solutions-dinvestissement\/"]}]},{"@type":"BreadcrumbList","@id":"https:\/\/www.tareno.lu\/fr\/nos-solutions-dinvestissement\/#breadcrumb","itemListElement":[{"@type":"ListItem","position":1,"name":"Startseite","item":"https:\/\/www.tareno.lu\/fr\/"},{"@type":"ListItem","position":2,"name":"NOS SOLUTIONS D\u2019INVESTISSEMENT"}]},{"@type":"WebSite","@id":"https:\/\/www.tareno.lu\/#website","url":"https:\/\/www.tareno.lu\/","name":"Tareno (Luxembourg) S.A.","description":"International Asset Managers","potentialAction":[{"@type":"SearchAction","target":{"@type":"EntryPoint","urlTemplate":"https:\/\/www.tareno.lu\/?s={search_term_string}"},"query-input":{"@type":"PropertyValueSpecification","valueRequired":true,"valueName":"search_term_string"}}],"inLanguage":"fr-FR"}]}},"_links":{"self":[{"href":"https:\/\/www.tareno.lu\/fr\/wp-json\/wp\/v2\/pages\/6950","targetHints":{"allow":["GET"]}}],"collection":[{"href":"https:\/\/www.tareno.lu\/fr\/wp-json\/wp\/v2\/pages"}],"about":[{"href":"https:\/\/www.tareno.lu\/fr\/wp-json\/wp\/v2\/types\/page"}],"author":[{"embeddable":true,"href":"https:\/\/www.tareno.lu\/fr\/wp-json\/wp\/v2\/users\/7"}],"replies":[{"embeddable":true,"href":"https:\/\/www.tareno.lu\/fr\/wp-json\/wp\/v2\/comments?post=6950"}],"version-history":[{"count":7,"href":"https:\/\/www.tareno.lu\/fr\/wp-json\/wp\/v2\/pages\/6950\/revisions"}],"predecessor-version":[{"id":7120,"href":"https:\/\/www.tareno.lu\/fr\/wp-json\/wp\/v2\/pages\/6950\/revisions\/7120"}],"wp:attachment":[{"href":"https:\/\/www.tareno.lu\/fr\/wp-json\/wp\/v2\/media?parent=6950"}],"curies":[{"name":"wp","href":"https:\/\/api.w.org\/{rel}","templated":true}]}}