{"id":6954,"date":"2021-12-01T13:04:22","date_gmt":"2021-12-01T12:04:22","guid":{"rendered":"https:\/\/temp.wuk.ch\/?page_id=6954"},"modified":"2021-12-17T08:50:26","modified_gmt":"2021-12-17T07:50:26","slug":"gestion-dactifs","status":"publish","type":"page","link":"https:\/\/www.tareno.lu\/fr\/gestion-dactifs\/","title":{"rendered":"GESTION D\u2019ACTIFS"},"content":{"rendered":"<p>[vc_row][vc_column][vc_column_text]<\/p>\n<h1>GESTION D\u2019ACTIFS<\/h1>\n<h2>NOTRE PROCESSUS D\u2019INVESTISSEMENT<\/h2>\n<p><b>Nous nous interdisons de sp\u00e9culer avec votre \u00e9pargne.<\/b>[\/vc_column_text][vc_empty_space][\/vc_column][\/vc_row][vc_row][vc_column][vc_column_text]<\/p>\n<h3>NOTRE PROCESSUS D&rsquo;INVESTISSEMENT<\/h3>\n<p>[\/vc_column_text][vc_single_image image=\u00a0\u00bb7054&Prime; img_size=\u00a0\u00bbfull\u00a0\u00bb][\/vc_column][\/vc_row][vc_row][vc_column width=\u00a0\u00bb1\/2&Prime;][vc_column_text css=\u00a0\u00bb.vc_custom_1638360202695{padding-top: 10px !important;padding-bottom: 2px !important;background-color: #ebeced !important;}\u00a0\u00bb]<\/p>\n<h2 style=\"text-align: center;\">NOS SERVICES<\/h2>\n<p>[\/vc_column_text][vc_column_text]<\/p>\n<ul>\n<li>Politique d\u2019investissement largement diversifi\u00e9e et ax\u00e9e sur le monde entier<\/li>\n<li>Gestion de portefeuille professionnelle et \u00e0 long terme<\/li>\n<li>Les d\u00e9cisions d\u2019investissement sont bas\u00e9es sur un processus d\u2019investissement structur\u00e9 et disciplin\u00e9.<\/li>\n<li>D\u00e9cisions rapides permettant une r\u00e9action imm\u00e9diate \u00e0 l\u2019\u00e9volution des situations des march\u00e9s.<\/li>\n<li>Nous prenons en compte vos besoins individuels.<\/li>\n<\/ul>\n<p>[\/vc_column_text][\/vc_column][vc_column width=\u00a0\u00bb1\/2&Prime;][vc_column_text css=\u00a0\u00bb.vc_custom_1638360218278{padding-top: 10px !important;padding-bottom: 2px !important;background-color: #ebeced !important;}\u00a0\u00bb]<\/p>\n<h2 style=\"text-align: center;\">VOS AVANTAGES<\/h2>\n<p>[\/vc_column_text][vc_column_text]<\/p>\n<ul>\n<li>Vous gagnez un temps pr\u00e9cieux en vous d\u00e9chargeant des d\u00e9cisions d\u2019investissement.<\/li>\n<li>Vos actifs sont g\u00e9r\u00e9s en continu et suivis par des sp\u00e9cialistes.<\/li>\n<li>Vous b\u00e9n\u00e9ficiez de d\u00e9cisions d\u2019investissement ind\u00e9pendantes (approche best-in-class).<\/li>\n<li>Vous recevez r\u00e9guli\u00e8rement des rapports complets sur l\u2019\u00e9volution de votre portefeuille<\/li>\n<\/ul>\n<p>[\/vc_column_text][\/vc_column][\/vc_row]<\/p>\n","protected":false},"excerpt":{"rendered":"<p>[vc_row][vc_column][vc_column_text] GESTION D\u2019ACTIFS NOTRE PROCESSUS D\u2019INVESTISSEMENT Nous nous interdisons de sp\u00e9culer avec votre \u00e9pargne.[\/vc_column_text][vc_empty_space][\/vc_column][\/vc_row][vc_row][vc_column][vc_column_text] NOTRE PROCESSUS D&rsquo;INVESTISSEMENT [\/vc_column_text][vc_single_image image=\u00a0\u00bb7054&Prime; img_size=\u00a0\u00bbfull\u00a0\u00bb][\/vc_column][\/vc_row][vc_row][vc_column width=\u00a0\u00bb1\/2&Prime;][vc_column_text css=\u00a0\u00bb.vc_custom_1638360202695{padding-top: 10px !important;padding-bottom: 2px !important;background-color: #ebeced !important;}\u00a0\u00bb] NOS SERVICES [\/vc_column_text][vc_column_text] Politique d\u2019investissement largement diversifi\u00e9e et ax\u00e9e sur le monde entier Gestion de portefeuille professionnelle et \u00e0 long terme Les d\u00e9cisions d\u2019investissement sont bas\u00e9es sur<br \/><a class=\"moretag\" href=\"https:\/\/www.tareno.lu\/fr\/gestion-dactifs\/\"> read more <span class=\"glyphicon glyphicon-menu-right\"><\/span><\/a><\/p>\n","protected":false},"author":7,"featured_media":0,"parent":0,"menu_order":55,"comment_status":"closed","ping_status":"closed","template":"sidebar.php","meta":{"footnotes":""},"class_list":["post-6954","page","type-page","status-publish","hentry"],"yoast_head":"<!-- This site is optimized with the Yoast SEO plugin v27.5 - https:\/\/yoast.com\/product\/yoast-seo-wordpress\/ -->\n<title>Tareno (Luxembourg) S.A. | GESTION D\u2019ACTIFS<\/title>\n<meta name=\"description\" content=\"Nous proposons des strat\u00e9gies d\u2019investissement sur mesure qui respectent vos besoins personnels et captent le rendement \u00e0 long terme des march\u00e9s financiers.\" \/>\n<meta name=\"robots\" content=\"index, follow, max-snippet:-1, max-image-preview:large, max-video-preview:-1\" \/>\n<link rel=\"canonical\" href=\"https:\/\/www.tareno.lu\/fr\/gestion-dactifs\/\" \/>\n<meta property=\"og:locale\" content=\"fr_FR\" \/>\n<meta property=\"og:type\" content=\"article\" \/>\n<meta property=\"og:title\" content=\"Tareno (Luxembourg) S.A. | GESTION D\u2019ACTIFS\" \/>\n<meta property=\"og:description\" content=\"Nous proposons des strat\u00e9gies d\u2019investissement sur mesure qui respectent vos besoins personnels et captent le rendement \u00e0 long terme des march\u00e9s financiers.\" \/>\n<meta property=\"og:url\" content=\"https:\/\/www.tareno.lu\/fr\/gestion-dactifs\/\" \/>\n<meta property=\"og:site_name\" content=\"Tareno (Luxembourg) S.A.\" \/>\n<meta property=\"article:modified_time\" content=\"2021-12-17T07:50:26+00:00\" \/>\n<meta name=\"twitter:card\" content=\"summary_large_image\" \/>\n<meta name=\"twitter:label1\" content=\"Dur\u00e9e de lecture estim\u00e9e\" \/>\n\t<meta name=\"twitter:data1\" content=\"1 minute\" \/>\n<script type=\"application\/ld+json\" class=\"yoast-schema-graph\">{\"@context\":\"https:\\\/\\\/schema.org\",\"@graph\":[{\"@type\":\"WebPage\",\"@id\":\"https:\\\/\\\/www.tareno.lu\\\/fr\\\/gestion-dactifs\\\/\",\"url\":\"https:\\\/\\\/www.tareno.lu\\\/fr\\\/gestion-dactifs\\\/\",\"name\":\"Tareno (Luxembourg) S.A. | GESTION D\u2019ACTIFS\",\"isPartOf\":{\"@id\":\"https:\\\/\\\/www.tareno.lu\\\/#website\"},\"datePublished\":\"2021-12-01T12:04:22+00:00\",\"dateModified\":\"2021-12-17T07:50:26+00:00\",\"description\":\"Nous proposons des strat\u00e9gies d\u2019investissement sur mesure qui respectent vos besoins personnels et captent le rendement \u00e0 long terme des march\u00e9s financiers.\",\"breadcrumb\":{\"@id\":\"https:\\\/\\\/www.tareno.lu\\\/fr\\\/gestion-dactifs\\\/#breadcrumb\"},\"inLanguage\":\"fr-FR\",\"potentialAction\":[{\"@type\":\"ReadAction\",\"target\":[\"https:\\\/\\\/www.tareno.lu\\\/fr\\\/gestion-dactifs\\\/\"]}]},{\"@type\":\"BreadcrumbList\",\"@id\":\"https:\\\/\\\/www.tareno.lu\\\/fr\\\/gestion-dactifs\\\/#breadcrumb\",\"itemListElement\":[{\"@type\":\"ListItem\",\"position\":1,\"name\":\"Startseite\",\"item\":\"https:\\\/\\\/www.tareno.lu\\\/fr\\\/\"},{\"@type\":\"ListItem\",\"position\":2,\"name\":\"GESTION D\u2019ACTIFS\"}]},{\"@type\":\"WebSite\",\"@id\":\"https:\\\/\\\/www.tareno.lu\\\/#website\",\"url\":\"https:\\\/\\\/www.tareno.lu\\\/\",\"name\":\"Tareno (Luxembourg) S.A.\",\"description\":\"International Asset Managers\",\"potentialAction\":[{\"@type\":\"SearchAction\",\"target\":{\"@type\":\"EntryPoint\",\"urlTemplate\":\"https:\\\/\\\/www.tareno.lu\\\/?s={search_term_string}\"},\"query-input\":{\"@type\":\"PropertyValueSpecification\",\"valueRequired\":true,\"valueName\":\"search_term_string\"}}],\"inLanguage\":\"fr-FR\"}]}<\/script>\n<!-- \/ Yoast SEO plugin. -->","yoast_head_json":{"title":"Tareno (Luxembourg) S.A. | GESTION D\u2019ACTIFS","description":"Nous proposons des strat\u00e9gies d\u2019investissement sur mesure qui respectent vos besoins personnels et captent le rendement \u00e0 long terme des march\u00e9s financiers.","robots":{"index":"index","follow":"follow","max-snippet":"max-snippet:-1","max-image-preview":"max-image-preview:large","max-video-preview":"max-video-preview:-1"},"canonical":"https:\/\/www.tareno.lu\/fr\/gestion-dactifs\/","og_locale":"fr_FR","og_type":"article","og_title":"Tareno (Luxembourg) S.A. | GESTION D\u2019ACTIFS","og_description":"Nous proposons des strat\u00e9gies d\u2019investissement sur mesure qui respectent vos besoins personnels et captent le rendement \u00e0 long terme des march\u00e9s financiers.","og_url":"https:\/\/www.tareno.lu\/fr\/gestion-dactifs\/","og_site_name":"Tareno (Luxembourg) S.A.","article_modified_time":"2021-12-17T07:50:26+00:00","twitter_card":"summary_large_image","twitter_misc":{"Dur\u00e9e de lecture estim\u00e9e":"1 minute"},"schema":{"@context":"https:\/\/schema.org","@graph":[{"@type":"WebPage","@id":"https:\/\/www.tareno.lu\/fr\/gestion-dactifs\/","url":"https:\/\/www.tareno.lu\/fr\/gestion-dactifs\/","name":"Tareno (Luxembourg) S.A. | GESTION D\u2019ACTIFS","isPartOf":{"@id":"https:\/\/www.tareno.lu\/#website"},"datePublished":"2021-12-01T12:04:22+00:00","dateModified":"2021-12-17T07:50:26+00:00","description":"Nous proposons des strat\u00e9gies d\u2019investissement sur mesure qui respectent vos besoins personnels et captent le rendement \u00e0 long terme des march\u00e9s financiers.","breadcrumb":{"@id":"https:\/\/www.tareno.lu\/fr\/gestion-dactifs\/#breadcrumb"},"inLanguage":"fr-FR","potentialAction":[{"@type":"ReadAction","target":["https:\/\/www.tareno.lu\/fr\/gestion-dactifs\/"]}]},{"@type":"BreadcrumbList","@id":"https:\/\/www.tareno.lu\/fr\/gestion-dactifs\/#breadcrumb","itemListElement":[{"@type":"ListItem","position":1,"name":"Startseite","item":"https:\/\/www.tareno.lu\/fr\/"},{"@type":"ListItem","position":2,"name":"GESTION D\u2019ACTIFS"}]},{"@type":"WebSite","@id":"https:\/\/www.tareno.lu\/#website","url":"https:\/\/www.tareno.lu\/","name":"Tareno (Luxembourg) S.A.","description":"International Asset Managers","potentialAction":[{"@type":"SearchAction","target":{"@type":"EntryPoint","urlTemplate":"https:\/\/www.tareno.lu\/?s={search_term_string}"},"query-input":{"@type":"PropertyValueSpecification","valueRequired":true,"valueName":"search_term_string"}}],"inLanguage":"fr-FR"}]}},"_links":{"self":[{"href":"https:\/\/www.tareno.lu\/fr\/wp-json\/wp\/v2\/pages\/6954","targetHints":{"allow":["GET"]}}],"collection":[{"href":"https:\/\/www.tareno.lu\/fr\/wp-json\/wp\/v2\/pages"}],"about":[{"href":"https:\/\/www.tareno.lu\/fr\/wp-json\/wp\/v2\/types\/page"}],"author":[{"embeddable":true,"href":"https:\/\/www.tareno.lu\/fr\/wp-json\/wp\/v2\/users\/7"}],"replies":[{"embeddable":true,"href":"https:\/\/www.tareno.lu\/fr\/wp-json\/wp\/v2\/comments?post=6954"}],"version-history":[{"count":11,"href":"https:\/\/www.tareno.lu\/fr\/wp-json\/wp\/v2\/pages\/6954\/revisions"}],"predecessor-version":[{"id":7112,"href":"https:\/\/www.tareno.lu\/fr\/wp-json\/wp\/v2\/pages\/6954\/revisions\/7112"}],"wp:attachment":[{"href":"https:\/\/www.tareno.lu\/fr\/wp-json\/wp\/v2\/media?parent=6954"}],"curies":[{"name":"wp","href":"https:\/\/api.w.org\/{rel}","templated":true}]}}