{"id":6959,"date":"2021-12-01T13:12:06","date_gmt":"2021-12-01T12:12:06","guid":{"rendered":"https:\/\/temp.wuk.ch\/?page_id=6959"},"modified":"2024-03-22T12:29:43","modified_gmt":"2024-03-22T11:29:43","slug":"fonds-tareno","status":"publish","type":"page","link":"https:\/\/www.tareno.lu\/fr\/fonds-tareno\/","title":{"rendered":"FONDS TARENO"},"content":{"rendered":"<p>[vc_row][vc_column][vc_column_text]<\/p>\n<h1>FONDS TARENO<\/h1>\n<p>[\/vc_column_text][\/vc_column][\/vc_row][vc_row][vc_column width=\u00a0\u00bb1\/2&Prime;][vc_single_image image=\u00a0\u00bb7638&Prime; img_size=\u00a0\u00bblarge\u00a0\u00bb][\/vc_column][vc_column width=\u00a0\u00bb1\/2&Prime;][vc_column_text]<strong>Tareno Funds &#8211; Enhanced Index Investing Equities<\/strong><\/p>\n<p>L\u2019objectif du Compartiment est de proposer aux investisseurs un v\u00e9hicule d\u2019investissement largement diversifi\u00e9 pr\u00e9sentant une volatilit\u00e9 similaire \u00e0 celle de l\u2019indice MSCI Europe Price Index (dividendes non inclus), mais avec un rendement attendu plus \u00e9lev\u00e9. Le Compartiment permet une approche d\u2019investissement diversifi\u00e9e en investissant dans un \u00e9ventail de diff\u00e9rentes classes d\u2019actifs s\u00e9lectionn\u00e9es sur la base des rendements attendus, de la volatilit\u00e9 pr\u00e9vue et de leur corr\u00e9lation historique avec les autres classes d\u2019actifs. Le Compartiment ne garantit pas la r\u00e9alisation de son objectif. Le Compartiment est g\u00e9r\u00e9 activement par r\u00e9f\u00e9rence \u00e0 l\u2019indice MSCI Europe Price Index. Le Compartiment ne pr\u00e9voit pas de reproduire l\u2019indice, qui est utilis\u00e9 exclusivement \u00e0 des fins de comparaison des performances. Plus d\u2019informations peuvent \u00eatre <a href=\"https:\/\/www.eii.lu\/\" target=\"_blank\" rel=\"noopener\">trouv\u00e9es ici <\/a>.<br \/>\n<em>Gestionnaire: Marc Wagener<\/em>[\/vc_column_text][\/vc_column][\/vc_row][vc_row][vc_column width=\u00a0\u00bb1\/2&Prime;][vc_single_image image=\u00a0\u00bb7638&Prime; img_size=\u00a0\u00bblarge\u00a0\u00bb][\/vc_column][vc_column width=\u00a0\u00bb1\/2&Prime;][vc_column_text]<strong>Tareno Funds &#8211; Enhanced Index Investing Bonds\/Return<\/strong><\/p>\n<p>Ce Compartiment a pour objectif de proposer aux investisseurs un v\u00e9hicule d\u2019investissement largement diversifi\u00e9 offrant une exposition aux march\u00e9s obligataires du monde entier. Les march\u00e9s obligataires sont r\u00e9partis en diff\u00e9rentes classes d\u2019actifs et s\u00e9lectionn\u00e9s sur la base des rendements attendus, de la volatilit\u00e9 pr\u00e9vue et des corr\u00e9lations historiques entre eux. Le Compartiment suit une approche d\u2019investissement diversifi\u00e9e. Le Compartiment ne garantit pas la r\u00e9alisation de cet objectif. Plus d\u2019informations peuvent \u00eatre <a href=\"https:\/\/www.eii.lu\/\" target=\"_blank\" rel=\"noopener\">trouv\u00e9es ici<\/a>.<\/p>\n<p><em>Gestionnaire de fonds: Marc Wagener<\/em>[\/vc_column_text][\/vc_column][\/vc_row][vc_row][vc_column width=\u00a0\u00bb1\/2&Prime;][vc_single_image image=\u00a0\u00bb6847&Prime; img_size=\u00a0\u00bblarge\u00a0\u00bb][\/vc_column][vc_column width=\u00a0\u00bb1\/2&Prime;][vc_column_text]<strong>Tareno Funds &#8211; Diversified Index Investing Fund<\/strong><\/p>\n<p>Ce compartiment a pour objectif d\u2019offrir \u00ab\u00a0tout en un\u00a0\u00bb une gestion d\u2019actifs professionnelle avec les avantages suivants :<\/p>\n<ol>\n<li>Diversificationmaximale : Sur base d\u2019une allocation d\u2019actifs ax\u00e9e sur la croissance entre les actions, les obligations et les m\u00e9taux pr\u00e9cieux, l\u2019univers d\u2019investissement retient des crit\u00e8res de diversification tels que la g\u00e9ographie, le style d\u2019investissement en actions, les devises et la maturit\u00e9 dans un portefeuille tr\u00e8s largement diversifi\u00e9 compos\u00e9 de nombreuses classes d\u2019actifs diff\u00e9rentes.<\/li>\n<li>Allocation stable : La pond\u00e9ration de toutes les classes d\u2019actifs est maintenue stable afin d\u2019\u00e9viter la sp\u00e9culation. Ainsi, on emp\u00eache la tentation de sp\u00e9culer dans le but de g\u00e9n\u00e9rer des rendements suppl\u00e9mentaires par l\u2019ajustement anticyclique du portefeuille.<\/li>\n<li>Fondsindiciels \u00e0 faible co\u00fbt : L\u2019ensemble du portefeuille est compos\u00e9 uniquement de fonds indiciels avec des co\u00fbts nettement inf\u00e9rieurs \u00e0 ceux des fonds g\u00e9r\u00e9s activement.<\/li>\n<li>Protection \u00e9lev\u00e9e contre l\u2019inflation : Une protection efficace contre les risques d\u2019inflation est recherch\u00e9e gr\u00e2ce \u00e0 la forte proportion de m\u00e9taux pr\u00e9cieux, d\u2019actifs immobiliers et de mati\u00e8res premi\u00e8res.<\/li>\n<\/ol>\n<p><em>Gestionnaire: Marc Wagener<\/em><\/p>\n<p><em>Relations avec les investisseurs: Matthias Kelm<\/em>[\/vc_column_text][\/vc_column][\/vc_row][vc_row][vc_column width=\u00a0\u00bb1\/2&Prime;][vc_single_image image=\u00a0\u00bb6851&Prime; img_size=\u00a0\u00bblarge\u00a0\u00bb][\/vc_column][vc_column width=\u00a0\u00bb1\/2&Prime;][vc_column_text]<strong>Tareno Funds &#8211; Value-Opportunity Equities\u00a0<\/strong><\/p>\n<p>L\u2019objectif du fonds est une gestion active sans indice de r\u00e9f\u00e9rence.\u00a075% de l\u2019actif net est investi en actions, sans restriction par r\u00e9gions, secteurs ou devises.\u00a0Il investit uniquement dans des soci\u00e9t\u00e9s cot\u00e9es qui sont n\u00e9goci\u00e9es sur des march\u00e9s boursiers r\u00e9glement\u00e9s.\u00a0Les investissements s\u2019int\u00e9ressent aux entreprises qui r\u00e9pondent \u00e0 tout ou en partie aux crit\u00e8res suivants\u00a0: Avoir fait leurs preuves par le pass\u00e9 et poss\u00e9der un bilan solide, avoir une gestion saine et proposer des produits ou fournir des services pour lesquels une demande constante ou m\u00eame croissante peut \u00eatre attendue.\u00a0Ces soci\u00e9t\u00e9s doivent \u00eatre cot\u00e9es \u00e0 un prix qui semble plut\u00f4t bas par rapport aux fondamentaux (\u00ab\u00a0investissement de valeur\u00a0\u00bb) et par rapport aux soci\u00e9t\u00e9s concurrentes.\u00a0Vu que cela pourrait signifier que ces entreprises ont perdu de leur attrait pour certains investisseurs, tous les crit\u00e8res d\u2019investissement ne sont souvent pas remplis.\u00a0Un pilier de la strat\u00e9gie du fonds est la flexibilit\u00e9 de pouvoir se distancer d\u2019un indice de r\u00e9f\u00e9rence, d\u2019une cat\u00e9gorisation d\u2019actifs ou d\u2019une pond\u00e9ration des actions afin d\u2019assurer qu\u2019un portefeuille refl\u00e8te r\u00e9ellement les crit\u00e8res d\u2019investissement s\u00e9lectionn\u00e9s.<\/p>\n<p><em>Gestionnaire: Gui Verhaegen<\/em>[\/vc_column_text][\/vc_column][\/vc_row]<\/p>\n","protected":false},"excerpt":{"rendered":"<p>[vc_row][vc_column][vc_column_text] FONDS TARENO [\/vc_column_text][\/vc_column][\/vc_row][vc_row][vc_column width=\u00a0\u00bb1\/2&Prime;][vc_single_image image=\u00a0\u00bb7638&Prime; img_size=\u00a0\u00bblarge\u00a0\u00bb][\/vc_column][vc_column width=\u00a0\u00bb1\/2&Prime;][vc_column_text]Tareno Funds &#8211; Enhanced Index Investing Equities L\u2019objectif du Compartiment est de proposer aux investisseurs un v\u00e9hicule d\u2019investissement largement diversifi\u00e9 pr\u00e9sentant une volatilit\u00e9 similaire \u00e0 celle de l\u2019indice MSCI Europe Price Index (dividendes non inclus), mais avec un rendement attendu plus \u00e9lev\u00e9. Le Compartiment permet une approche d\u2019investissement<br \/><a class=\"moretag\" href=\"https:\/\/www.tareno.lu\/fr\/fonds-tareno\/\"> read more <span class=\"glyphicon glyphicon-menu-right\"><\/span><\/a><\/p>\n","protected":false},"author":7,"featured_media":0,"parent":0,"menu_order":44,"comment_status":"closed","ping_status":"closed","template":"sidebar.php","meta":{"footnotes":""},"class_list":["post-6959","page","type-page","status-publish","hentry"],"yoast_head":"<!-- This site is optimized with the Yoast SEO plugin v27.5 - https:\/\/yoast.com\/product\/yoast-seo-wordpress\/ -->\n<title>Tareno (Luxembourg) S.A. | FONDS TARENO<\/title>\n<meta name=\"description\" content=\"Avec Tareno Funds, Tareno (Luxembourg) S.A. offre quatre fonds diff\u00e9rents depuis 2007\" \/>\n<meta name=\"robots\" content=\"index, follow, max-snippet:-1, max-image-preview:large, max-video-preview:-1\" \/>\n<link rel=\"canonical\" href=\"https:\/\/www.tareno.lu\/fr\/fonds-tareno\/\" \/>\n<meta property=\"og:locale\" content=\"fr_FR\" \/>\n<meta property=\"og:type\" content=\"article\" \/>\n<meta property=\"og:title\" content=\"Tareno (Luxembourg) S.A. | FONDS TARENO\" \/>\n<meta property=\"og:description\" content=\"Avec Tareno Funds, Tareno (Luxembourg) S.A. offre quatre fonds diff\u00e9rents depuis 2007\" \/>\n<meta property=\"og:url\" content=\"https:\/\/www.tareno.lu\/fr\/fonds-tareno\/\" \/>\n<meta property=\"og:site_name\" content=\"Tareno (Luxembourg) S.A.\" \/>\n<meta property=\"article:modified_time\" content=\"2024-03-22T11:29:43+00:00\" \/>\n<meta name=\"twitter:card\" content=\"summary_large_image\" \/>\n<meta name=\"twitter:label1\" content=\"Dur\u00e9e de lecture estim\u00e9e\" \/>\n\t<meta name=\"twitter:data1\" content=\"3 minutes\" \/>\n<script type=\"application\/ld+json\" class=\"yoast-schema-graph\">{\"@context\":\"https:\\\/\\\/schema.org\",\"@graph\":[{\"@type\":\"WebPage\",\"@id\":\"https:\\\/\\\/www.tareno.lu\\\/fr\\\/fonds-tareno\\\/\",\"url\":\"https:\\\/\\\/www.tareno.lu\\\/fr\\\/fonds-tareno\\\/\",\"name\":\"Tareno (Luxembourg) S.A. | FONDS TARENO\",\"isPartOf\":{\"@id\":\"https:\\\/\\\/www.tareno.lu\\\/#website\"},\"datePublished\":\"2021-12-01T12:12:06+00:00\",\"dateModified\":\"2024-03-22T11:29:43+00:00\",\"description\":\"Avec Tareno Funds, Tareno (Luxembourg) S.A. offre quatre fonds diff\u00e9rents depuis 2007\",\"breadcrumb\":{\"@id\":\"https:\\\/\\\/www.tareno.lu\\\/fr\\\/fonds-tareno\\\/#breadcrumb\"},\"inLanguage\":\"fr-FR\",\"potentialAction\":[{\"@type\":\"ReadAction\",\"target\":[\"https:\\\/\\\/www.tareno.lu\\\/fr\\\/fonds-tareno\\\/\"]}]},{\"@type\":\"BreadcrumbList\",\"@id\":\"https:\\\/\\\/www.tareno.lu\\\/fr\\\/fonds-tareno\\\/#breadcrumb\",\"itemListElement\":[{\"@type\":\"ListItem\",\"position\":1,\"name\":\"Startseite\",\"item\":\"https:\\\/\\\/www.tareno.lu\\\/fr\\\/\"},{\"@type\":\"ListItem\",\"position\":2,\"name\":\"FONDS TARENO\"}]},{\"@type\":\"WebSite\",\"@id\":\"https:\\\/\\\/www.tareno.lu\\\/#website\",\"url\":\"https:\\\/\\\/www.tareno.lu\\\/\",\"name\":\"Tareno (Luxembourg) S.A.\",\"description\":\"International Asset Managers\",\"potentialAction\":[{\"@type\":\"SearchAction\",\"target\":{\"@type\":\"EntryPoint\",\"urlTemplate\":\"https:\\\/\\\/www.tareno.lu\\\/?s={search_term_string}\"},\"query-input\":{\"@type\":\"PropertyValueSpecification\",\"valueRequired\":true,\"valueName\":\"search_term_string\"}}],\"inLanguage\":\"fr-FR\"}]}<\/script>\n<!-- \/ Yoast SEO plugin. -->","yoast_head_json":{"title":"Tareno (Luxembourg) S.A. | FONDS TARENO","description":"Avec Tareno Funds, Tareno (Luxembourg) S.A. offre quatre fonds diff\u00e9rents depuis 2007","robots":{"index":"index","follow":"follow","max-snippet":"max-snippet:-1","max-image-preview":"max-image-preview:large","max-video-preview":"max-video-preview:-1"},"canonical":"https:\/\/www.tareno.lu\/fr\/fonds-tareno\/","og_locale":"fr_FR","og_type":"article","og_title":"Tareno (Luxembourg) S.A. | FONDS TARENO","og_description":"Avec Tareno Funds, Tareno (Luxembourg) S.A. offre quatre fonds diff\u00e9rents depuis 2007","og_url":"https:\/\/www.tareno.lu\/fr\/fonds-tareno\/","og_site_name":"Tareno (Luxembourg) S.A.","article_modified_time":"2024-03-22T11:29:43+00:00","twitter_card":"summary_large_image","twitter_misc":{"Dur\u00e9e de lecture estim\u00e9e":"3 minutes"},"schema":{"@context":"https:\/\/schema.org","@graph":[{"@type":"WebPage","@id":"https:\/\/www.tareno.lu\/fr\/fonds-tareno\/","url":"https:\/\/www.tareno.lu\/fr\/fonds-tareno\/","name":"Tareno (Luxembourg) S.A. | FONDS TARENO","isPartOf":{"@id":"https:\/\/www.tareno.lu\/#website"},"datePublished":"2021-12-01T12:12:06+00:00","dateModified":"2024-03-22T11:29:43+00:00","description":"Avec Tareno Funds, Tareno (Luxembourg) S.A. offre quatre fonds diff\u00e9rents depuis 2007","breadcrumb":{"@id":"https:\/\/www.tareno.lu\/fr\/fonds-tareno\/#breadcrumb"},"inLanguage":"fr-FR","potentialAction":[{"@type":"ReadAction","target":["https:\/\/www.tareno.lu\/fr\/fonds-tareno\/"]}]},{"@type":"BreadcrumbList","@id":"https:\/\/www.tareno.lu\/fr\/fonds-tareno\/#breadcrumb","itemListElement":[{"@type":"ListItem","position":1,"name":"Startseite","item":"https:\/\/www.tareno.lu\/fr\/"},{"@type":"ListItem","position":2,"name":"FONDS TARENO"}]},{"@type":"WebSite","@id":"https:\/\/www.tareno.lu\/#website","url":"https:\/\/www.tareno.lu\/","name":"Tareno (Luxembourg) S.A.","description":"International Asset Managers","potentialAction":[{"@type":"SearchAction","target":{"@type":"EntryPoint","urlTemplate":"https:\/\/www.tareno.lu\/?s={search_term_string}"},"query-input":{"@type":"PropertyValueSpecification","valueRequired":true,"valueName":"search_term_string"}}],"inLanguage":"fr-FR"}]}},"_links":{"self":[{"href":"https:\/\/www.tareno.lu\/fr\/wp-json\/wp\/v2\/pages\/6959","targetHints":{"allow":["GET"]}}],"collection":[{"href":"https:\/\/www.tareno.lu\/fr\/wp-json\/wp\/v2\/pages"}],"about":[{"href":"https:\/\/www.tareno.lu\/fr\/wp-json\/wp\/v2\/types\/page"}],"author":[{"embeddable":true,"href":"https:\/\/www.tareno.lu\/fr\/wp-json\/wp\/v2\/users\/7"}],"replies":[{"embeddable":true,"href":"https:\/\/www.tareno.lu\/fr\/wp-json\/wp\/v2\/comments?post=6959"}],"version-history":[{"count":7,"href":"https:\/\/www.tareno.lu\/fr\/wp-json\/wp\/v2\/pages\/6959\/revisions"}],"predecessor-version":[{"id":7651,"href":"https:\/\/www.tareno.lu\/fr\/wp-json\/wp\/v2\/pages\/6959\/revisions\/7651"}],"wp:attachment":[{"href":"https:\/\/www.tareno.lu\/fr\/wp-json\/wp\/v2\/media?parent=6959"}],"curies":[{"name":"wp","href":"https:\/\/api.w.org\/{rel}","templated":true}]}}