{"id":6963,"date":"2021-12-01T13:15:14","date_gmt":"2021-12-01T12:15:14","guid":{"rendered":"https:\/\/temp.wuk.ch\/?page_id=6963"},"modified":"2026-01-21T17:43:15","modified_gmt":"2026-01-21T16:43:15","slug":"contact","status":"publish","type":"page","link":"https:\/\/www.tareno.lu\/fr\/contact\/","title":{"rendered":"CONTACT"},"content":{"rendered":"<p>[vc_row][vc_column][vc_column_text]<\/p>\n<h1>CONTACT<\/h1>\n<p>[\/vc_column_text][\/vc_column][\/vc_row][vc_row][vc_column width=\u00a0\u00bb5\/12&Prime;][vc_column_text]<\/p>\n<h4>Adresse<\/h4>\n<p>TARENO (Luxembourg) S.A.<br \/>\n3, rue de la Poste<br \/>\nL-2346 Luxembourg<\/p>\n<p>info@tareno.lu<\/p>\n<p>T\u00e9l\u00e9phone: +352 26 86 67-1<br \/>\nFax.: +352 26 86 67-67<\/p>\n<p>[\/vc_column_text][vc_column_text]<\/p>\n<h4>Heures d&rsquo;ouverture<\/h4>\n<p>lundi &#8211; vendredi<\/p>\n<p>9h00 &#8211; 17h00<\/p>\n<p>&nbsp;<\/p>\n<p><strong>AVERTISSEMENT: Veuillez noter que nous ne d\u00e9marchons jamais des personnes individuelles par t\u00e9l\u00e9phone ou e-mail.<\/strong>[\/vc_column_text][\/vc_column][vc_column width=\u00a0\u00bb7\/12&Prime;][vc_column_text]<\/p>\n<h2 style=\"text-align: right;\">Luxembourg<\/h2>\n<p>[\/vc_column_text][vc_gmaps link=\u00a0\u00bb#E-8_JTNDaWZyYW1lJTIwd2lkdGglM0QlMjI2MDAlMjIlMjBoZWlnaHQlM0QlMjI1MDAlMjIlMjBpZCUzRCUyMmdtYXBfY2FudmFzJTIyJTIwc3JjJTNEJTIyaHR0cHMlM0ElMkYlMkZtYXBzLmdvb2dsZS5jb20lMkZtYXBzJTNGcSUzRFRhcmVubyUyQyUyNTIwMyUyNTIwUnVlJTI1MjBkZSUyNTIwbGElMjUyMFBvc3RlJTJDJTI1MjAyMzQ2JTI1MjBMdXhlbWJvdXJnJTJDJTI1MjBMdXhlbWJ1cmclMjZ0JTNEJTI2eiUzRDE3JTI2aWUlM0RVVEY4JTI2aXdsb2MlM0QlMjZvdXRwdXQlM0RlbWJlZCUyMiUyMGZyYW1lYm9yZGVyJTNEJTIyMCUyMiUyMHNjcm9sbGluZyUzRCUyMm5vJTIyJTIwbWFyZ2luaGVpZ2h0JTNEJTIyMCUyMiUyMG1hcmdpbndpZHRoJTNEJTIyMCUyMiUzRSUzQyUyRmlmcmFtZSUzRQ==\u00a0\u00bb size=\u00a0\u00bb320&Prime; css=\u00a0\u00bb.vc_custom_1642678820114{border-top-width: 0px !important;border-right-width: 0px !important;border-bottom-width: 0px !important;border-left-width: 0px !important;}\u00a0\u00bb][\/vc_column][\/vc_row][vc_row][vc_column][vc_separator color=\u00a0\u00bbcustom\u00a0\u00bb border_width=\u00a0\u00bb2&Prime; accent_color=\u00a0\u00bbrgba(51,68,123,0.6)\u00a0\u00bb][\/vc_column][\/vc_row][vc_row][vc_column][vc_column_text]<\/p>\n<h4><strong>LIENS <\/strong><\/h4>\n<ul>\n<li>Tareno Funds &#8211; Enhanced Index Investing (EII): <a href=\"http:\/\/www.eii.lu\/\">www.eii.lu<\/a><\/li>\n<li>Tareno AG, B\u00e2le: <a href=\"http:\/\/www.tareno.com\/\">www.tareno.com<\/a><\/li>\n<li><a href=\"https:\/\/www.tareno.lu\/wp-content\/uploads\/2024\/08\/3.-MiFID-Information-sheet_fre.pdf\" target=\"\" rel=\"noopener\">Informations sur la Directive MiFID<\/a><\/li>\n<li><a href=\"https:\/\/www.tareno.lu\/wp-content\/uploads\/2024\/08\/4.-Risks-associated-with-financial-instruments_fre.pdf\" target=\"\" rel=\"noopener\">Aper\u00e7u<\/a> des principales caract\u00e9ristiques et des principaux risques li\u00e9s aux instruments financiers<\/li>\n<li><a href=\"https:\/\/www.tareno.lu\/wp-content\/uploads\/2025\/04\/ESG-Statement-_-fre.pdf\">Positionnement ESG<\/a><\/li>\n<li>Gestion des <a href=\"https:\/\/www.tareno.lu\/wp-content\/uploads\/2024\/08\/CoI-Statement-_-fre.pdf\" target=\"\" rel=\"noopener\">conflits d&rsquo;int\u00e9r\u00eats<\/a><\/li>\n<li><a href=\"https:\/\/www.tareno.lu\/wp-content\/uploads\/2024\/05\/GTC-_-fre.pdf\">Conditions G\u00e9n\u00e9rales<\/a> de Tareno (Luxembourg) S.A.<\/li>\n<li>Information sur les <a href=\"https:\/\/www.tareno.lu\/wp-content\/uploads\/2024\/08\/CC-ex-ante-disclosure-_-fre.pdf\" target=\"\" rel=\"noopener\">co\u00fbts et frais li\u00e9s<\/a><\/li>\n<li>Commission de Surveillance du Secteur Financier (CSSF): <a href=\"http:\/\/www.cssf.lu\/\">www.cssf.lu<\/a><\/li>\n<li>Traitement des <a href=\"https:\/\/www.tareno.lu\/fr\/reclamations\/\">r\u00e9clamations<\/a><\/li>\n<li><a href=\"https:\/\/www.tareno.lu\/fr\/politique-de-confidentialite\/\">Politique de confidentialit\u00e9<\/a> et <a href=\"https:\/\/www.tareno.lu\/fr\/protection-des-donnees\/\">Protection des donn\u00e9es<\/a><\/li>\n<li>Garantie des d\u00e9p\u00f4ts \/ Indemnisation des investisseurs : Tareno (Luxembourg) S.A. est membre du Syst\u00e8me d&rsquo;Indemnisation des Investisseurs Luxembourg <a href=\"https:\/\/www.cssf.lu\/fr\/indemnisation-investisseurs\/\">(S.I.I.L.)<\/a><\/li>\n<\/ul>\n<p>&nbsp;<\/p>\n<p>(Photos: Christof Weber)[\/vc_column_text][\/vc_column][\/vc_row][vc_row][vc_column][vc_separator color=\u00a0\u00bbcustom\u00a0\u00bb border_width=\u00a0\u00bb2&Prime; accent_color=\u00a0\u00bbrgba(51,68,123,0.6)\u00a0\u00bb][\/vc_column][\/vc_row]<\/p>\n","protected":false},"excerpt":{"rendered":"<p>[vc_row][vc_column][vc_column_text] CONTACT [\/vc_column_text][\/vc_column][\/vc_row][vc_row][vc_column width=\u00a0\u00bb5\/12&Prime;][vc_column_text] Adresse TARENO (Luxembourg) S.A. 3, rue de la Poste L-2346 Luxembourg info@tareno.lu T\u00e9l\u00e9phone: +352 26 86 67-1 Fax.: +352 26 86 67-67 [\/vc_column_text][vc_column_text] Heures d&rsquo;ouverture lundi &#8211; vendredi 9h00 &#8211; 17h00 &nbsp; AVERTISSEMENT: Veuillez noter que nous ne d\u00e9marchons jamais des personnes individuelles par t\u00e9l\u00e9phone ou e-mail.[\/vc_column_text][\/vc_column][vc_column width=\u00a0\u00bb7\/12&Prime;][vc_column_text] Luxembourg [\/vc_column_text][vc_gmaps link=\u00a0\u00bb#E-8_JTNDaWZyYW1lJTIwd2lkdGglM0QlMjI2MDAlMjIlMjBoZWlnaHQlM0QlMjI1MDAlMjIlMjBpZCUzRCUyMmdtYXBfY2FudmFzJTIyJTIwc3JjJTNEJTIyaHR0cHMlM0ElMkYlMkZtYXBzLmdvb2dsZS5jb20lMkZtYXBzJTNGcSUzRFRhcmVubyUyQyUyNTIwMyUyNTIwUnVlJTI1MjBkZSUyNTIwbGElMjUyMFBvc3RlJTJDJTI1MjAyMzQ2JTI1MjBMdXhlbWJvdXJnJTJDJTI1MjBMdXhlbWJ1cmclMjZ0JTNEJTI2eiUzRDE3JTI2aWUlM0RVVEY4JTI2aXdsb2MlM0QlMjZvdXRwdXQlM0RlbWJlZCUyMiUyMGZyYW1lYm9yZGVyJTNEJTIyMCUyMiUyMHNjcm9sbGluZyUzRCUyMm5vJTIyJTIwbWFyZ2luaGVpZ2h0JTNEJTIyMCUyMiUyMG1hcmdpbndpZHRoJTNEJTIyMCUyMiUzRSUzQyUyRmlmcmFtZSUzRQ==\u00a0\u00bb<br \/><a class=\"moretag\" href=\"https:\/\/www.tareno.lu\/fr\/contact\/\"> read more <span class=\"glyphicon glyphicon-menu-right\"><\/span><\/a><\/p>\n","protected":false},"author":7,"featured_media":0,"parent":0,"menu_order":33,"comment_status":"closed","ping_status":"closed","template":"sidebar.php","meta":{"footnotes":""},"class_list":["post-6963","page","type-page","status-publish","hentry"],"yoast_head":"<!-- This site is optimized with the Yoast SEO plugin v27.1.1 - https:\/\/yoast.com\/product\/yoast-seo-wordpress\/ -->\n<title>Tareno (Luxembourg) S.A. | CONTACT<\/title>\n<meta name=\"description\" content=\"Pour nous contacter, veuillez nous appeler ou utilisez le formulaire de contact.\" \/>\n<meta name=\"robots\" content=\"index, follow, max-snippet:-1, max-image-preview:large, max-video-preview:-1\" \/>\n<link rel=\"canonical\" href=\"https:\/\/www.tareno.lu\/fr\/contact\/\" \/>\n<meta property=\"og:locale\" content=\"fr_FR\" \/>\n<meta property=\"og:type\" content=\"article\" \/>\n<meta property=\"og:title\" content=\"Tareno (Luxembourg) S.A. | CONTACT\" \/>\n<meta property=\"og:description\" content=\"Pour nous contacter, veuillez nous appeler ou utilisez le formulaire de contact.\" \/>\n<meta property=\"og:url\" content=\"https:\/\/www.tareno.lu\/fr\/contact\/\" \/>\n<meta property=\"og:site_name\" content=\"Tareno (Luxembourg) S.A.\" \/>\n<meta property=\"article:modified_time\" content=\"2026-01-21T16:43:15+00:00\" \/>\n<meta name=\"twitter:card\" content=\"summary_large_image\" \/>\n<meta name=\"twitter:label1\" content=\"Dur\u00e9e de lecture estim\u00e9e\" \/>\n\t<meta name=\"twitter:data1\" content=\"1 minute\" \/>\n<script type=\"application\/ld+json\" class=\"yoast-schema-graph\">{\"@context\":\"https:\/\/schema.org\",\"@graph\":[{\"@type\":\"WebPage\",\"@id\":\"https:\/\/www.tareno.lu\/fr\/contact\/\",\"url\":\"https:\/\/www.tareno.lu\/fr\/contact\/\",\"name\":\"Tareno (Luxembourg) S.A. | CONTACT\",\"isPartOf\":{\"@id\":\"https:\/\/www.tareno.lu\/#website\"},\"datePublished\":\"2021-12-01T12:15:14+00:00\",\"dateModified\":\"2026-01-21T16:43:15+00:00\",\"description\":\"Pour nous contacter, veuillez nous appeler ou utilisez le formulaire de contact.\",\"breadcrumb\":{\"@id\":\"https:\/\/www.tareno.lu\/fr\/contact\/#breadcrumb\"},\"inLanguage\":\"fr-FR\",\"potentialAction\":[{\"@type\":\"ReadAction\",\"target\":[\"https:\/\/www.tareno.lu\/fr\/contact\/\"]}]},{\"@type\":\"BreadcrumbList\",\"@id\":\"https:\/\/www.tareno.lu\/fr\/contact\/#breadcrumb\",\"itemListElement\":[{\"@type\":\"ListItem\",\"position\":1,\"name\":\"Startseite\",\"item\":\"https:\/\/www.tareno.lu\/fr\/\"},{\"@type\":\"ListItem\",\"position\":2,\"name\":\"CONTACT\"}]},{\"@type\":\"WebSite\",\"@id\":\"https:\/\/www.tareno.lu\/#website\",\"url\":\"https:\/\/www.tareno.lu\/\",\"name\":\"Tareno (Luxembourg) S.A.\",\"description\":\"International Asset Managers\",\"potentialAction\":[{\"@type\":\"SearchAction\",\"target\":{\"@type\":\"EntryPoint\",\"urlTemplate\":\"https:\/\/www.tareno.lu\/?s={search_term_string}\"},\"query-input\":{\"@type\":\"PropertyValueSpecification\",\"valueRequired\":true,\"valueName\":\"search_term_string\"}}],\"inLanguage\":\"fr-FR\"}]}<\/script>\n<!-- \/ Yoast SEO plugin. -->","yoast_head_json":{"title":"Tareno (Luxembourg) S.A. | CONTACT","description":"Pour nous contacter, veuillez nous appeler ou utilisez le formulaire de contact.","robots":{"index":"index","follow":"follow","max-snippet":"max-snippet:-1","max-image-preview":"max-image-preview:large","max-video-preview":"max-video-preview:-1"},"canonical":"https:\/\/www.tareno.lu\/fr\/contact\/","og_locale":"fr_FR","og_type":"article","og_title":"Tareno (Luxembourg) S.A. | CONTACT","og_description":"Pour nous contacter, veuillez nous appeler ou utilisez le formulaire de contact.","og_url":"https:\/\/www.tareno.lu\/fr\/contact\/","og_site_name":"Tareno (Luxembourg) S.A.","article_modified_time":"2026-01-21T16:43:15+00:00","twitter_card":"summary_large_image","twitter_misc":{"Dur\u00e9e de lecture estim\u00e9e":"1 minute"},"schema":{"@context":"https:\/\/schema.org","@graph":[{"@type":"WebPage","@id":"https:\/\/www.tareno.lu\/fr\/contact\/","url":"https:\/\/www.tareno.lu\/fr\/contact\/","name":"Tareno (Luxembourg) S.A. | CONTACT","isPartOf":{"@id":"https:\/\/www.tareno.lu\/#website"},"datePublished":"2021-12-01T12:15:14+00:00","dateModified":"2026-01-21T16:43:15+00:00","description":"Pour nous contacter, veuillez nous appeler ou utilisez le formulaire de contact.","breadcrumb":{"@id":"https:\/\/www.tareno.lu\/fr\/contact\/#breadcrumb"},"inLanguage":"fr-FR","potentialAction":[{"@type":"ReadAction","target":["https:\/\/www.tareno.lu\/fr\/contact\/"]}]},{"@type":"BreadcrumbList","@id":"https:\/\/www.tareno.lu\/fr\/contact\/#breadcrumb","itemListElement":[{"@type":"ListItem","position":1,"name":"Startseite","item":"https:\/\/www.tareno.lu\/fr\/"},{"@type":"ListItem","position":2,"name":"CONTACT"}]},{"@type":"WebSite","@id":"https:\/\/www.tareno.lu\/#website","url":"https:\/\/www.tareno.lu\/","name":"Tareno (Luxembourg) S.A.","description":"International Asset Managers","potentialAction":[{"@type":"SearchAction","target":{"@type":"EntryPoint","urlTemplate":"https:\/\/www.tareno.lu\/?s={search_term_string}"},"query-input":{"@type":"PropertyValueSpecification","valueRequired":true,"valueName":"search_term_string"}}],"inLanguage":"fr-FR"}]}},"_links":{"self":[{"href":"https:\/\/www.tareno.lu\/fr\/wp-json\/wp\/v2\/pages\/6963","targetHints":{"allow":["GET"]}}],"collection":[{"href":"https:\/\/www.tareno.lu\/fr\/wp-json\/wp\/v2\/pages"}],"about":[{"href":"https:\/\/www.tareno.lu\/fr\/wp-json\/wp\/v2\/types\/page"}],"author":[{"embeddable":true,"href":"https:\/\/www.tareno.lu\/fr\/wp-json\/wp\/v2\/users\/7"}],"replies":[{"embeddable":true,"href":"https:\/\/www.tareno.lu\/fr\/wp-json\/wp\/v2\/comments?post=6963"}],"version-history":[{"count":27,"href":"https:\/\/www.tareno.lu\/fr\/wp-json\/wp\/v2\/pages\/6963\/revisions"}],"predecessor-version":[{"id":8581,"href":"https:\/\/www.tareno.lu\/fr\/wp-json\/wp\/v2\/pages\/6963\/revisions\/8581"}],"wp:attachment":[{"href":"https:\/\/www.tareno.lu\/fr\/wp-json\/wp\/v2\/media?parent=6963"}],"curies":[{"name":"wp","href":"https:\/\/api.w.org\/{rel}","templated":true}]}}