{"id":6967,"date":"2021-12-01T13:18:38","date_gmt":"2021-12-01T12:18:38","guid":{"rendered":"https:\/\/temp.wuk.ch\/?page_id=6967"},"modified":"2026-01-21T19:04:52","modified_gmt":"2026-01-21T18:04:52","slug":"tareno-luxembourg-s-a-2","status":"publish","type":"page","link":"https:\/\/www.tareno.lu\/fr\/","title":{"rendered":"TARENO (Luxembourg) S.A."},"content":{"rendered":"<p>[vc_row][vc_column width=\u00a0\u00bb1\/2&Prime;]\n\t\t\t<!-- START Start Privatkunden 1 1 REVOLUTION SLIDER 6.5.2 --><p class=\"rs-p-wp-fix\"><\/p>\n\t\t\t<rs-module-wrap id=\"rev_slider_66_1_wrapper\" data-source=\"gallery\" style=\"visibility:hidden;background:rgba(201,205,213,0.7);padding:0;margin:0px auto;margin-top:0;margin-bottom:0;max-width:;\">\n\t\t\t\t<rs-module id=\"rev_slider_66_1\" class=\" rs-ov-hidden\" style=\"\" data-version=\"6.5.2\">\n\t\t\t\t\t<rs-slides>\n\t\t\t\t\t\t<rs-slide data-key=\"rs-576\" data-title=\"leer\" data-duration=\"11000\" data-anim=\"ms:1200;\" data-in=\"o:0;\" data-out=\"a:false;\">\n\t\t\t\t\t\t\t<img decoding=\"async\" src=\"\/\/www.tareno.lu\/wp-content\/plugins\/revslider\/public\/assets\/assets\/dummy.png\" alt=\"leer\" title=\"TARENO (Luxembourg) S.A.\" class=\"rev-slidebg tp-rs-img rs-lazyload\" data-lazyload=\"\/\/www.tareno.lu\/wp-content\/plugins\/revslider\/public\/assets\/assets\/transparent.png\" data-no-retina>\n<!--\n\t\t\t\t\t\t\t--><rs-layer\n\t\t\t\t\t\t\t\tid=\"slider-66-slide-576-layer-0\" \n\t\t\t\t\t\t\t\tdata-type=\"text\"\n\t\t\t\t\t\t\t\tdata-color=\"#000000\"\n\t\t\t\t\t\t\t\tdata-rsp_ch=\"on\"\n\t\t\t\t\t\t\t\tdata-xy=\"x:64px;y:533px;\"\n\t\t\t\t\t\t\t\tdata-text=\"w:normal;s:30;l:40;fw:500;\"\n\t\t\t\t\t\t\t\tdata-dim=\"h:322px;\"\n\t\t\t\t\t\t\t\tdata-frame_999=\"o:0;st:w;\"\n\t\t\t\t\t\t\t\tstyle=\"z-index:6;font-family:Roboto;\"\n\t\t\t\t\t\t\t>ATTENTION, RISQUE DE FRAUDE :<br \/>\nDes individus pr\u00e9tendant travailler pour TARENO (Luxembourg) S.A. contactent<br \/>\nactuellement des personnes en utilisant abusivement le nom, l\u2019adresse et le logo<br \/>\nde la soci\u00e9t\u00e9 dans le but de proposer des placements frauduleux.<br \/>\nVeuillez noter que nous ne d\u00e9marchons jamais des personnes individuelles<br \/>\npar t\u00e9l\u00e9phone ou e-mail.<br \/>\nEn cas de doute, contactez directement la soci\u00e9t\u00e9 \u00e0 son si\u00e8ge \u00e0 Luxembourg<br \/>\nafin de v\u00e9rifier l\u2019authenticit\u00e9 de votre interlocuteur. \n\t\t\t\t\t\t\t<\/rs-layer><!--\n\n\t\t\t\t\t\t\t--><rs-layer\n\t\t\t\t\t\t\t\tid=\"slider-66-slide-576-layer-1\" \n\t\t\t\t\t\t\t\tdata-type=\"text\"\n\t\t\t\t\t\t\t\tdata-color=\"#ffffff\"\n\t\t\t\t\t\t\t\tdata-xy=\"x:c;y:c;\"\n\t\t\t\t\t\t\t\tdata-text=\"l:22;a:inherit;\"\n\t\t\t\t\t\t\t\tdata-rsp_o=\"off\"\n\t\t\t\t\t\t\t\tdata-rsp_bd=\"off\"\n\t\t\t\t\t\t\t\tdata-frame_1=\"sR:10;\"\n\t\t\t\t\t\t\t\tdata-frame_999=\"o:0;st:w;sp:10;sR:10690;\"\n\t\t\t\t\t\t\t\tstyle=\"z-index:5;font-family:Open Sans;\"\n\t\t\t\t\t\t\t><center>\n\t<a class=\"vc_general vc_btn3 vc_btn3-size-lg vc_btn3-shape-square vc_btn3-style-tareno-btn vc_btn3-block vc_btn3-color-black\" href=\"\/fr\/qui-sommes-nous\/\" title=\"\">Qui sommes-nous<\/a><\/center> \n\t\t\t\t\t\t\t<\/rs-layer><!--\n-->\t\t\t\t\t\t<\/rs-slide>\n\t\t\t\t\t\t<rs-slide data-key=\"rs-5761\" data-title=\"leer\" data-duration=\"11000\" data-anim=\"ms:1200;\" data-in=\"o:0;\" data-out=\"a:false;\">\n\t\t\t\t\t\t\t<img decoding=\"async\" src=\"\/\/www.tareno.lu\/wp-content\/plugins\/revslider\/public\/assets\/assets\/dummy.png\" title=\"TARENO (Luxembourg) S.A.\" class=\"rev-slidebg tp-rs-img rs-lazyload\" data-lazyload=\"\/\/www.tareno.lu\/wp-content\/plugins\/revslider\/public\/assets\/assets\/transparent.png\" data-no-retina>\n<!--\n\t\t\t\t\t\t\t--><rs-layer\n\t\t\t\t\t\t\t\tid=\"slider-66-slide-5761-layer-0\" \n\t\t\t\t\t\t\t\tdata-type=\"text\"\n\t\t\t\t\t\t\t\tdata-color=\"#000000\"\n\t\t\t\t\t\t\t\tdata-rsp_ch=\"on\"\n\t\t\t\t\t\t\t\tdata-xy=\"x:64px;y:533px;\"\n\t\t\t\t\t\t\t\tdata-text=\"w:normal;s:30;l:40;fw:500;\"\n\t\t\t\t\t\t\t\tdata-dim=\"h:322px;\"\n\t\t\t\t\t\t\t\tdata-frame_999=\"o:0;st:w;\"\n\t\t\t\t\t\t\t\tstyle=\"z-index:6;font-family:Roboto;\"\n\t\t\t\t\t\t\t>ATTENTION, RISQUE DE FRAUDE :<br \/>\nDes individus pr\u00e9tendant travailler pour TARENO (Luxembourg) S.A. contactent<br \/>\nactuellement des personnes en utilisant abusivement le nom, l\u2019adresse et le logo<br \/>\nde la soci\u00e9t\u00e9 dans le but de proposer des placements frauduleux.<br \/>\nVeuillez noter que nous ne d\u00e9marchons jamais des personnes individuelles<br \/>\npar t\u00e9l\u00e9phone ou e-mail.<br \/>\nEn cas de doute, contactez directement la soci\u00e9t\u00e9 \u00e0 son si\u00e8ge \u00e0 Luxembourg<br \/>\nafin de v\u00e9rifier l\u2019authenticit\u00e9 de votre interlocuteur. \n\t\t\t\t\t\t\t<\/rs-layer><!--\n\n\t\t\t\t\t\t\t--><rs-layer\n\t\t\t\t\t\t\t\tid=\"slider-66-slide-5761-layer-1\" \n\t\t\t\t\t\t\t\tdata-type=\"text\"\n\t\t\t\t\t\t\t\tdata-color=\"#ffffff\"\n\t\t\t\t\t\t\t\tdata-xy=\"x:c;y:c;\"\n\t\t\t\t\t\t\t\tdata-text=\"l:22;a:inherit;\"\n\t\t\t\t\t\t\t\tdata-rsp_o=\"off\"\n\t\t\t\t\t\t\t\tdata-rsp_bd=\"off\"\n\t\t\t\t\t\t\t\tdata-frame_1=\"sR:10;\"\n\t\t\t\t\t\t\t\tdata-frame_999=\"o:0;st:w;sp:10;sR:10690;\"\n\t\t\t\t\t\t\t\tstyle=\"z-index:5;font-family:Open Sans;\"\n\t\t\t\t\t\t\t><center>\n\t<a class=\"vc_general vc_btn3 vc_btn3-size-lg vc_btn3-shape-square vc_btn3-style-tareno-btn vc_btn3-block vc_btn3-color-black\" href=\"\/fr\/qui-sommes-nous\/\" title=\"\">Qui sommes-nous<\/a><\/center> \n\t\t\t\t\t\t\t<\/rs-layer><!--\n-->\t\t\t\t\t\t<\/rs-slide>\n\t\t\t\t\t<\/rs-slides>\n\t\t\t\t<\/rs-module>\n\t\t\t\t<script type=\"text\/javascript\">\n\t\t\t\t\tsetREVStartSize({c: 'rev_slider_66_1',rl:[1240,1024,778,480],el:[868],gw:[1240],gh:[868],type:'standard',justify:'',layout:'fullwidth',mh:\"0\"});\n\t\t\t\t<\/script>\n\t\t\t<\/rs-module-wrap>\n\t\t\t<!-- END REVOLUTION SLIDER -->\n[\/vc_column][vc_column width=\u00a0\u00bb1\/2&Prime;]\n\t\t\t<!-- START Start neue Perspektiven 12 REVOLUTION SLIDER 6.5.2 --><p class=\"rs-p-wp-fix\"><\/p>\n\t\t\t<rs-module-wrap id=\"rev_slider_69_2_wrapper\" data-source=\"gallery\" style=\"visibility:hidden;background:rgba(119,141,170,0.6);padding:0;margin:0px auto;margin-top:0;margin-bottom:0;max-width:;\">\n\t\t\t\t<rs-module id=\"rev_slider_69_2\" class=\" rs-ov-hidden\" style=\"\" data-version=\"6.5.2\">\n\t\t\t\t\t<rs-slides>\n\t\t\t\t\t\t<rs-slide data-key=\"rs-579\" data-title=\"leer\" data-duration=\"1000\" data-anim=\"ms:1200;\" data-in=\"o:0;\" data-out=\"a:false;\">\n\t\t\t\t\t\t\t<img decoding=\"async\" src=\"\/\/www.tareno.lu\/wp-content\/plugins\/revslider\/public\/assets\/assets\/dummy.png\" alt=\"leer\" title=\"TARENO (Luxembourg) S.A.\" class=\"rev-slidebg tp-rs-img rs-lazyload\" data-lazyload=\"\/\/www.tareno.lu\/wp-content\/plugins\/revslider\/public\/assets\/assets\/transparent.png\" data-no-retina>\n<!--\n\t\t\t\t\t\t\t--><rs-layer\n\t\t\t\t\t\t\t\tid=\"slider-69-slide-579-layer-1\" \n\t\t\t\t\t\t\t\tdata-type=\"text\"\n\t\t\t\t\t\t\t\tdata-color=\"#ffffff\"\n\t\t\t\t\t\t\t\tdata-xy=\"x:c;y:c;\"\n\t\t\t\t\t\t\t\tdata-text=\"l:22;a:inherit;\"\n\t\t\t\t\t\t\t\tdata-rsp_o=\"off\"\n\t\t\t\t\t\t\t\tdata-rsp_bd=\"off\"\n\t\t\t\t\t\t\t\tdata-frame_1=\"sR:10;\"\n\t\t\t\t\t\t\t\tdata-frame_999=\"o:0;st:w;sR:690;\"\n\t\t\t\t\t\t\t\tstyle=\"z-index:5;font-family:ITC Slimbach;\"\n\t\t\t\t\t\t\t><center><a class=\"vc_general vc_btn3 vc_btn3-size-lg vc_btn3-shape-square vc_btn3-style-tareno-btn vc_btn3-block vc_btn3-color-black\" href=\"\/fr\/gestion dactifs\/\">GESTION D\u2019ACTIFS<\/a><\/center> \n\t\t\t\t\t\t\t<\/rs-layer><!--\n-->\t\t\t\t\t\t<\/rs-slide>\n\t\t\t\t\t\t<rs-slide data-key=\"rs-5791\" data-title=\"leer\" data-duration=\"1000\" data-anim=\"ms:1200;\" data-in=\"o:0;\" data-out=\"a:false;\">\n\t\t\t\t\t\t\t<img decoding=\"async\" src=\"\/\/www.tareno.lu\/wp-content\/plugins\/revslider\/public\/assets\/assets\/dummy.png\" title=\"TARENO (Luxembourg) S.A.\" class=\"rev-slidebg tp-rs-img rs-lazyload\" data-lazyload=\"\/\/www.tareno.lu\/wp-content\/plugins\/revslider\/public\/assets\/assets\/transparent.png\" data-no-retina>\n<!--\n\t\t\t\t\t\t\t--><rs-layer\n\t\t\t\t\t\t\t\tid=\"slider-69-slide-5791-layer-1\" \n\t\t\t\t\t\t\t\tdata-type=\"text\"\n\t\t\t\t\t\t\t\tdata-color=\"#ffffff\"\n\t\t\t\t\t\t\t\tdata-xy=\"x:c;y:c;\"\n\t\t\t\t\t\t\t\tdata-text=\"l:22;a:inherit;\"\n\t\t\t\t\t\t\t\tdata-rsp_o=\"off\"\n\t\t\t\t\t\t\t\tdata-rsp_bd=\"off\"\n\t\t\t\t\t\t\t\tdata-frame_1=\"sR:10;\"\n\t\t\t\t\t\t\t\tdata-frame_999=\"o:0;st:w;sR:690;\"\n\t\t\t\t\t\t\t\tstyle=\"z-index:5;font-family:ITC Slimbach;\"\n\t\t\t\t\t\t\t><center><a class=\"vc_general vc_btn3 vc_btn3-size-lg vc_btn3-shape-square vc_btn3-style-tareno-btn vc_btn3-block vc_btn3-color-black\" href=\"\/fr\/gestion dactifs\/\">GESTION D\u2019ACTIFS<\/a><\/center> \n\t\t\t\t\t\t\t<\/rs-layer><!--\n-->\t\t\t\t\t\t<\/rs-slide>\n\t\t\t\t\t<\/rs-slides>\n\t\t\t\t<\/rs-module>\n\t\t\t\t<script type=\"text\/javascript\">\n\t\t\t\t\tsetREVStartSize({c: 'rev_slider_69_2',rl:[1240,1024,778,480],el:[868],gw:[1240],gh:[868],type:'standard',justify:'',layout:'fullwidth',mh:\"0\"});\n\t\t\t\t<\/script>\n\t\t\t<\/rs-module-wrap>\n\t\t\t<!-- END REVOLUTION SLIDER -->\n[\/vc_column][\/vc_row][vc_row][vc_column width=\u00a0\u00bb1\/2&Prime;]\n\t\t\t<!-- START Start tareno 12 REVOLUTION SLIDER 6.5.2 --><p class=\"rs-p-wp-fix\"><\/p>\n\t\t\t<rs-module-wrap id=\"rev_slider_72_3_wrapper\" data-source=\"gallery\" style=\"visibility:hidden;background:rgba(51,68,125,0.6);padding:0;margin:0px auto;margin-top:0;margin-bottom:0;max-width:;\">\n\t\t\t\t<rs-module id=\"rev_slider_72_3\" class=\" rs-ov-hidden\" style=\"\" data-version=\"6.5.2\">\n\t\t\t\t\t<rs-slides>\n\t\t\t\t\t\t<rs-slide data-key=\"rs-582\" data-title=\"leer\" data-duration=\"33000\" data-anim=\"ms:600;\" data-in=\"o:0;\" data-out=\"a:false;\">\n\t\t\t\t\t\t\t<img decoding=\"async\" src=\"\/\/www.tareno.lu\/wp-content\/plugins\/revslider\/public\/assets\/assets\/dummy.png\" alt=\"leer\" title=\"TARENO (Luxembourg) S.A.\" class=\"rev-slidebg tp-rs-img rs-lazyload\" data-lazyload=\"\/\/www.tareno.lu\/wp-content\/plugins\/revslider\/public\/assets\/assets\/transparent.png\" data-no-retina>\n<!--\n\t\t\t\t\t\t\t--><rs-layer\n\t\t\t\t\t\t\t\tid=\"slider-72-slide-582-layer-1\" \n\t\t\t\t\t\t\t\tdata-type=\"text\"\n\t\t\t\t\t\t\t\tdata-color=\"#ffffff\"\n\t\t\t\t\t\t\t\tdata-xy=\"x:c;y:c;yo:-1px;\"\n\t\t\t\t\t\t\t\tdata-text=\"l:22;a:inherit;\"\n\t\t\t\t\t\t\t\tdata-rsp_o=\"off\"\n\t\t\t\t\t\t\t\tdata-rsp_bd=\"off\"\n\t\t\t\t\t\t\t\tdata-frame_1=\"sR:10;\"\n\t\t\t\t\t\t\t\tdata-frame_999=\"o:0;st:w;sp:10;sR:32690;\"\n\t\t\t\t\t\t\t\tstyle=\"z-index:5;font-family:Open Sans;\"\n\t\t\t\t\t\t\t><center>\n\t<a class=\"vc_general vc_btn3 vc_btn3-size-lg vc_btn3-shape-square vc_btn3-style-tareno-btn vc_btn3-block vc_btn3-color-black\" href=\"\/fr\/fonds-tareno\/\" title=\"\">Fonds Tareno<\/a><\/center> \n\t\t\t\t\t\t\t<\/rs-layer><!--\n-->\t\t\t\t\t\t<\/rs-slide>\n\t\t\t\t\t\t<rs-slide data-key=\"rs-5821\" data-title=\"leer\" data-duration=\"33000\" data-anim=\"ms:600;\" data-in=\"o:0;\" data-out=\"a:false;\">\n\t\t\t\t\t\t\t<img decoding=\"async\" src=\"\/\/www.tareno.lu\/wp-content\/plugins\/revslider\/public\/assets\/assets\/dummy.png\" title=\"TARENO (Luxembourg) S.A.\" class=\"rev-slidebg tp-rs-img rs-lazyload\" data-lazyload=\"\/\/www.tareno.lu\/wp-content\/plugins\/revslider\/public\/assets\/assets\/transparent.png\" data-no-retina>\n<!--\n\t\t\t\t\t\t\t--><rs-layer\n\t\t\t\t\t\t\t\tid=\"slider-72-slide-5821-layer-1\" \n\t\t\t\t\t\t\t\tdata-type=\"text\"\n\t\t\t\t\t\t\t\tdata-color=\"#ffffff\"\n\t\t\t\t\t\t\t\tdata-xy=\"x:c;y:c;yo:-1px;\"\n\t\t\t\t\t\t\t\tdata-text=\"l:22;a:inherit;\"\n\t\t\t\t\t\t\t\tdata-rsp_o=\"off\"\n\t\t\t\t\t\t\t\tdata-rsp_bd=\"off\"\n\t\t\t\t\t\t\t\tdata-frame_1=\"sR:10;\"\n\t\t\t\t\t\t\t\tdata-frame_999=\"o:0;st:w;sp:10;sR:32690;\"\n\t\t\t\t\t\t\t\tstyle=\"z-index:5;font-family:Open Sans;\"\n\t\t\t\t\t\t\t><center>\n\t<a class=\"vc_general vc_btn3 vc_btn3-size-lg vc_btn3-shape-square vc_btn3-style-tareno-btn vc_btn3-block vc_btn3-color-black\" href=\"\/fr\/fonds-tareno\/\" title=\"\">Fonds Tareno<\/a><\/center> \n\t\t\t\t\t\t\t<\/rs-layer><!--\n-->\t\t\t\t\t\t<\/rs-slide>\n\t\t\t\t\t<\/rs-slides>\n\t\t\t\t<\/rs-module>\n\t\t\t\t<script type=\"text\/javascript\">\n\t\t\t\t\tsetREVStartSize({c: 'rev_slider_72_3',rl:[1240,1024,778,480],el:[868],gw:[1240],gh:[868],type:'standard',justify:'',layout:'fullwidth',mh:\"0\"});\n\t\t\t\t<\/script>\n\t\t\t<\/rs-module-wrap>\n\t\t\t<!-- END REVOLUTION SLIDER -->\n[\/vc_column][vc_column width=\u00a0\u00bb1\/2&Prime;]\n\t\t\t<!-- START Start \u00fcber uns 12 REVOLUTION SLIDER 6.5.2 --><p class=\"rs-p-wp-fix\"><\/p>\n\t\t\t<rs-module-wrap id=\"rev_slider_75_4_wrapper\" data-source=\"gallery\" style=\"visibility:hidden;background:rgba(124,161,205,0.6);padding:0;margin:0px auto;margin-top:0;margin-bottom:0;max-width:;\">\n\t\t\t\t<rs-module id=\"rev_slider_75_4\" class=\" rs-ov-hidden\" style=\"\" data-version=\"6.5.2\">\n\t\t\t\t\t<rs-slides>\n\t\t\t\t\t\t<rs-slide data-key=\"rs-585\" data-title=\"leer\" data-duration=\"22000\" data-anim=\"ms:1200;\" data-in=\"o:0;\" data-out=\"a:false;\">\n\t\t\t\t\t\t\t<img decoding=\"async\" src=\"\/\/www.tareno.lu\/wp-content\/plugins\/revslider\/public\/assets\/assets\/dummy.png\" alt=\"leer\" title=\"TARENO (Luxembourg) S.A.\" class=\"rev-slidebg tp-rs-img rs-lazyload\" data-lazyload=\"\/\/www.tareno.lu\/wp-content\/plugins\/revslider\/public\/assets\/assets\/transparent.png\" data-no-retina>\n<!--\n\t\t\t\t\t\t\t--><rs-layer\n\t\t\t\t\t\t\t\tid=\"slider-75-slide-585-layer-1\" \n\t\t\t\t\t\t\t\tdata-type=\"text\"\n\t\t\t\t\t\t\t\tdata-color=\"#ffffff\"\n\t\t\t\t\t\t\t\tdata-xy=\"x:c;y:c;\"\n\t\t\t\t\t\t\t\tdata-text=\"l:22;a:inherit;\"\n\t\t\t\t\t\t\t\tdata-rsp_o=\"off\"\n\t\t\t\t\t\t\t\tdata-rsp_bd=\"off\"\n\t\t\t\t\t\t\t\tdata-frame_1=\"sp:900;sR:10;\"\n\t\t\t\t\t\t\t\tdata-frame_999=\"o:0;st:w;sp:0;sR:21090;\"\n\t\t\t\t\t\t\t\tstyle=\"z-index:5;font-family:Open Sans;\"\n\t\t\t\t\t\t\t><center>\n\t<a class=\"vc_general vc_btn3 vc_btn3-size-lg vc_btn3-shape-square vc_btn3-style-tareno-btn vc_btn3-block vc_btn3-color-black\" href=\"\/fr\/contact\/\" title=\"\">Contact<\/a><\/center> \n\t\t\t\t\t\t\t<\/rs-layer><!--\n-->\t\t\t\t\t\t<\/rs-slide>\n\t\t\t\t\t\t<rs-slide data-key=\"rs-5851\" data-title=\"leer\" data-duration=\"22000\" data-anim=\"ms:1200;\" data-in=\"o:0;\" data-out=\"a:false;\">\n\t\t\t\t\t\t\t<img decoding=\"async\" src=\"\/\/www.tareno.lu\/wp-content\/plugins\/revslider\/public\/assets\/assets\/dummy.png\" title=\"TARENO (Luxembourg) S.A.\" class=\"rev-slidebg tp-rs-img rs-lazyload\" data-lazyload=\"\/\/www.tareno.lu\/wp-content\/plugins\/revslider\/public\/assets\/assets\/transparent.png\" data-no-retina>\n<!--\n\t\t\t\t\t\t\t--><rs-layer\n\t\t\t\t\t\t\t\tid=\"slider-75-slide-5851-layer-1\" \n\t\t\t\t\t\t\t\tdata-type=\"text\"\n\t\t\t\t\t\t\t\tdata-color=\"#ffffff\"\n\t\t\t\t\t\t\t\tdata-xy=\"x:c;y:c;\"\n\t\t\t\t\t\t\t\tdata-text=\"l:22;a:inherit;\"\n\t\t\t\t\t\t\t\tdata-rsp_o=\"off\"\n\t\t\t\t\t\t\t\tdata-rsp_bd=\"off\"\n\t\t\t\t\t\t\t\tdata-frame_1=\"sp:900;sR:10;\"\n\t\t\t\t\t\t\t\tdata-frame_999=\"o:0;st:w;sp:0;sR:21090;\"\n\t\t\t\t\t\t\t\tstyle=\"z-index:5;font-family:Open Sans;\"\n\t\t\t\t\t\t\t><center>\n\t<a class=\"vc_general vc_btn3 vc_btn3-size-lg vc_btn3-shape-square vc_btn3-style-tareno-btn vc_btn3-block vc_btn3-color-black\" href=\"\/fr\/contact\/\" title=\"\">Contact<\/a><\/center> \n\t\t\t\t\t\t\t<\/rs-layer><!--\n-->\t\t\t\t\t\t<\/rs-slide>\n\t\t\t\t\t<\/rs-slides>\n\t\t\t\t<\/rs-module>\n\t\t\t\t<script type=\"text\/javascript\">\n\t\t\t\t\tsetREVStartSize({c: 'rev_slider_75_4',rl:[1240,1024,778,480],el:[868],gw:[1240],gh:[868],type:'standard',justify:'',layout:'fullwidth',mh:\"0\"});\n\t\t\t\t<\/script>\n\t\t\t<\/rs-module-wrap>\n\t\t\t<!-- END REVOLUTION SLIDER -->\n[\/vc_column][\/vc_row]<\/p>\n","protected":false},"excerpt":{"rendered":"<p>[vc_row][vc_column width=\u00a0\u00bb1\/2&Prime;][\/vc_column][vc_column width=\u00a0\u00bb1\/2&Prime;][\/vc_column][\/vc_row][vc_row][vc_column width=\u00a0\u00bb1\/2&Prime;][\/vc_column][vc_column width=\u00a0\u00bb1\/2&Prime;][\/vc_column][\/vc_row]<\/p>\n","protected":false},"author":7,"featured_media":0,"parent":0,"menu_order":8,"comment_status":"closed","ping_status":"closed","template":"","meta":{"footnotes":""},"class_list":["post-6967","page","type-page","status-publish","hentry"],"yoast_head":"<!-- This site is optimized with the Yoast SEO plugin v27.1.1 - https:\/\/yoast.com\/product\/yoast-seo-wordpress\/ -->\n<title>Tareno (Luxembourg) S.A. | TARENO (Luxembourg) S.A.<\/title>\n<meta name=\"description\" content=\"Tareno (Luxembourg) SA. est l&#039;un des g\u00e9rants de fortune ind\u00e9pendants au Luxembourg. En savoir plus sur nous et nos services.\" \/>\n<meta name=\"robots\" content=\"index, follow, max-snippet:-1, max-image-preview:large, max-video-preview:-1\" \/>\n<link rel=\"canonical\" href=\"https:\/\/www.tareno.lu\/fr\/\" \/>\n<meta property=\"og:locale\" content=\"fr_FR\" \/>\n<meta property=\"og:type\" content=\"article\" \/>\n<meta property=\"og:title\" content=\"Tareno (Luxembourg) S.A. | TARENO (Luxembourg) S.A.\" \/>\n<meta property=\"og:description\" content=\"Tareno (Luxembourg) SA. est l&#039;un des g\u00e9rants de fortune ind\u00e9pendants au Luxembourg. En savoir plus sur nous et nos services.\" \/>\n<meta property=\"og:url\" content=\"https:\/\/www.tareno.lu\/fr\/\" \/>\n<meta property=\"og:site_name\" content=\"Tareno (Luxembourg) S.A.\" \/>\n<meta property=\"article:modified_time\" content=\"2026-01-21T18:04:52+00:00\" \/>\n<meta name=\"twitter:card\" content=\"summary_large_image\" \/>\n<meta name=\"twitter:label1\" content=\"Dur\u00e9e de lecture estim\u00e9e\" \/>\n\t<meta name=\"twitter:data1\" content=\"1 minute\" \/>\n<script type=\"application\/ld+json\" class=\"yoast-schema-graph\">{\"@context\":\"https:\/\/schema.org\",\"@graph\":[{\"@type\":\"WebPage\",\"@id\":\"https:\/\/www.tareno.lu\/fr\/\",\"url\":\"https:\/\/www.tareno.lu\/fr\/\",\"name\":\"Tareno (Luxembourg) S.A. | TARENO (Luxembourg) S.A.\",\"isPartOf\":{\"@id\":\"https:\/\/www.tareno.lu\/#website\"},\"datePublished\":\"2021-12-01T12:18:38+00:00\",\"dateModified\":\"2026-01-21T18:04:52+00:00\",\"description\":\"Tareno (Luxembourg) SA. est l'un des g\u00e9rants de fortune ind\u00e9pendants au Luxembourg. En savoir plus sur nous et nos services.\",\"breadcrumb\":{\"@id\":\"https:\/\/www.tareno.lu\/fr\/#breadcrumb\"},\"inLanguage\":\"fr-FR\",\"potentialAction\":[{\"@type\":\"ReadAction\",\"target\":[\"https:\/\/www.tareno.lu\/fr\/\"]}]},{\"@type\":\"BreadcrumbList\",\"@id\":\"https:\/\/www.tareno.lu\/fr\/#breadcrumb\",\"itemListElement\":[{\"@type\":\"ListItem\",\"position\":1,\"name\":\"Startseite\",\"item\":\"https:\/\/www.tareno.lu\/fr\/\"},{\"@type\":\"ListItem\",\"position\":2,\"name\":\"TARENO (Luxembourg) S.A.\"}]},{\"@type\":\"WebSite\",\"@id\":\"https:\/\/www.tareno.lu\/#website\",\"url\":\"https:\/\/www.tareno.lu\/\",\"name\":\"Tareno (Luxembourg) S.A.\",\"description\":\"International Asset Managers\",\"potentialAction\":[{\"@type\":\"SearchAction\",\"target\":{\"@type\":\"EntryPoint\",\"urlTemplate\":\"https:\/\/www.tareno.lu\/?s={search_term_string}\"},\"query-input\":{\"@type\":\"PropertyValueSpecification\",\"valueRequired\":true,\"valueName\":\"search_term_string\"}}],\"inLanguage\":\"fr-FR\"}]}<\/script>\n<!-- \/ Yoast SEO plugin. -->","yoast_head_json":{"title":"Tareno (Luxembourg) S.A. | TARENO (Luxembourg) S.A.","description":"Tareno (Luxembourg) SA. est l'un des g\u00e9rants de fortune ind\u00e9pendants au Luxembourg. En savoir plus sur nous et nos services.","robots":{"index":"index","follow":"follow","max-snippet":"max-snippet:-1","max-image-preview":"max-image-preview:large","max-video-preview":"max-video-preview:-1"},"canonical":"https:\/\/www.tareno.lu\/fr\/","og_locale":"fr_FR","og_type":"article","og_title":"Tareno (Luxembourg) S.A. | TARENO (Luxembourg) S.A.","og_description":"Tareno (Luxembourg) SA. est l'un des g\u00e9rants de fortune ind\u00e9pendants au Luxembourg. En savoir plus sur nous et nos services.","og_url":"https:\/\/www.tareno.lu\/fr\/","og_site_name":"Tareno (Luxembourg) S.A.","article_modified_time":"2026-01-21T18:04:52+00:00","twitter_card":"summary_large_image","twitter_misc":{"Dur\u00e9e de lecture estim\u00e9e":"1 minute"},"schema":{"@context":"https:\/\/schema.org","@graph":[{"@type":"WebPage","@id":"https:\/\/www.tareno.lu\/fr\/","url":"https:\/\/www.tareno.lu\/fr\/","name":"Tareno (Luxembourg) S.A. | TARENO (Luxembourg) S.A.","isPartOf":{"@id":"https:\/\/www.tareno.lu\/#website"},"datePublished":"2021-12-01T12:18:38+00:00","dateModified":"2026-01-21T18:04:52+00:00","description":"Tareno (Luxembourg) SA. est l'un des g\u00e9rants de fortune ind\u00e9pendants au Luxembourg. En savoir plus sur nous et nos services.","breadcrumb":{"@id":"https:\/\/www.tareno.lu\/fr\/#breadcrumb"},"inLanguage":"fr-FR","potentialAction":[{"@type":"ReadAction","target":["https:\/\/www.tareno.lu\/fr\/"]}]},{"@type":"BreadcrumbList","@id":"https:\/\/www.tareno.lu\/fr\/#breadcrumb","itemListElement":[{"@type":"ListItem","position":1,"name":"Startseite","item":"https:\/\/www.tareno.lu\/fr\/"},{"@type":"ListItem","position":2,"name":"TARENO (Luxembourg) S.A."}]},{"@type":"WebSite","@id":"https:\/\/www.tareno.lu\/#website","url":"https:\/\/www.tareno.lu\/","name":"Tareno (Luxembourg) S.A.","description":"International Asset Managers","potentialAction":[{"@type":"SearchAction","target":{"@type":"EntryPoint","urlTemplate":"https:\/\/www.tareno.lu\/?s={search_term_string}"},"query-input":{"@type":"PropertyValueSpecification","valueRequired":true,"valueName":"search_term_string"}}],"inLanguage":"fr-FR"}]}},"_links":{"self":[{"href":"https:\/\/www.tareno.lu\/fr\/wp-json\/wp\/v2\/pages\/6967","targetHints":{"allow":["GET"]}}],"collection":[{"href":"https:\/\/www.tareno.lu\/fr\/wp-json\/wp\/v2\/pages"}],"about":[{"href":"https:\/\/www.tareno.lu\/fr\/wp-json\/wp\/v2\/types\/page"}],"author":[{"embeddable":true,"href":"https:\/\/www.tareno.lu\/fr\/wp-json\/wp\/v2\/users\/7"}],"replies":[{"embeddable":true,"href":"https:\/\/www.tareno.lu\/fr\/wp-json\/wp\/v2\/comments?post=6967"}],"version-history":[{"count":5,"href":"https:\/\/www.tareno.lu\/fr\/wp-json\/wp\/v2\/pages\/6967\/revisions"}],"predecessor-version":[{"id":8599,"href":"https:\/\/www.tareno.lu\/fr\/wp-json\/wp\/v2\/pages\/6967\/revisions\/8599"}],"wp:attachment":[{"href":"https:\/\/www.tareno.lu\/fr\/wp-json\/wp\/v2\/media?parent=6967"}],"curies":[{"name":"wp","href":"https:\/\/api.w.org\/{rel}","templated":true}]}}