{"id":7733,"date":"2024-05-22T15:24:31","date_gmt":"2024-05-22T13:24:31","guid":{"rendered":"https:\/\/www.tareno.lu\/?page_id=7733"},"modified":"2024-05-22T15:47:39","modified_gmt":"2024-05-22T13:47:39","slug":"politique-de-confidentialite","status":"publish","type":"page","link":"https:\/\/www.tareno.lu\/fr\/politique-de-confidentialite\/","title":{"rendered":"Politique de confidentialit\u00e9"},"content":{"rendered":"<h3><\/h3>\n<h3>1. Objet de la politique de confidentialit\u00e9<\/h3>\n<p>Conform\u00e9ment aux articles 13 et 14 du R\u00e8glement g\u00e9n\u00e9ral sur la protection des donn\u00e9es de l&rsquo;UE n\u00b0 679\/2016 (ci-apr\u00e8s \u00ab RGPD \u00bb), la pr\u00e9sente politique de confidentialit\u00e9 vise \u00e0 vous informer des proc\u00e9dures de traitement des donn\u00e9es et de la protection de vos donn\u00e9es personnelles li\u00e9es \u00e0 notre site web, \u00e0 son contenu et \u00e0 nos services.<\/p>\n<p>Par \u00ab donn\u00e9es \u00e0 caract\u00e8re personnel \u00bb, on entend toutes les informations relatives \u00e0 une personne physique identifi\u00e9e ou identifiable. Une personne \u00ab identifiable \u00bb est une personne qui peut \u00eatre identifi\u00e9e directement ou indirectement.<\/p>\n<p>&nbsp;<\/p>\n<h3>2. Pour le responsable du traitement des donn\u00e9es et le d\u00e9l\u00e9gu\u00e9 \u00e0 la protection des donn\u00e9es<\/h3>\n<h5>2.1 LE RESPONSABLE DU TRAITEMENT DES DONN\u00c9ES<\/h5>\n<p>Le responsable du traitement des donn\u00e9es \u00e0 caract\u00e8re personnel est :<\/p>\n<p>Tareno (Luxembourg) S.A.<\/p>\n<p>3, rue de la Poste L-2346 Luxembourg<\/p>\n<p>T\u00e9l : +352 26 86 67 1<\/p>\n<p>E-mail : info@tareno.lu<\/p>\n<p>RCS Luxembourg B 107055<\/p>\n<p>N\u00b0 TVA LU 20592366<\/p>\n<p>&nbsp;<\/p>\n<h5>2.2 D\u00c9L\u00c9GU\u00c9 \u00c0 LA PROTECTION DES DONN\u00c9ES<\/h5>\n<p>Si vous avez des questions concernant le traitement de vos donn\u00e9es personnelles ou vos droits \u00e0 la vie priv\u00e9e, veuillez contacter le d\u00e9l\u00e9gu\u00e9 \u00e0 la protection des donn\u00e9es \u00e0 l&rsquo;adresse indiqu\u00e9e ci-dessus, \u00e0 l&rsquo;attention du d\u00e9l\u00e9gu\u00e9 \u00e0 la protection des donn\u00e9es, ou \u00e0 l&rsquo;adresse \u00e9lectronique suivante : info@tareno.lu.<\/p>\n<p>&nbsp;<\/p>\n<h3>3. Collecte et stockage des donn\u00e9es \u00e0 caract\u00e8re personnel et utilisation de ces donn\u00e9es<\/h3>\n<h5>3.1. FICHIERS D&rsquo;ENREGISTREMENT<\/h5>\n<p>Chaque fois que vous ouvrez notre site web, le navigateur que vous utilisez sur votre appareil envoie automatiquement des donn\u00e9es au serveur de notre site web pour qu&rsquo;elles soient stock\u00e9es dans les fichiers journaux du serveur. Ces donn\u00e9es consistent en des informations relatives \u00e0 une personne identifi\u00e9e ou identifiable. Les informations suivantes sont ainsi stock\u00e9es<\/p>\n<ul>\n<li>l&rsquo;adresse IP de votre appareil,<\/li>\n<li>la date et l&rsquo;heure de l&rsquo;appel au site web (demande au serveur de l&rsquo;h\u00e9bergeur),<\/li>\n<li>nom et URL du fichier appel\u00e9,<\/li>\n<li>URL du site web \u00e0 partir duquel vous avez appel\u00e9 notre site web,<\/li>\n<li>le type et la version du navigateur utilis\u00e9<\/li>\n<li>syst\u00e8me d&rsquo;exploitation utilis\u00e9 et le nom de votre fournisseur d&rsquo;acc\u00e8s.<\/li>\n<\/ul>\n<p>&nbsp;<\/p>\n<p>L&rsquo;objectif de ce traitement des donn\u00e9es est de garantir que notre site web peut \u00eatre ouvert et affich\u00e9 correctement sur votre appareil final. Les informations seront \u00e9galement utilis\u00e9es pour optimiser notre site web et assurer la s\u00e9curit\u00e9 et la stabilit\u00e9 de nos syst\u00e8mes.<\/p>\n<p>La base juridique du traitement est l&rsquo;article 6, paragraphe 1, point f), du RGPD. 6 (1) (f). Nous avons un int\u00e9r\u00eat l\u00e9gitime \u00e0 vous fournir un site web adapt\u00e9 \u00e0 votre navigateur et \u00e0 votre terminal. Vous avez le droit de vous opposer \u00e0 la fourniture de ces informations, mais si vous ne le faites pas, vous risquez de ne pas pouvoir utiliser tout ou partie de notre site web.<\/p>\n<p>Les informations trait\u00e9es ne seront stock\u00e9es que pendant la dur\u00e9e n\u00e9cessaire \u00e0 la r\u00e9alisation de l&rsquo;objectif vis\u00e9 ou pendant la p\u00e9riode de conservation l\u00e9gale.<\/p>\n<p>Le destinataire des informations est l&rsquo;h\u00f4te du serveur qui travaille dans le cadre d&rsquo;un accord de traitement des donn\u00e9es.<\/p>\n<p>&nbsp;<\/p>\n<h5>3.2. COOKIES<\/h5>\n<p>Nous utilisons des cookies sur notre site web. Les cookies sont des fichiers texte cr\u00e9\u00e9s automatiquement par votre navigateur et stock\u00e9s sur votre appareil lorsque vous visitez notre site web.<\/p>\n<p>Les cookies peuvent \u00eatre utilis\u00e9s pour m\u00e9moriser vos donn\u00e9es et vos param\u00e8tres sur un site web afin que vous n&rsquo;ayez pas \u00e0 indiquer ou \u00e0 saisir les m\u00eames informations \u00e0 chaque fois que vous visitez un site web. Les cookies contiennent un \u00ab Cookie ID \u00bb qui nous permet d&rsquo;identifier l&rsquo;appareil final sur lequel le cookie a \u00e9t\u00e9 stock\u00e9.<\/p>\n<p>Nous utilisons les types de cookies suivants sur notre site web :<\/p>\n<p>Les cookies de session, qui vous rendent identifiables, vous et\/ou votre appareil final, pendant que vous visitez notre site web. Les cookies de session sont automatiquement supprim\u00e9s chaque fois que vous quittez notre site web.<\/p>\n<p>L&rsquo;objectif de ce traitement est de faciliter l&rsquo;utilisation de notre site web en vous permettant de m\u00e9moriser vos param\u00e8tres.<\/p>\n<p>La base juridique du traitement est l&rsquo;article 6, paragraphe 1, point f), du RGPD. 6 (1) (f). Nous avons un int\u00e9r\u00eat l\u00e9gitime \u00e0 vous fournir un site web qui stocke vos param\u00e8tres personnels afin de vous faciliter l&rsquo;utilisation de notre site web.<\/p>\n<p>La plupart des navigateurs acceptent automatiquement les cookies, mais vous pouvez restreindre ou d\u00e9sactiver totalement notre utilisation des cookies dans les param\u00e8tres de votre navigateur. Si vous d\u00e9sactivez compl\u00e8tement les cookies, il se peut que vous ne puissiez pas utiliser toutes les fonctionnalit\u00e9s de notre site web. Vous pouvez \u00e9galement demander au syst\u00e8me de supprimer automatiquement les cookies lorsque vous fermez la fen\u00eatre du navigateur.<\/p>\n<p>Pour plus d&rsquo;informations sur la mani\u00e8re de supprimer les cookies et\/ou de modifier les param\u00e8tres des cookies dans les navigateurs les plus courants, consultez les liens suivants :<\/p>\n<ul>\n<li>Google Chrome : https:\/\/support.google.com\/chrome\/answer\/95647<\/li>\n<li>Mozilla Firefox : https:\/\/support.mozilla.org\/en-US\/kb\/delete-cookies-remove-info-websites-stored<\/li>\n<li>Apple Safari : https:\/\/support.apple.com\/kb\/ph51411?locale=en_GB<\/li>\n<li>Microsoft Internet Explorer : https:\/\/support.microsoft.com\/en-us\/help\/17442\/windows-internet-explorer-delete-manage-cookies<\/li>\n<\/ul>\n<p>&nbsp;<\/p>\n<p>Lorsque vous revenez sur notre site web, les cookies nous permettent de reconna\u00eetre automatiquement que votre adresse IP a d\u00e9j\u00e0 \u00e9t\u00e9 utilis\u00e9e sur notre site web. Des cookies de tiers peuvent \u00e9galement \u00eatre install\u00e9s par les fournisseurs de services que nous utilisons. Nous vous informerons s\u00e9par\u00e9ment de notre utilisation des cookies associ\u00e9s aux diff\u00e9rents services.<\/p>\n<p>&nbsp;<\/p>\n<h3>4. Liens vers des sites web de tiers<\/h3>\n<p>Notre site web peut contenir des liens vers des sites web de tiers. Le traitement des donn\u00e9es sur d&rsquo;autres sites web est effectu\u00e9 sous la responsabilit\u00e9 du tiers concern\u00e9, et ce traitement \u00e9chappe donc \u00e0 notre contr\u00f4le. Pour plus d&rsquo;informations, veuillez consulter les politiques de confidentialit\u00e9 des sites web de tiers concern\u00e9s.<\/p>\n<p>&nbsp;<\/p>\n<h3>5. S\u00e9curit\u00e9 des donn\u00e9es<\/h3>\n<p>Nous prot\u00e9geons notre site web et nos autres syst\u00e8mes en prenant des mesures techniques et organisationnelles appropri\u00e9es contre la perte, la destruction, l&rsquo;acc\u00e8s, la modification ou la diffusion de vos donn\u00e9es par des personnes non autoris\u00e9es. Malgr\u00e9 ces mesures, une protection totale contre tous les risques n&rsquo;est pas possible en raison de la nature de l&rsquo;internet.<\/p>\n<p>&nbsp;<\/p>\n<h3>6. Droits des personnes concern\u00e9es<\/h3>\n<p>Les personnes concern\u00e9es disposent de certains droits sous r\u00e9serve des conditions d\u00e9finies dans le GDPR. Chaque personne concern\u00e9e dispose g\u00e9n\u00e9ralement des droits suivants :<\/p>\n<ul>\n<li>Droit d&rsquo;acc\u00e8s de la personne concern\u00e9e (article 15 du RGPD) : vous avez le droit d&rsquo;obtenir des informations sur le traitement de vos donn\u00e9es \u00e0 caract\u00e8re personnel et sur ses principaux \u00e9l\u00e9ments.<\/li>\n<li>Droit de rectification (article 16 du RGPD) : vous avez le droit d&rsquo;exiger que les donn\u00e9es vous concernant soient rectifi\u00e9es et\/ou que les donn\u00e9es incompl\u00e8tes soient compl\u00e9t\u00e9es.<\/li>\n<li>Droit d&rsquo;opposition (Art. 21 GDPR) : dans la mesure o\u00f9 vos donn\u00e9es personnelles sont trait\u00e9es sur la base d&rsquo;int\u00e9r\u00eats l\u00e9gitimes au sens de l&rsquo;article 6 (1) (f) GDPR, vous avez le droit de vous opposer \u00e0 ce traitement pour des raisons tenant \u00e0 votre situation particuli\u00e8re (sans pr\u00e9judice de nos int\u00e9r\u00eats imp\u00e9rieux l\u00e9galement prot\u00e9g\u00e9s) et\/ou de vous opposer \u00e0 la publicit\u00e9 directe. Si vous souhaitez exercer votre droit d&rsquo;opposition, vous pouvez nous envoyer un courrier \u00e9lectronique \u00e0 l&rsquo;adresse suivante : info@tareno.lu. Nous conserverons un fichier dans lequel les informations pertinentes des personnes ayant exerc\u00e9 leur droit d&rsquo;opposition seront trait\u00e9es afin de respecter les souhaits de la personne concern\u00e9e. Les informations contenues dans la liste d&rsquo;exclusion seront conserv\u00e9es pendant trois ans, puis supprim\u00e9es.<\/li>\n<li>Droit \u00e0 l&rsquo;effacement (GDPR Art. 17) : sous certaines conditions, vous avez le droit d&rsquo;obtenir l&rsquo;effacement de vos donn\u00e9es personnelles stock\u00e9es par nous, par exemple si les donn\u00e9es personnelles ne sont plus n\u00e9cessaires au regard des finalit\u00e9s pour lesquelles elles ont \u00e9t\u00e9 collect\u00e9es ou si vous avez formul\u00e9 une objection l\u00e9gitime au traitement des donn\u00e9es. Le droit \u00e0 l&rsquo;effacement n&rsquo;est pas toujours applicable, en particulier si le traitement est n\u00e9cessaire \u00e0 l&rsquo;exercice du droit \u00e0 la libert\u00e9 d&rsquo;expression et d&rsquo;information, au respect d&rsquo;une obligation l\u00e9gale, \u00e0 des motifs d&rsquo;int\u00e9r\u00eat public ou \u00e0 la constatation, \u00e0 l&rsquo;exercice ou \u00e0 la d\u00e9fense d&rsquo;un droit en justice.<\/li>\n<li>Droit \u00e0 la limitation du traitement (GDPR Art. 18 et suivants) : vous avez le droit d&rsquo;obtenir la limitation du traitement de vos donn\u00e9es personnelles sous certaines conditions, notamment si vous contestez l&rsquo;exactitude des donn\u00e9es mais que vous ne souhaitez pas obtenir l&rsquo;effacement des donn\u00e9es ; si nous n&rsquo;avons plus besoin des informations mais que vous en avez besoin pour la constatation, l&rsquo;exercice ou la d\u00e9fense d&rsquo;un droit en justice, ou si vous avez formul\u00e9 une objection l\u00e9gitime au traitement des donn\u00e9es.<\/li>\n<li>Droit \u00e0 la portabilit\u00e9 des donn\u00e9es (GDPR Art. 20) : dans certains cas d\u00e9finis par la loi, vous avez le droit de recevoir les donn\u00e9es \u00e0 caract\u00e8re personnel que vous nous avez fournies, dans un format structur\u00e9, couramment utilis\u00e9 et lisible par machine, et vous avez le droit de transmettre ces donn\u00e9es \u00e0 un autre responsable du traitement.<\/li>\n<\/ul>\n<p>&nbsp;<\/p>\n<p>Nous vous informons en outre que le consentement que vous avez donn\u00e9 peut \u00eatre retir\u00e9 \u00e0 tout moment, auquel cas nous ne serons pas autoris\u00e9s \u00e0 poursuivre \u00e0 l&rsquo;avenir le traitement des donn\u00e9es fond\u00e9 sur ce consentement, sans pr\u00e9judice de la l\u00e9galit\u00e9 du traitement effectu\u00e9 sur la base de ce consentement avant le moment du retrait.<\/p>\n<p>Nous nous r\u00e9servons le droit d&rsquo;obtenir une confirmation de votre identit\u00e9 lorsque vous nous demandez des informations et des documents.<\/p>\n<p>Nous vous encourageons \u00e0 nous envoyer toute demande ou question concernant vos droits \u00e0 info@tareno.lu adresse \u00e9lectronique (du d\u00e9l\u00e9gu\u00e9 \u00e0 la protection des donn\u00e9es le cas \u00e9ch\u00e9ant)]. Si vous estimez que le traitement de vos donn\u00e9es n&rsquo;est pas conforme au GDPR, vous avez le droit de d\u00e9poser une plainte aupr\u00e8s de l&rsquo;autorit\u00e9 comp\u00e9tente en mati\u00e8re de protection des donn\u00e9es (cf. www.cnpd.lu).<\/p>\n<p>&nbsp;<\/p>\n<h3>7. Modifications de la politique de confidentialit\u00e9<\/h3>\n<p>Il peut s&rsquo;av\u00e9rer n\u00e9cessaire d&rsquo;adapter la pr\u00e9sente politique de confidentialit\u00e9 en cas de changements dans les proc\u00e9dures de notre entreprise ou de modifications des lois applicables. Vous serez inform\u00e9 en temps utile de toute modification de ce type. Veuillez consulter la politique de confidentialit\u00e9 en vigueur lorsque vous visitez notre site web.<\/p>\n<p>&nbsp;<\/p>\n","protected":false},"excerpt":{"rendered":"<p>1. Objet de la politique de confidentialit\u00e9 Conform\u00e9ment aux articles 13 et 14 du R\u00e8glement g\u00e9n\u00e9ral sur la protection des donn\u00e9es de l&rsquo;UE n\u00b0 679\/2016 (ci-apr\u00e8s \u00ab RGPD \u00bb), la pr\u00e9sente politique de confidentialit\u00e9 vise \u00e0 vous informer des proc\u00e9dures de traitement des donn\u00e9es et de la protection de vos donn\u00e9es personnelles li\u00e9es \u00e0 notre<br \/><a class=\"moretag\" href=\"https:\/\/www.tareno.lu\/fr\/politique-de-confidentialite\/\"> read more <span class=\"glyphicon glyphicon-menu-right\"><\/span><\/a><\/p>\n","protected":false},"author":16,"featured_media":0,"parent":0,"menu_order":0,"comment_status":"closed","ping_status":"closed","template":"sidebar.php","meta":{"footnotes":""},"class_list":["post-7733","page","type-page","status-publish","hentry"],"yoast_head":"<!-- This site is optimized with the Yoast SEO plugin v27.5 - https:\/\/yoast.com\/product\/yoast-seo-wordpress\/ -->\n<title>Tareno (Luxembourg) S.A. | Politique de confidentialit\u00e9<\/title>\n<meta name=\"description\" content=\"1. Objet de la politique de confidentialit\u00e9 Conform\u00e9ment aux articles 13 et 14 du R\u00e8glement g\u00e9n\u00e9ral sur la protection des donn\u00e9es de l&#039;UE n\u00b0 679\/2016\" \/>\n<meta name=\"robots\" content=\"index, follow, max-snippet:-1, max-image-preview:large, max-video-preview:-1\" \/>\n<link rel=\"canonical\" href=\"https:\/\/www.tareno.lu\/fr\/politique-de-confidentialite\/\" \/>\n<meta property=\"og:locale\" content=\"fr_FR\" \/>\n<meta property=\"og:type\" content=\"article\" \/>\n<meta property=\"og:title\" content=\"Tareno (Luxembourg) S.A. | Politique de confidentialit\u00e9\" \/>\n<meta property=\"og:description\" content=\"1. Objet de la politique de confidentialit\u00e9 Conform\u00e9ment aux articles 13 et 14 du R\u00e8glement g\u00e9n\u00e9ral sur la protection des donn\u00e9es de l&#039;UE n\u00b0 679\/2016\" \/>\n<meta property=\"og:url\" content=\"https:\/\/www.tareno.lu\/fr\/politique-de-confidentialite\/\" \/>\n<meta property=\"og:site_name\" content=\"Tareno (Luxembourg) S.A.\" \/>\n<meta property=\"article:modified_time\" content=\"2024-05-22T13:47:39+00:00\" \/>\n<meta name=\"twitter:card\" content=\"summary_large_image\" \/>\n<meta name=\"twitter:label1\" content=\"Dur\u00e9e de lecture estim\u00e9e\" \/>\n\t<meta name=\"twitter:data1\" content=\"8 minutes\" \/>\n<script type=\"application\/ld+json\" class=\"yoast-schema-graph\">{\"@context\":\"https:\\\/\\\/schema.org\",\"@graph\":[{\"@type\":\"WebPage\",\"@id\":\"https:\\\/\\\/www.tareno.lu\\\/fr\\\/politique-de-confidentialite\\\/\",\"url\":\"https:\\\/\\\/www.tareno.lu\\\/fr\\\/politique-de-confidentialite\\\/\",\"name\":\"Tareno (Luxembourg) S.A. | Politique de confidentialit\u00e9\",\"isPartOf\":{\"@id\":\"https:\\\/\\\/www.tareno.lu\\\/#website\"},\"datePublished\":\"2024-05-22T13:24:31+00:00\",\"dateModified\":\"2024-05-22T13:47:39+00:00\",\"description\":\"1. Objet de la politique de confidentialit\u00e9 Conform\u00e9ment aux articles 13 et 14 du R\u00e8glement g\u00e9n\u00e9ral sur la protection des donn\u00e9es de l'UE n\u00b0 679\\\/2016\",\"breadcrumb\":{\"@id\":\"https:\\\/\\\/www.tareno.lu\\\/fr\\\/politique-de-confidentialite\\\/#breadcrumb\"},\"inLanguage\":\"fr-FR\",\"potentialAction\":[{\"@type\":\"ReadAction\",\"target\":[\"https:\\\/\\\/www.tareno.lu\\\/fr\\\/politique-de-confidentialite\\\/\"]}]},{\"@type\":\"BreadcrumbList\",\"@id\":\"https:\\\/\\\/www.tareno.lu\\\/fr\\\/politique-de-confidentialite\\\/#breadcrumb\",\"itemListElement\":[{\"@type\":\"ListItem\",\"position\":1,\"name\":\"Startseite\",\"item\":\"https:\\\/\\\/www.tareno.lu\\\/fr\\\/\"},{\"@type\":\"ListItem\",\"position\":2,\"name\":\"Politique de confidentialit\u00e9\"}]},{\"@type\":\"WebSite\",\"@id\":\"https:\\\/\\\/www.tareno.lu\\\/#website\",\"url\":\"https:\\\/\\\/www.tareno.lu\\\/\",\"name\":\"Tareno (Luxembourg) S.A.\",\"description\":\"International Asset Managers\",\"potentialAction\":[{\"@type\":\"SearchAction\",\"target\":{\"@type\":\"EntryPoint\",\"urlTemplate\":\"https:\\\/\\\/www.tareno.lu\\\/?s={search_term_string}\"},\"query-input\":{\"@type\":\"PropertyValueSpecification\",\"valueRequired\":true,\"valueName\":\"search_term_string\"}}],\"inLanguage\":\"fr-FR\"}]}<\/script>\n<!-- \/ Yoast SEO plugin. -->","yoast_head_json":{"title":"Tareno (Luxembourg) S.A. | Politique de confidentialit\u00e9","description":"1. Objet de la politique de confidentialit\u00e9 Conform\u00e9ment aux articles 13 et 14 du R\u00e8glement g\u00e9n\u00e9ral sur la protection des donn\u00e9es de l'UE n\u00b0 679\/2016","robots":{"index":"index","follow":"follow","max-snippet":"max-snippet:-1","max-image-preview":"max-image-preview:large","max-video-preview":"max-video-preview:-1"},"canonical":"https:\/\/www.tareno.lu\/fr\/politique-de-confidentialite\/","og_locale":"fr_FR","og_type":"article","og_title":"Tareno (Luxembourg) S.A. | Politique de confidentialit\u00e9","og_description":"1. Objet de la politique de confidentialit\u00e9 Conform\u00e9ment aux articles 13 et 14 du R\u00e8glement g\u00e9n\u00e9ral sur la protection des donn\u00e9es de l'UE n\u00b0 679\/2016","og_url":"https:\/\/www.tareno.lu\/fr\/politique-de-confidentialite\/","og_site_name":"Tareno (Luxembourg) S.A.","article_modified_time":"2024-05-22T13:47:39+00:00","twitter_card":"summary_large_image","twitter_misc":{"Dur\u00e9e de lecture estim\u00e9e":"8 minutes"},"schema":{"@context":"https:\/\/schema.org","@graph":[{"@type":"WebPage","@id":"https:\/\/www.tareno.lu\/fr\/politique-de-confidentialite\/","url":"https:\/\/www.tareno.lu\/fr\/politique-de-confidentialite\/","name":"Tareno (Luxembourg) S.A. | Politique de confidentialit\u00e9","isPartOf":{"@id":"https:\/\/www.tareno.lu\/#website"},"datePublished":"2024-05-22T13:24:31+00:00","dateModified":"2024-05-22T13:47:39+00:00","description":"1. Objet de la politique de confidentialit\u00e9 Conform\u00e9ment aux articles 13 et 14 du R\u00e8glement g\u00e9n\u00e9ral sur la protection des donn\u00e9es de l'UE n\u00b0 679\/2016","breadcrumb":{"@id":"https:\/\/www.tareno.lu\/fr\/politique-de-confidentialite\/#breadcrumb"},"inLanguage":"fr-FR","potentialAction":[{"@type":"ReadAction","target":["https:\/\/www.tareno.lu\/fr\/politique-de-confidentialite\/"]}]},{"@type":"BreadcrumbList","@id":"https:\/\/www.tareno.lu\/fr\/politique-de-confidentialite\/#breadcrumb","itemListElement":[{"@type":"ListItem","position":1,"name":"Startseite","item":"https:\/\/www.tareno.lu\/fr\/"},{"@type":"ListItem","position":2,"name":"Politique de confidentialit\u00e9"}]},{"@type":"WebSite","@id":"https:\/\/www.tareno.lu\/#website","url":"https:\/\/www.tareno.lu\/","name":"Tareno (Luxembourg) S.A.","description":"International Asset Managers","potentialAction":[{"@type":"SearchAction","target":{"@type":"EntryPoint","urlTemplate":"https:\/\/www.tareno.lu\/?s={search_term_string}"},"query-input":{"@type":"PropertyValueSpecification","valueRequired":true,"valueName":"search_term_string"}}],"inLanguage":"fr-FR"}]}},"_links":{"self":[{"href":"https:\/\/www.tareno.lu\/fr\/wp-json\/wp\/v2\/pages\/7733","targetHints":{"allow":["GET"]}}],"collection":[{"href":"https:\/\/www.tareno.lu\/fr\/wp-json\/wp\/v2\/pages"}],"about":[{"href":"https:\/\/www.tareno.lu\/fr\/wp-json\/wp\/v2\/types\/page"}],"author":[{"embeddable":true,"href":"https:\/\/www.tareno.lu\/fr\/wp-json\/wp\/v2\/users\/16"}],"replies":[{"embeddable":true,"href":"https:\/\/www.tareno.lu\/fr\/wp-json\/wp\/v2\/comments?post=7733"}],"version-history":[{"count":8,"href":"https:\/\/www.tareno.lu\/fr\/wp-json\/wp\/v2\/pages\/7733\/revisions"}],"predecessor-version":[{"id":7752,"href":"https:\/\/www.tareno.lu\/fr\/wp-json\/wp\/v2\/pages\/7733\/revisions\/7752"}],"wp:attachment":[{"href":"https:\/\/www.tareno.lu\/fr\/wp-json\/wp\/v2\/media?parent=7733"}],"curies":[{"name":"wp","href":"https:\/\/api.w.org\/{rel}","templated":true}]}}